{"id":8280,"date":"2024-02-27T17:04:37","date_gmt":"2024-02-27T14:04:37","guid":{"rendered":"https:\/\/elevatorsan.com\/?post_type=product&#038;p=8280"},"modified":"2026-04-22T11:40:49","modified_gmt":"2026-04-22T08:40:49","slug":"dikey-kovali-elevator-kasa-tip","status":"publish","type":"product","link":"https:\/\/elevatorsan.com\/ar\/urun\/dikey-kovali-elevator-kasa-tip\/","title":{"rendered":"Dikey Koval\u0131 Elevat\u00f6r Kasa Tip"},"content":{"rendered":"<ul>\n<li>Elevatorsan Koval\u0131 elevat\u00f6rleri, Her t\u00fcrl\u00fc Toz ve Taneli G\u0131da &amp; End\u00fcstriyel \u00dcr\u00fcnlerin dikey olarak verimli ta\u015f\u0131nmas\u0131nda \u00e7\u00f6z\u00fcler sunar. Tamamen kapal\u0131 tip Elevat\u00f6rler \u0130stenilen mesafelerde \u00e7oklu d\u00f6k\u00fc\u015f yapabilir.<\/li>\n<li>\u00a0\u00dcr\u00fcn d\u00f6k\u00fc\u015f noktas\u0131nda da kovalar kendi a\u011f\u0131rl\u0131\u011f\u0131yla devrilir ve \u00fcr\u00fcn zarars\u0131z \u015fekilde aktar\u0131lm\u0131\u015f olur.<\/li>\n<li>Mod\u00fcler Tasar\u0131m: Elevatorsan Koval\u0131 elevat\u00f6rleri tamamen c\u0131vatal\u0131 birle\u015fim\/ Mod\u00fcler olarak tasarlan\u0131r ve \u00fcretilir. \u0130htiya\u00e7 halinde daha sonra boyutlar\u0131 de\u011fi\u015ftirilebilir, Kovalar\u0131 Kolayl\u0131kla yenilenebilir. De\u011fi\u015fken kapasite beklentilerine g\u00f6re farkl\u0131 hacimlerde kova se\u00e7enekleri mevcuttur.<div style=\"width: 480px;\" class=\"wp-video\"><video class=\"wp-video-shortcode\" id=\"video-8280-1\" width=\"480\" height=\"864\" preload=\"metadata\" controls=\"controls\"><source type=\"video\/mp4\" src=\"http:\/\/elevatorsan.com\/wp-content\/uploads\/2024\/02\/25x25-KASA-TIP-ELEVATOR-GALVANIZ-METAL-KOVALI.mp4?_=1\" \/><a href=\"http:\/\/elevatorsan.com\/wp-content\/uploads\/2024\/02\/25x25-KASA-TIP-ELEVATOR-GALVANIZ-METAL-KOVALI.mp4\">http:\/\/elevatorsan.com\/wp-content\/uploads\/2024\/02\/25x25-KASA-TIP-ELEVATOR-GALVANIZ-METAL-KOVALI.mp4<\/a><\/video><\/div><\/li>\n<\/ul>\n","protected":false},"excerpt":{"rendered":"<ul>\n<li>Elevatorsan Koval\u0131 elevat\u00f6rleri, Her t\u00fcrl\u00fc Toz ve Taneli G\u0131da &amp; End\u00fcstriyel \u00dcr\u00fcnlerin dikey olarak verimli ta\u015f\u0131nmas\u0131nda \u00e7\u00f6z\u00fcler sunar. Tamamen kapal\u0131 tip Elevat\u00f6rler \u0130stenilen mesafelerde \u00e7oklu d\u00f6k\u00fc\u015f yapabilir.<\/li>\n<li>Mod\u00fcler Tasar\u0131m: Elevatorsan Koval\u0131 elevat\u00f6rleri tamamen c\u0131vatal\u0131 birle\u015fim\/ Mod\u00fcler olarak tasarlan\u0131r ve \u00fcretilir. \u0130htiya\u00e7 halinde daha sonra boyutlar\u0131 de\u011fi\u015ftirilebilir, Kovalar\u0131 Kolayl\u0131kla yenilenebilir. De\u011fi\u015fken kapasite beklentilerine g\u00f6re farkl\u0131 hacimlerde kova se\u00e7enekleri mevcuttur.<\/li>\n<li>\n<h4 style=\"font-weight: 600;\">DIKEY KOVALI ELEVAT\u00d6R<\/h4>\n<p style=\"font-weight: 400;\">Dikey Koval\u0131 elevat\u00f6rler; malzemenin bir noktadan istenilen noktaya dikey olarak ta\u015f\u0131nmas\u0131nda kullan\u0131lan mekanik ta\u015f\u0131ma sistemidir. \u00d6zellikle a\u011f\u0131r ve y\u00fcksek miktarda dikey ta\u015f\u0131nmas\u0131 gereken toz, bu\u011fday, arpa ve gran\u00fcl gibi y\u0131\u011f\u0131n malzemelerin ta\u015f\u0131nmas\u0131nda \u00e7ok kullan\u0131\u015fl\u0131d\u0131r. Y\u0131\u011f\u0131n halindeki \u00fcr\u00fcn\u00fc kovalar yard\u0131m\u0131yla kaz\u0131yarak ta\u015f\u0131ma yapt\u0131\u011f\u0131 i\u00e7in k\u0131r\u0131lganl\u0131k problemi olmayan \u00fcr\u00fcnlerin ta\u015f\u0131nmas\u0131nda tercih edilir.<\/p>\n<h4 style=\"font-weight: 600;\">\u00c7ALI\u015eMA PRENSIBI;<\/h4>\n<p style=\"font-weight: 400;\">Makine i\u00e7indeki kay\u0131\u015fa ba\u011fl\u0131 kovalar\u0131n d\u00f6nme esnas\u0131nda merkez-ka\u00e7 kuvveti ile \u00fcr\u00fcn bo\u015faltmas\u0131 sayesinde ta\u015f\u0131ma i\u015flemi ger\u00e7ekle\u015ftirilir.<\/p>\n<\/li>\n<li>\n<h2 class=\"icoTitle benefitsTitle\">Faydalar<\/h2>\n<p>\u2022 Yerinde, kolay kurulum ve bak\u0131m<br \/>\n\u2022 G\u00fcvenli i\u015fletim<br \/>\n\u2022 Dayan\u0131kl\u0131<\/p>\n<p>[video width=\"480\" height=\"864\" mp4=\"http:\/\/elevatorsan.com\/wp-content\/uploads\/2024\/02\/25x25-KASA-TIP-ELEVATOR-GALVANIZ-METAL-KOVALI.mp4\"][\/video]<\/li>\n<\/ul>\n","protected":false},"featured_media":8281,"template":"","meta":{"_joinchat":[]},"product_brand":[],"product_cat":[15,691,687],"product_tag":[302,316,303,314,312,309,315,307,308,311,313,317],"class_list":{"0":"post-8280","1":"product","2":"type-product","3":"status-publish","4":"has-post-thumbnail","6":"product_cat-genel","7":"product_cat-kasa-tip-elevatorler","8":"product_cat-kovali-elevator","9":"product_tag-arpa","10":"product_tag-bakliyat-tasima-elevator","11":"product_tag-bugday","12":"product_tag-dikey-kasa-tip-elevator","13":"product_tag-dikey-kovali-elevator","14":"product_tag-fasulye","15":"product_tag-hububat-tasima-elevator","16":"product_tag-kinoa","17":"product_tag-nohut","18":"product_tag-tahil-aktarma-elevatoru","19":"product_tag-urun-dikey-tasima-asansoru","20":"product_tag-x","22":"first","23":"instock","24":"shipping-taxable","25":"product-type-simple"},"aioseo_notices":[],"_links":{"self":[{"href":"https:\/\/elevatorsan.com\/ar\/wp-json\/wp\/v2\/product\/8280","targetHints":{"allow":["GET"]}}],"collection":[{"href":"https:\/\/elevatorsan.com\/ar\/wp-json\/wp\/v2\/product"}],"about":[{"href":"https:\/\/elevatorsan.com\/ar\/wp-json\/wp\/v2\/types\/product"}],"version-history":[{"count":5,"href":"https:\/\/elevatorsan.com\/ar\/wp-json\/wp\/v2\/product\/8280\/revisions"}],"predecessor-version":[{"id":10350,"href":"https:\/\/elevatorsan.com\/ar\/wp-json\/wp\/v2\/product\/8280\/revisions\/10350"}],"wp:featuredmedia":[{"embeddable":true,"href":"https:\/\/elevatorsan.com\/ar\/wp-json\/wp\/v2\/media\/8281"}],"wp:attachment":[{"href":"https:\/\/elevatorsan.com\/ar\/wp-json\/wp\/v2\/media?parent=8280"}],"wp:term":[{"taxonomy":"product_brand","embeddable":true,"href":"https:\/\/elevatorsan.com\/ar\/wp-json\/wp\/v2\/product_brand?post=8280"},{"taxonomy":"product_cat","embeddable":true,"href":"https:\/\/elevatorsan.com\/ar\/wp-json\/wp\/v2\/product_cat?post=8280"},{"taxonomy":"product_tag","embeddable":true,"href":"https:\/\/elevatorsan.com\/ar\/wp-json\/wp\/v2\/product_tag?post=8280"}],"curies":[{"name":"wp","href":"https:\/\/api.w.org\/{rel}","templated":true}]}}