{"id":8291,"date":"2024-02-27T17:24:18","date_gmt":"2024-02-27T14:24:18","guid":{"rendered":"https:\/\/elevatorsan.com\/?post_type=product&#038;p=8291"},"modified":"2026-04-22T11:40:38","modified_gmt":"2026-04-22T08:40:38","slug":"dikey-z-kovali-elevator","status":"publish","type":"product","link":"https:\/\/elevatorsan.com\/ar\/urun\/dikey-z-kovali-elevator\/","title":{"rendered":"Dikey Z Koval\u0131 Elevat\u00f6r"},"content":{"rendered":"<h3>Sonsuz Koval\u0131 Z Elevat\u00f6rler<\/h3>\n<div class=\"text\">\n<p>T\u00fcm tar\u0131m \u00fcr\u00fcnlerinin dikey ve yatay ta\u015f\u0131nmas\u0131nda gereksinim duyulan bir makinedir. En \u00f6nemli \u00f6zelli\u011fi \u00fcr\u00fcn ta\u015f\u0131ma s\u0131ras\u0131nda \u00fcr\u00fcne kesinlikle zarar vermemesidir ve makinenin y\u00fckseklik\/geni\u015flik i\u015fleve g\u00f6re imal edilebilir.<\/p>\n<p align=\"justify\"><b>Z Tipi Dikey Elevator&#8217;un G\u00f6revi:<\/b><\/p>\n<p align=\"justify\">T\u00fcm tar\u0131m \u00fcr\u00fcnlerinin dikey ve yatay ta\u015f\u0131nmas\u0131nda gereksinim duyulan bir makinedir. En \u00f6nemli \u00f6zelli\u011fi \u00fcr\u00fcn ta\u015f\u0131ma s\u0131ras\u0131nda \u00fcr\u00fcne kesinlikle zarar vermemesidir ve makinenin y\u00fckseklik\/geni\u015flik i\u015fleve g\u00f6re imal edilebilir. Daha \u00e7ok k\u0131r\u0131lganl\u0131\u011f\u0131 y\u00fcksek bakliyat \u00e7e\u015fitlerinin ta\u015f\u0131nmas\u0131nda kullan\u0131lmaktad\u0131r. Sabit ve seyyar modelleri vard\u0131r. De\u011fi\u015fik \u00f6l\u00e7\u00fclerde imal edilebilir.<\/p>\n<p align=\"justify\"><b>Z Tipi Dikey Elevator&#8217;un \u00c7al\u0131\u015fma Prensibi:<\/b><\/p>\n<p align=\"justify\">\u0130letici vibro sarsak yard\u0131m\u0131 ile ya da el ile makine \u00fczerine d\u00f6k\u00fclen \u00fcr\u00fcn birbiri ard\u0131na dizilmi\u015f olan ve zincirler taraf\u0131ndan ta\u015f\u0131nan plastik kovalar arac\u0131l\u0131\u011f\u0131 ile gidece\u011fi noktaya do\u011fru iletilir. Zincirler d\u00f6rt adet di\u015fli etraf\u0131nda sonsuz olarak d\u00f6ner.<\/p>\n<\/div>\n","protected":false},"excerpt":{"rendered":"<ul>\n<li>Elevatorsan Koval\u0131 elevat\u00f6rleri, Her t\u00fcrl\u00fc Toz ve Taneli G\u0131da &amp; End\u00fcstriyel \u00dcr\u00fcnlerin dikey olarak verimli ta\u015f\u0131nmas\u0131nda \u00e7\u00f6z\u00fcler sunar. Tamamen kapal\u0131 tip Elevat\u00f6rler \u0130stenilen mesafelerde \u00e7oklu d\u00f6k\u00fc\u015f yapabilir.<\/li>\n<li>Hassas Ta\u015f\u0131ma: Elevat\u00f6rsan koval\u0131 elevat\u00f6rleri, \u00d6zellkle G\u0131da sekt\u00f6r\u00fcndeki k\u0131r\u0131lgan \u00fcr\u00fcnlerin ta\u015f\u0131ma esnas\u0131nda zarar g\u00f6rmemesi i\u00e7in son teknoloji ile tasarlanm\u0131\u015ft\u0131r. Ta\u015f\u0131ma esnas\u0131nda kovalar \u00fcr\u00fcn al\u0131\u015f noktas\u0131nda birle\u015fir ve alt\u0131nda kesinlikle \u00fcr\u00fcn ka\u00e7\u0131rmaz, \u00dcr\u00fcn d\u00f6k\u00fc\u015f noktas\u0131nda da kovalar kendi a\u011f\u0131rl\u0131\u011f\u0131yla devrilir ve \u00fcr\u00fcn zarars\u0131z \u015fekilde aktar\u0131lm\u0131\u015f olur.<\/li>\n<li>Mod\u00fcler Tasar\u0131m: Elevatorsan Koval\u0131 elevat\u00f6rleri tamamen c\u0131vatal\u0131 birle\u015fim\/ Mod\u00fcler olarak tasarlan\u0131r ve \u00fcretilir. \u0130htiya\u00e7 halinde daha sonra boyutlar\u0131 de\u011fi\u015ftirilebilir, Kovalar\u0131 Kolayl\u0131kla yenilenebilir. En yayg\u0131n olan Z ve C tipi elavat\u00f6rlerdir. De\u011fi\u015fken kapasite beklentilerine g\u00f6re farkl\u0131 hacimlerde kova se\u00e7enekleri mevcuttur.<\/li>\n<\/ul>\n","protected":false},"featured_media":8292,"template":"","meta":{"_joinchat":[]},"product_brand":[],"product_cat":[15,687,692],"product_tag":[302,301,303,321,327,325,300,307,324,326,323,322],"class_list":{"0":"post-8291","1":"product","2":"type-product","3":"status-publish","4":"has-post-thumbnail","6":"product_cat-genel","7":"product_cat-kovali-elevator","8":"product_cat-z-tip-elevatorler","9":"product_tag-arpa","10":"product_tag-bakliyat","11":"product_tag-bugday","12":"product_tag-dik-z-elevator","13":"product_tag-gida-asansoru","14":"product_tag-gida-tasima","15":"product_tag-hububat","16":"product_tag-kinoa","17":"product_tag-paketleme-elevatoru","18":"product_tag-tahil-elevatoru","19":"product_tag-urun-aktarma-elevatoru","20":"product_tag-z-tipi-tasima-elevatoru","22":"first","23":"instock","24":"shipping-taxable","25":"product-type-simple"},"aioseo_notices":[],"_links":{"self":[{"href":"https:\/\/elevatorsan.com\/ar\/wp-json\/wp\/v2\/product\/8291","targetHints":{"allow":["GET"]}}],"collection":[{"href":"https:\/\/elevatorsan.com\/ar\/wp-json\/wp\/v2\/product"}],"about":[{"href":"https:\/\/elevatorsan.com\/ar\/wp-json\/wp\/v2\/types\/product"}],"version-history":[{"count":5,"href":"https:\/\/elevatorsan.com\/ar\/wp-json\/wp\/v2\/product\/8291\/revisions"}],"predecessor-version":[{"id":11708,"href":"https:\/\/elevatorsan.com\/ar\/wp-json\/wp\/v2\/product\/8291\/revisions\/11708"}],"wp:featuredmedia":[{"embeddable":true,"href":"https:\/\/elevatorsan.com\/ar\/wp-json\/wp\/v2\/media\/8292"}],"wp:attachment":[{"href":"https:\/\/elevatorsan.com\/ar\/wp-json\/wp\/v2\/media?parent=8291"}],"wp:term":[{"taxonomy":"product_brand","embeddable":true,"href":"https:\/\/elevatorsan.com\/ar\/wp-json\/wp\/v2\/product_brand?post=8291"},{"taxonomy":"product_cat","embeddable":true,"href":"https:\/\/elevatorsan.com\/ar\/wp-json\/wp\/v2\/product_cat?post=8291"},{"taxonomy":"product_tag","embeddable":true,"href":"https:\/\/elevatorsan.com\/ar\/wp-json\/wp\/v2\/product_tag?post=8291"}],"curies":[{"name":"wp","href":"https:\/\/api.w.org\/{rel}","templated":true}]}}