{"id":8300,"date":"2024-02-27T17:37:47","date_gmt":"2024-02-27T14:37:47","guid":{"rendered":"https:\/\/elevatorsan.com\/?post_type=product&#038;p=8300"},"modified":"2026-04-22T11:40:34","modified_gmt":"2026-04-22T08:40:34","slug":"yatay-z-kovali-elevator","status":"publish","type":"product","link":"https:\/\/elevatorsan.com\/ar\/urun\/yatay-z-kovali-elevator\/","title":{"rendered":"Yatay Z Koval\u0131 Elevat\u00f6r"},"content":{"rendered":"<p class=\"name\"><strong>Yatay\u00a0 Z Tipi Elevat\u00f6r<\/strong><\/p>\n<p>&nbsp;<\/p>\n<div align=\"justify\">Z asans\u00f6r\u00fc t\u00fcm tah\u0131l, tohum ve bakliyat \u00fcr\u00fcnlerinin hem dikey hem de \u00e7apraz ta\u015f\u0131nmas\u0131 i\u00e7in gereklidir.\u00a0Makinenin en \u00f6nemli \u00f6zelli\u011fi ta\u015f\u0131ma s\u0131ras\u0131nda \u00fcr\u00fcne zarar vermemesi ve tesislerde mesafenin zor oldu\u011fu durumlarda bu asans\u00f6r\u00fcn sahip oldu\u011fu esnekliktir.\u00a0Makinenin hem sabit hem de ta\u015f\u0131nabilir modelleri bulunmaktad\u0131r.<\/div>\n<div align=\"justify\">\n<div><b>Z Tipi Asans\u00f6r E\u011fimli Fonksiyonu:<\/b><\/div>\n<div>Z asans\u00f6r\u00fc t\u00fcm tah\u0131l, tohum ve bakliyat \u00fcr\u00fcnlerinin hem dikey hem de \u00e7apraz ta\u015f\u0131nmas\u0131 i\u00e7in gereklidir.\u00a0Makinenin en \u00f6nemli \u00f6zelli\u011fi ta\u015f\u0131ma s\u0131ras\u0131nda \u00fcr\u00fcne zarar vermemesi ve tesislerde mesafenin zor oldu\u011fu durumlarda bu asans\u00f6r\u00fcn sahip oldu\u011fu esnekliktir.\u00a0Makinenin hem sabit hem de ta\u015f\u0131nabilir modelleri bulunmaktad\u0131r.<\/div>\n<div><\/div>\n<div><b>\u00a0<\/b><\/div>\n<div><b>Z Tipi Asans\u00f6r Yatay \u00c7al\u0131\u015fma Prensibi:<\/b><\/div>\n<div>\u00dcr\u00fcn manuel olarak veya manyetik besleyici ile makineye d\u00f6k\u00fcl\u00fcr.<\/div>\n<div>Mahsuller, zincirlerle ta\u015f\u0131nan bir dizi plastik kovayla var\u0131\u015f noktas\u0131na ta\u015f\u0131n\u0131yor.\u00a0Kova zinciri 4 di\u015fli kasnak etraf\u0131nda d\u00f6ner.\u00a0Di\u015fli kutulu elektrik motorunun boyutu asans\u00f6r\u00fcn uzunlu\u011funa g\u00f6re de\u011fi\u015fiklik g\u00f6sterecektir.<\/div>\n<div><\/div>\n<\/div>\n","protected":false},"excerpt":{"rendered":"<ul>\n<li>Elevatorsan Koval\u0131 elevat\u00f6rleri, Her t\u00fcrl\u00fc Toz ve Taneli G\u0131da &amp; End\u00fcstriyel \u00dcr\u00fcnlerin dikey olarak verimli ta\u015f\u0131nmas\u0131nda \u00e7\u00f6z\u00fcler sunar. Tamamen kapal\u0131 tip Elevat\u00f6rler \u0130stenilen mesafelerde \u00e7oklu d\u00f6k\u00fc\u015f yapabilir.<\/li>\n<li>Hassas Ta\u015f\u0131ma: Elevat\u00f6rsan koval\u0131 elevat\u00f6rleri, \u00d6zellkle G\u0131da sekt\u00f6r\u00fcndeki k\u0131r\u0131lgan \u00fcr\u00fcnlerin ta\u015f\u0131ma esnas\u0131nda zarar g\u00f6rmemesi i\u00e7in son teknoloji ile tasarlanm\u0131\u015ft\u0131r. Ta\u015f\u0131ma esnas\u0131nda kovalar \u00fcr\u00fcn al\u0131\u015f noktas\u0131nda birle\u015fir ve alt\u0131nda kesinlikle \u00fcr\u00fcn ka\u00e7\u0131rmaz, \u00dcr\u00fcn d\u00f6k\u00fc\u015f noktas\u0131nda da kovalar kendi a\u011f\u0131rl\u0131\u011f\u0131yla devrilir ve \u00fcr\u00fcn zarars\u0131z \u015fekilde aktar\u0131lm\u0131\u015f olur.<\/li>\n<li>Mod\u00fcler Tasar\u0131m: Elevatorsan Koval\u0131 elevat\u00f6rleri tamamen c\u0131vatal\u0131 birle\u015fim\/ Mod\u00fcler olarak tasarlan\u0131r ve \u00fcretilir. \u0130htiya\u00e7 halinde daha sonra boyutlar\u0131 de\u011fi\u015ftirilebilir, Kovalar\u0131 Kolayl\u0131kla yenilenebilir. En yayg\u0131n olan Z ve C tipi elavat\u00f6rlerdir. De\u011fi\u015fken kapasite beklentilerine g\u00f6re farkl\u0131 hacimlerde kova se\u00e7enekleri mevcuttur.<\/li>\n<\/ul>\n","protected":false},"featured_media":8305,"template":"","meta":{"_joinchat":[]},"product_brand":[],"product_cat":[15,687,692],"product_tag":[327,298,320,328,329,330],"class_list":{"0":"post-8300","1":"product","2":"type-product","3":"status-publish","4":"has-post-thumbnail","6":"product_cat-genel","7":"product_cat-kovali-elevator","8":"product_cat-z-tip-elevatorler","9":"product_tag-gida-asansoru","10":"product_tag-kovali-elevator","11":"product_tag-sonsuz-kovali-elevator","12":"product_tag-yatay-z-elevator","13":"product_tag-yatay-z-urun-tasima","14":"product_tag-z-tipi-elevator","16":"first","17":"instock","18":"shipping-taxable","19":"product-type-simple"},"aioseo_notices":[],"_links":{"self":[{"href":"https:\/\/elevatorsan.com\/ar\/wp-json\/wp\/v2\/product\/8300","targetHints":{"allow":["GET"]}}],"collection":[{"href":"https:\/\/elevatorsan.com\/ar\/wp-json\/wp\/v2\/product"}],"about":[{"href":"https:\/\/elevatorsan.com\/ar\/wp-json\/wp\/v2\/types\/product"}],"version-history":[{"count":4,"href":"https:\/\/elevatorsan.com\/ar\/wp-json\/wp\/v2\/product\/8300\/revisions"}],"predecessor-version":[{"id":10432,"href":"https:\/\/elevatorsan.com\/ar\/wp-json\/wp\/v2\/product\/8300\/revisions\/10432"}],"wp:featuredmedia":[{"embeddable":true,"href":"https:\/\/elevatorsan.com\/ar\/wp-json\/wp\/v2\/media\/8305"}],"wp:attachment":[{"href":"https:\/\/elevatorsan.com\/ar\/wp-json\/wp\/v2\/media?parent=8300"}],"wp:term":[{"taxonomy":"product_brand","embeddable":true,"href":"https:\/\/elevatorsan.com\/ar\/wp-json\/wp\/v2\/product_brand?post=8300"},{"taxonomy":"product_cat","embeddable":true,"href":"https:\/\/elevatorsan.com\/ar\/wp-json\/wp\/v2\/product_cat?post=8300"},{"taxonomy":"product_tag","embeddable":true,"href":"https:\/\/elevatorsan.com\/ar\/wp-json\/wp\/v2\/product_tag?post=8300"}],"curies":[{"name":"wp","href":"https:\/\/api.w.org\/{rel}","templated":true}]}}