{"id":8318,"date":"2024-02-27T17:47:14","date_gmt":"2024-02-27T14:47:14","guid":{"rendered":"https:\/\/elevatorsan.com\/?post_type=product&#038;p=8318"},"modified":"2026-04-22T11:40:27","modified_gmt":"2026-04-22T08:40:27","slug":"devirmeli-c-kovali-elevator","status":"publish","type":"product","link":"https:\/\/elevatorsan.com\/ar\/urun\/devirmeli-c-kovali-elevator\/","title":{"rendered":"Devirmeli C Koval\u0131 Elevat\u00f6r"},"content":{"rendered":"<p><strong>C Tipi Devirmeli Elevat\u00f6rler Nas\u0131l \u00c7al\u0131\u015f\u0131r?<\/strong><\/p>\n<p>C tipi elevat\u00f6rler, bir motor ve di\u015fli kutusu taraf\u0131ndan tahrik edilen bir konvey\u00f6r band\u0131 ile \u00e7al\u0131\u015f\u0131r.<br \/>\nKovalar, konvey\u00f6r band\u0131 \u00fczerinde hareket eder ve her bir kova, belirli bir miktarda y\u00fck ta\u015f\u0131yabilir.<\/p>\n<p><strong>C Tipi Elevat\u00f6rler Ne \u0130\u015fe Yarar?<\/strong><\/p>\n<p>C tipi elevat\u00f6rler, farkl\u0131 end\u00fcstrilerde ve uygulamalarda kullan\u0131labilir. Koval\u0131 elevat\u00f6rler, yayg\u0131n kullan\u0131m alanlar\u0131 \u015funlard\u0131r:<\/p>\n<p>G\u0131da end\u00fcstrisi: Tah\u0131l, kuru g\u0131da, bakliyat, \u015feker, \u00e7ikolata, kuru meyve\u00a0 vb. \u00fcr\u00fcnlerin ta\u015f\u0131nmas\u0131nda kullan\u0131l\u0131r.<br \/>\nMadencilik end\u00fcstrisi: K\u00f6m\u00fcr, demir cevheri, kire\u00e7ta\u015f\u0131 vb. \u00fcr\u00fcnlerin ta\u015f\u0131nmas\u0131nda kullan\u0131l\u0131r.<br \/>\n\u0130n\u015faat end\u00fcstrisi: Kum, \u00e7ak\u0131l, beton vb. malzemelerin ta\u015f\u0131nmas\u0131nda kullan\u0131l\u0131r.<br \/>\nTar\u0131m end\u00fcstrisi: Yem, g\u00fcbre vb. malzemelerin ta\u015f\u0131nmas\u0131nda kullan\u0131l\u0131r.<\/p>\n<p><strong>C Tipi Elevat\u00f6rler Avantajlar\u0131<\/strong><\/p>\n<p>C tipi elevat\u00f6rler, a\u015fa\u011f\u0131daki avantajlara sahiptir:<\/p>\n<p>D\u00fc\u015f\u00fck maliyet: C tipi elevat\u00f6rler, geleneksel koval\u0131 elevat\u00f6rlere g\u00f6re daha d\u00fc\u015f\u00fck maliyetlidir. Bu, i\u015fletme maliyetlerini d\u00fc\u015f\u00fcrmeye yard\u0131mc\u0131 olur.<br \/>\nY\u00fcksek verimlilik: C tipi elevat\u00f6rler, y\u00fcksek verimlilik sa\u011flar. Bu, daha fazla y\u00fck\u00fcn daha k\u0131sa s\u00fcrede ta\u015f\u0131nmas\u0131n\u0131 sa\u011flar.<br \/>\nBak\u0131m kolayl\u0131\u011f\u0131: C tipi elevat\u00f6rler, bak\u0131m kolayl\u0131\u011f\u0131 sa\u011flar. Bu, i\u015fletme maliyetlerini daha da d\u00fc\u015f\u00fcrmeye yard\u0131mc\u0131 olur.<br \/>\n<strong>C Tipi Elevat\u00f6rler Nas\u0131l Se\u00e7ilir?<\/strong><\/p>\n<p>C tipi elevat\u00f6r se\u00e7erken, a\u015fa\u011f\u0131daki fakt\u00f6rleri g\u00f6z \u00f6n\u00fcnde bulundurman\u0131z gerekir:<\/p>\n<p>Ta\u015f\u0131nacak y\u00fck\u00fcn t\u00fcr\u00fc ve miktar\u0131<br \/>\nElevat\u00f6rden beklenen performans<br \/>\nElevat\u00f6r kurulum yerinin \u00f6zellikleri<\/p>\n<p><strong>C Tipi Elevat\u00f6rler \u00dcretimi<\/strong><\/p>\n<p>C tipi elevat\u00f6rler, farkl\u0131 malzemelerden ve farkl\u0131 tekniklerle \u00fcretilebilir.<br \/>\nSRD Makine di\u011fer elevat\u00f6r \u00e7e\u015fitlerinde oldu\u011fu gibi, C tipi elevat\u00f6r \u00fcretiminde de modern \u00fcretim tekniklerini kullanarak kaliteli malzemeler ile m\u00fc\u015fterilerinin ihtiya\u00e7lar\u0131na en uygun elevat\u00f6rleri \u00fcretmektedir.<\/p>\n","protected":false},"excerpt":{"rendered":"<ul>\n<li>Elevatorsan Koval\u0131 elevat\u00f6rleri, Her t\u00fcrl\u00fc Toz ve Taneli G\u0131da &amp; End\u00fcstriyel \u00dcr\u00fcnlerin dikey olarak verimli ta\u015f\u0131nmas\u0131nda \u00e7\u00f6z\u00fcler sunar. Tamamen kapal\u0131 tip Elevat\u00f6rler \u0130stenilen mesafelerde \u00e7oklu d\u00f6k\u00fc\u015f yapabilir.<\/li>\n<li>Hassas Ta\u015f\u0131ma: Elevat\u00f6rsan koval\u0131 elevat\u00f6rleri, \u00d6zellkle G\u0131da sekt\u00f6r\u00fcndeki k\u0131r\u0131lgan \u00fcr\u00fcnlerin ta\u015f\u0131ma esnas\u0131nda zarar g\u00f6rmemesi i\u00e7in son teknoloji ile tasarlanm\u0131\u015ft\u0131r. Ta\u015f\u0131ma esnas\u0131nda kovalar \u00fcr\u00fcn al\u0131\u015f noktas\u0131nda birle\u015fir ve alt\u0131nda kesinlikle \u00fcr\u00fcn ka\u00e7\u0131rmaz, \u00dcr\u00fcn d\u00f6k\u00fc\u015f noktas\u0131nda da kovalar kendi a\u011f\u0131rl\u0131\u011f\u0131yla devrilir ve \u00fcr\u00fcn zarars\u0131z \u015fekilde aktar\u0131lm\u0131\u015f olur.<\/li>\n<li>Mod\u00fcler Tasar\u0131m: Elevatorsan Koval\u0131 elevat\u00f6rleri tamamen c\u0131vatal\u0131 birle\u015fim\/ Mod\u00fcler olarak tasarlan\u0131r ve \u00fcretilir. \u0130htiya\u00e7 halinde daha sonra boyutlar\u0131 de\u011fi\u015ftirilebilir, Kovalar\u0131 Kolayl\u0131kla yenilenebilir. En yayg\u0131n olan Z ve C tipi elavat\u00f6rlerdir. De\u011fi\u015fken kapasite beklentilerine g\u00f6re farkl\u0131 hacimlerde kova se\u00e7enekleri mevcuttur.<\/li>\n<\/ul>\n","protected":false},"featured_media":8319,"template":"","meta":{"_joinchat":[]},"product_brand":[],"product_cat":[693,15,687],"product_tag":[301,339,341,338,309,307,342,336,308,340,337],"class_list":{"0":"post-8318","1":"product","2":"type-product","3":"status-publish","4":"has-post-thumbnail","6":"product_cat-c-tip-elevatorler","7":"product_cat-genel","8":"product_cat-kovali-elevator","9":"product_tag-bakliyat","10":"product_tag-c-tipi-devirmeli-asansor","11":"product_tag-c-tipi-gida-tasima-elevatoru","12":"product_tag-devirmeli-elevator","13":"product_tag-fasulye","14":"product_tag-kinoa","15":"product_tag-kovali-elevator-devirmeli","16":"product_tag-misir","17":"product_tag-nohut","18":"product_tag-sonsuz-kovali-devirmeli-elevator","19":"product_tag-toz-seker","21":"first","22":"instock","23":"shipping-taxable","24":"product-type-simple"},"aioseo_notices":[],"_links":{"self":[{"href":"https:\/\/elevatorsan.com\/ar\/wp-json\/wp\/v2\/product\/8318","targetHints":{"allow":["GET"]}}],"collection":[{"href":"https:\/\/elevatorsan.com\/ar\/wp-json\/wp\/v2\/product"}],"about":[{"href":"https:\/\/elevatorsan.com\/ar\/wp-json\/wp\/v2\/types\/product"}],"version-history":[{"count":5,"href":"https:\/\/elevatorsan.com\/ar\/wp-json\/wp\/v2\/product\/8318\/revisions"}],"predecessor-version":[{"id":10518,"href":"https:\/\/elevatorsan.com\/ar\/wp-json\/wp\/v2\/product\/8318\/revisions\/10518"}],"wp:featuredmedia":[{"embeddable":true,"href":"https:\/\/elevatorsan.com\/ar\/wp-json\/wp\/v2\/media\/8319"}],"wp:attachment":[{"href":"https:\/\/elevatorsan.com\/ar\/wp-json\/wp\/v2\/media?parent=8318"}],"wp:term":[{"taxonomy":"product_brand","embeddable":true,"href":"https:\/\/elevatorsan.com\/ar\/wp-json\/wp\/v2\/product_brand?post=8318"},{"taxonomy":"product_cat","embeddable":true,"href":"https:\/\/elevatorsan.com\/ar\/wp-json\/wp\/v2\/product_cat?post=8318"},{"taxonomy":"product_tag","embeddable":true,"href":"https:\/\/elevatorsan.com\/ar\/wp-json\/wp\/v2\/product_tag?post=8318"}],"curies":[{"name":"wp","href":"https:\/\/api.w.org\/{rel}","templated":true}]}}