{"id":8332,"date":"2024-02-27T19:37:53","date_gmt":"2024-02-27T16:37:53","guid":{"rendered":"https:\/\/elevatorsan.com\/?post_type=product&#038;p=8332"},"modified":"2026-04-22T11:36:51","modified_gmt":"2026-04-22T08:36:51","slug":"pvc-bantli-konveyor","status":"publish","type":"product","link":"https:\/\/elevatorsan.com\/ar\/urun\/pvc-bantli-konveyor\/","title":{"rendered":"PVC D\u00fcz Bantl\u0131 Konvey\u00f6r"},"content":{"rendered":"<h4 style=\"font-weight: 600;\">D\u00dcZ PVC BANTLI KONVEY\u00d6R<\/h4>\n<p style=\"font-weight: 400;\">D\u00f6kme ve ya tane yap\u0131l\u0131 \u00fcr\u00fcnlerin yatay d\u00fczlemde bir noktadan di\u011fer bir noktaya ta\u015f\u0131nmas\u0131nda kullan\u0131lan basit ta\u015f\u0131y\u0131c\u0131 bantlard\u0131r. Genellikle k\u0131sa mesafelerde ve d\u00fc\u015f\u00fck kapasiteli ta\u015f\u0131ma i\u015flemlerinde h\u0131zl\u0131 ve ekonomik \u00e7\u00f6z\u00fcm sunar.<\/p>\n<h4 style=\"font-weight: 600;\">\u00c7ALI\u015eMA PRENSIBI;<\/h4>\n<p style=\"font-weight: 400;\">Makine \u00fczerindeki iki tambur aras\u0131na sonsuz kay\u0131\u015f sistemi ge\u00e7irilerek d\u00f6nme hareketi verilir. D\u00f6nme hareketinden dolay\u0131 olu\u015fan \u00e7evresel h\u0131z ile bant \u00fczerindeki \u00fcr\u00fcn\u00fcn ta\u015f\u0131nmas\u0131 ger\u00e7ekle\u015ftirilir.<\/p>\n","protected":false},"excerpt":{"rendered":"<p>Se\u00e7im bantl\u0131 konvey\u00f6rler genellikle \u00fcretim hatlar\u0131nda<br \/>\ntoplama ve besleme masas\u0131 olarak kullan\u0131l\u0131rlar.<br \/>\nBu sayede biriktirme, \u00fcr\u00fcn se\u00e7me, \u00fcr\u00fcnlerin<br \/>\nbirbirine \u00e7arpmamas\u0131 ve stoklama gibi fonksiyonlar<br \/>\nger\u00e7ekle\u015ftirilebilir. Sonsuz, sa\u011f-sol, indeksleme<br \/>\ny\u00f6ntemleri ile \u00e7al\u0131\u015ft\u0131r\u0131labilirler. G\u0131da, ila\u00e7, ambalaj,<br \/>\nsu ve me\u015frubat, lojistik gibi sekt\u00f6rlerde s\u0131kl\u0131kla<br \/>\nihtiya\u00e7 duyulmaktad\u0131r. \u0130ste\u011fe g\u00f6re ilave edilebilen<br \/>\nI\u015f\u0131kland\u0131rma sistemi ile hassas \u00fcr\u00fcn se\u00e7imi yap\u0131labilir.<br \/>\nSekt\u00f6re ve ta\u015f\u0131nacak \u00fcr\u00fcne g\u00f6re paslanmaz, AISI<br \/>\n3014 ve DKP sacdan \u015faseleri imal edilebilmektedir.<\/p>\n<p><img fetchpriority=\"high\" decoding=\"async\" class=\"alignnone size-medium wp-image-10607\" src=\"http:\/\/elevatorsan.com\/wp-content\/uploads\/2024\/02\/DUZ-BANT-CIZIM-300x300.jpeg\" alt=\"\" width=\"300\" height=\"300\" srcset=\"https:\/\/elevatorsan.com\/wp-content\/uploads\/2024\/02\/DUZ-BANT-CIZIM-300x300.jpeg 300w, https:\/\/elevatorsan.com\/wp-content\/uploads\/2024\/02\/DUZ-BANT-CIZIM-150x150.jpeg 150w, https:\/\/elevatorsan.com\/wp-content\/uploads\/2024\/02\/DUZ-BANT-CIZIM-768x768.jpeg 768w, https:\/\/elevatorsan.com\/wp-content\/uploads\/2024\/02\/DUZ-BANT-CIZIM-600x600.jpeg 600w, https:\/\/elevatorsan.com\/wp-content\/uploads\/2024\/02\/DUZ-BANT-CIZIM-100x100.jpeg 100w, https:\/\/elevatorsan.com\/wp-content\/uploads\/2024\/02\/DUZ-BANT-CIZIM.jpeg 900w\" sizes=\"(max-width: 300px) 100vw, 300px\" \/><\/p>\n<table border=\"0\" width=\"585\" cellspacing=\"0\" cellpadding=\"0\">\n<tbody>\n<tr>\n<td class=\"xl65\" width=\"65\" height=\"40\">MODEL<br \/>\nTYPE<\/td>\n<td class=\"xl65\" width=\"65\">\u00dcR\u00dcN<br \/>\nKODU<\/td>\n<td class=\"xl65\" width=\"65\">a<br \/>\nmm<\/td>\n<td class=\"xl65\" width=\"65\">b<br \/>\nmm<\/td>\n<td class=\"xl65\" width=\"65\">c<br \/>\nmm<\/td>\n<td class=\"xl66\" width=\"65\">RED\u00dcKT\u00d6R<br \/>\nT\u0130P\u0130<\/td>\n<td class=\"xl65\" width=\"65\">DEV\u0130R<br \/>\nPER\u0130OD<\/td>\n<td class=\"xl65\" width=\"65\">G\u00dc\u00c7<br \/>\nPOWER<\/td>\n<td class=\"xl67\" width=\"65\">KAPAS\u0130TE<\/td>\n<\/tr>\n<tr>\n<td class=\"xl68\" width=\"65\" height=\"45\">D\u00dcZ PVC<br \/>\nBANTLI<br \/>\nKONVEY\u00d6R<\/td>\n<td class=\"xl69\">DPB-100<\/td>\n<td class=\"xl69\">170<\/td>\n<td class=\"xl72\" width=\"65\">De\u011fi\u015fken<\/td>\n<td class=\"xl71\">3000<\/td>\n<td class=\"xl70\" width=\"65\">Sonsuz<br \/>\nWGR<\/td>\n<td class=\"xl72\" width=\"65\">60 RPM<\/td>\n<td class=\"xl70\" width=\"65\">0,55 KW<\/td>\n<td class=\"xl72\" width=\"65\">2-3<br \/>\nm<span class=\"font5\">\u00b3\/s<\/span><\/td>\n<\/tr>\n<tr>\n<td class=\"xl68\" width=\"65\" height=\"45\">D\u00dcZ PVC<br \/>\nBANTLI<br \/>\nKONVEY\u00d6R<\/td>\n<td class=\"xl69\">DPB-200<\/td>\n<td class=\"xl69\">270<\/td>\n<td class=\"xl72\" width=\"65\">De\u011fi\u015fken<\/td>\n<td class=\"xl71\">3000<\/td>\n<td class=\"xl70\" width=\"65\">Sonsuz<br \/>\nWGR<\/td>\n<td class=\"xl72\" width=\"65\">60 RPM<\/td>\n<td class=\"xl70\" width=\"65\">0,55 KW<\/td>\n<td class=\"xl72\" width=\"65\">4-6<br \/>\nm<span class=\"font5\">\u00b3\/s<\/span><\/td>\n<\/tr>\n<tr>\n<td class=\"xl68\" width=\"65\" height=\"45\">D\u00dcZ PVC<br \/>\nBANTLI<br \/>\nKONVEY\u00d6R<\/td>\n<td class=\"xl69\">DPB-300<\/td>\n<td class=\"xl69\">370<\/td>\n<td class=\"xl72\" width=\"65\">De\u011fi\u015fken<\/td>\n<td class=\"xl71\">3000<\/td>\n<td class=\"xl70\" width=\"65\">Sonsuz<br \/>\nWGR<\/td>\n<td class=\"xl72\" width=\"65\">60 RPM<\/td>\n<td class=\"xl70\" width=\"65\">0,75 KW<\/td>\n<td class=\"xl72\" width=\"65\">6-9<br \/>\nm<span class=\"font5\">\u00b3\/s<\/span><\/td>\n<\/tr>\n<tr>\n<td class=\"xl68\" width=\"65\" height=\"45\">D\u00dcZ PVC<br \/>\nBANTLI<br \/>\nKONVEY\u00d6R<\/td>\n<td class=\"xl69\">DPB-400<\/td>\n<td class=\"xl69\">470<\/td>\n<td class=\"xl72\" width=\"65\">De\u011fi\u015fken<\/td>\n<td class=\"xl71\">3000<\/td>\n<td class=\"xl70\" width=\"65\">Sonsuz<br \/>\nWGR<\/td>\n<td class=\"xl72\" width=\"65\">60 RPM<\/td>\n<td class=\"xl70\" width=\"65\">0,75 KW<\/td>\n<td class=\"xl72\" width=\"65\">8-12<br \/>\nm<span class=\"font5\">\u00b3\/s<\/span><\/td>\n<\/tr>\n<tr>\n<td class=\"xl68\" width=\"65\" height=\"45\">D\u00dcZ PVC<br \/>\nBANTLI<br \/>\nKONVEY\u00d6R<\/td>\n<td class=\"xl69\">DPB-500<\/td>\n<td class=\"xl69\">570<\/td>\n<td class=\"xl72\" width=\"65\">De\u011fi\u015fken<\/td>\n<td class=\"xl71\">3000<\/td>\n<td class=\"xl70\" width=\"65\">Sonsuz<br \/>\nWGR<\/td>\n<td class=\"xl72\" width=\"65\">60 RPM<\/td>\n<td class=\"xl70\" width=\"65\">1,1 KW<\/td>\n<td class=\"xl72\" width=\"65\">10-15<br \/>\nm<span class=\"font5\">\u00b3\/s<\/span><\/td>\n<\/tr>\n<tr>\n<td class=\"xl68\" width=\"65\" height=\"45\">D\u00dcZ PVC<br \/>\nBANTLI<br \/>\nKONVEY\u00d6R<\/td>\n<td class=\"xl69\">DPB-600<\/td>\n<td class=\"xl69\">670<\/td>\n<td class=\"xl72\" width=\"65\">De\u011fi\u015fken<\/td>\n<td class=\"xl71\">3000<\/td>\n<td class=\"xl70\" width=\"65\">Sonsuz<br \/>\nWGR<\/td>\n<td class=\"xl72\" width=\"65\">60 RPM<\/td>\n<td class=\"xl70\" width=\"65\">1,1 KW<\/td>\n<td class=\"xl72\" width=\"65\">12-18<br \/>\nm<span class=\"font5\">\u00b3\/s<\/span><\/td>\n<\/tr>\n<\/tbody>\n<\/table>\n","protected":false},"featured_media":8333,"template":"","meta":{"_joinchat":[]},"product_brand":[],"product_cat":[15,688],"product_tag":[302,303,350,352,347,300,307,351,355,336,346,354,348,353],"class_list":{"0":"post-8332","1":"product","2":"type-product","3":"status-publish","4":"has-post-thumbnail","6":"product_cat-genel","7":"product_cat-konveyor","8":"product_tag-arpa","9":"product_tag-bugday","10":"product_tag-duz-pvc-bant","11":"product_tag-gida-tasima-konveyor","12":"product_tag-granul","13":"product_tag-hububat","14":"product_tag-kinoa","15":"product_tag-konveyor-pvc-bant","16":"product_tag-kuruyemis","17":"product_tag-misir","18":"product_tag-plastik","19":"product_tag-pvc-bantli-konveyor","20":"product_tag-tahil","21":"product_tag-urun-tasima-banti","23":"first","24":"instock","25":"shipping-taxable","26":"product-type-simple"},"aioseo_notices":[],"_links":{"self":[{"href":"https:\/\/elevatorsan.com\/ar\/wp-json\/wp\/v2\/product\/8332","targetHints":{"allow":["GET"]}}],"collection":[{"href":"https:\/\/elevatorsan.com\/ar\/wp-json\/wp\/v2\/product"}],"about":[{"href":"https:\/\/elevatorsan.com\/ar\/wp-json\/wp\/v2\/types\/product"}],"version-history":[{"count":5,"href":"https:\/\/elevatorsan.com\/ar\/wp-json\/wp\/v2\/product\/8332\/revisions"}],"predecessor-version":[{"id":10979,"href":"https:\/\/elevatorsan.com\/ar\/wp-json\/wp\/v2\/product\/8332\/revisions\/10979"}],"wp:featuredmedia":[{"embeddable":true,"href":"https:\/\/elevatorsan.com\/ar\/wp-json\/wp\/v2\/media\/8333"}],"wp:attachment":[{"href":"https:\/\/elevatorsan.com\/ar\/wp-json\/wp\/v2\/media?parent=8332"}],"wp:term":[{"taxonomy":"product_brand","embeddable":true,"href":"https:\/\/elevatorsan.com\/ar\/wp-json\/wp\/v2\/product_brand?post=8332"},{"taxonomy":"product_cat","embeddable":true,"href":"https:\/\/elevatorsan.com\/ar\/wp-json\/wp\/v2\/product_cat?post=8332"},{"taxonomy":"product_tag","embeddable":true,"href":"https:\/\/elevatorsan.com\/ar\/wp-json\/wp\/v2\/product_tag?post=8332"}],"curies":[{"name":"wp","href":"https:\/\/api.w.org\/{rel}","templated":true}]}}