{"id":8341,"date":"2024-02-27T19:46:18","date_gmt":"2024-02-27T16:46:18","guid":{"rendered":"https:\/\/elevatorsan.com\/?post_type=product&#038;p=8341"},"modified":"2026-04-22T11:36:18","modified_gmt":"2026-04-22T08:36:18","slug":"kaucuk-bantli-konveyor","status":"publish","type":"product","link":"https:\/\/elevatorsan.com\/ar\/urun\/kaucuk-bantli-konveyor\/","title":{"rendered":"Kau\u00e7uk Bantl\u0131 Konvey\u00f6r"},"content":{"rendered":"<p>Genellikle kamyon vb. ara\u00e7lar\u0131n \u00fczerine koli , \u00e7uval gibi<br \/>\n\u00fcr\u00fcnlerin ta\u015f\u0131nmas\u0131nda kullan\u0131lan konvey\u00f6r ta\u015f\u0131ma<br \/>\nsistemleridir. \u0130ki kat aras\u0131nda \u00fcr\u00fcn aktarma i\u00e7inde<br \/>\nkullan\u0131l\u0131r. E\u011fimli olan konvey\u00f6r\u00fcn alt ve \u00fcst k\u0131sm\u0131nda<br \/>\nk\u0131sa d\u00fcz konvey\u00f6rler yer al\u0131r. D\u00fcz \u015feklinde olmas\u0131ndan<br \/>\n\u00f6t\u00fcr\u00fc bu ismi alan konvey\u00f6r sistemi genellikle pvc<br \/>\nbantl\u0131 olarak dizayn edilir.<\/p>\n<ol>\n<li>Zor ta\u015f\u0131nabilen malzemeleri kolayl\u0131kla ta\u015f\u0131yabilme \u00f6zelli\u011fi mevcuttur.<\/li>\n<li>Yerde ve y\u00fcksekte olan e\u015fya ve malzemeleri kolayl\u0131kla ta\u015f\u0131r.<\/li>\n<li>En k\u0131sa s\u00fcrede malzemenin ta\u015f\u0131nmas\u0131n\u0131 sa\u011flayarak zamandan tasarruf etmemizi sa\u011flar.<\/li>\n<li>\u0130nsan g\u00fcc\u00fcne gerek kalmadan ta\u015f\u0131ma i\u015flemi \u00e7ok rahat bir \u015fekilde ger\u00e7ekle\u015ftirilir.<\/li>\n<li>Her t\u00fcrl\u00fc malzemeye g\u00f6re \u00e7e\u015fitleri mevcuttur.<\/li>\n<li>Motora ba\u011fl\u0131 olarak \u00e7al\u0131\u015fmaktad\u0131r.<\/li>\n<li>\u0130nsan g\u00fcc\u00fc olmad\u0131\u011f\u0131 i\u00e7in maliyeti en uygun olan ta\u015f\u0131ma t\u00fcr\u00fcd\u00fcr.<\/li>\n<li>Dayan\u0131kl\u0131 olmas\u0131 sebebi ile \u00e7ok fazla tercih edilmektedir.<\/li>\n<li>G\u00fcn\u00fcm\u00fczde kullan\u0131lan modern ta\u015f\u0131ma sistemlerinden biridir.<\/li>\n<li>Bu bantlar\u0131n kullan\u0131laca\u011f\u0131 alanlar\u0131n geni\u015f olmas\u0131 gerekir, dar alanlarda kullan\u0131lmas\u0131 uygun de\u011fildir.<\/li>\n<li>Rahatl\u0131k ve kolayl\u0131k sa\u011flad\u0131\u011f\u0131 i\u00e7in bir\u00e7ok yerde tercih edilen malzeme ta\u015f\u0131ma t\u00fcr\u00fcd\u00fcr.<\/li>\n<li>Kullan\u0131m alan\u0131 geni\u015ftir. Genellikle in\u015faat malzemelerini daha rahat ve kolay ta\u015f\u0131mak i\u00e7in kullan\u0131lmaktad\u0131r.<\/li>\n<\/ol>\n","protected":false},"excerpt":{"rendered":"<p>A\u011f\u0131r y\u00fck konvey\u00f6rleridir. Band\u0131n kau\u00e7uk olmas\u0131 sebebiyle rahatl\u0131kla uzun s\u00fcreli kullan\u0131l\u0131r. A\u011f\u0131r y\u00fcklerde ve dayan\u0131kl\u0131l\u0131k gerektiren yerlerde \u00fcr\u00fcn transferi sa\u011flar ve kau\u00e7uk band\u0131n dayan\u0131m\u0131 sayesinde istenilen uzunlukta ve geni\u015flikte imal edilebilir.<\/p>\n<p>Ta\u015f\u0131nmas\u0131 istenilen \u00fcr\u00fcn\u00fcn \u00f6zelliklerine ve kullan\u0131laca\u011f\u0131 alana g\u00f6re kau\u00e7uk bant tipleri; paletli bant, y\u00fczey desenli bant, d\u00fcz bant, yan bariyerli bant \u00e7e\u015fitleri ile her t\u00fcrl\u00fc \u00fcr\u00fcn\u00fc ta\u015f\u0131maya elveri\u015flidir.<\/p>\n<p>Ta\u015f\u0131nmas\u0131 istenilen \u00fcr\u00fcn\u00fcn \u00f6zelliklerine ve kullan\u0131laca\u011f\u0131 alana g\u00f6re \u015fase malzemesi ve \u015fase tipleri; D\u00fcz, E\u011fimli, Z \u015faseli ve L k\u0131r\u0131ml\u0131 olarak \u00fcretilebilmektedir. \u015ease malzemesi, \u00c7elik (ST37, ST42, ST52, DKP), Paslanmaz \u00c7elik (AISI 304, AISI 316, AISI 304L, AISI 316L) ve Al\u00fcminyum olarak \u00fcretilebilmektedir.<\/p>\n<p><b>Genel Kullan\u0131m Alanlar\u0131<\/b><br \/>\n&#8211; \u0130n\u015faat<br \/>\n&#8211; Maden Ocaklar\u0131<br \/>\n&#8211; Geri D\u00f6n\u00fc\u015f\u00fcm Merkezleri<\/p>\n","protected":false},"featured_media":10688,"template":"","meta":{"_joinchat":[]},"product_brand":[],"product_cat":[15,688],"product_tag":[379,518,303,378,309,325,375,307,380,377,308,376,517,374],"class_list":{"0":"post-8341","1":"product","2":"type-product","3":"status-publish","4":"has-post-thumbnail","6":"product_cat-genel","7":"product_cat-konveyor","8":"product_tag-arpa-tasima-bant","9":"product_tag-bantli-konveyor","10":"product_tag-bugday","11":"product_tag-cavus-tipi-cuval-tasima","12":"product_tag-fasulye","13":"product_tag-gida-tasima","14":"product_tag-kaucuk-konveyor-bant","15":"product_tag-kinoa","16":"product_tag-konveyorlu-tasima-bant","17":"product_tag-lades-tipi-yukleme-konveyoru","18":"product_tag-nohut","19":"product_tag-testere-tipi-bant","20":"product_tag-yukleme-bandi","21":"product_tag-yukleme-banti","23":"first","24":"instock","25":"shipping-taxable","26":"product-type-simple"},"aioseo_notices":[],"_links":{"self":[{"href":"https:\/\/elevatorsan.com\/ar\/wp-json\/wp\/v2\/product\/8341","targetHints":{"allow":["GET"]}}],"collection":[{"href":"https:\/\/elevatorsan.com\/ar\/wp-json\/wp\/v2\/product"}],"about":[{"href":"https:\/\/elevatorsan.com\/ar\/wp-json\/wp\/v2\/types\/product"}],"version-history":[{"count":7,"href":"https:\/\/elevatorsan.com\/ar\/wp-json\/wp\/v2\/product\/8341\/revisions"}],"predecessor-version":[{"id":11669,"href":"https:\/\/elevatorsan.com\/ar\/wp-json\/wp\/v2\/product\/8341\/revisions\/11669"}],"wp:featuredmedia":[{"embeddable":true,"href":"https:\/\/elevatorsan.com\/ar\/wp-json\/wp\/v2\/media\/10688"}],"wp:attachment":[{"href":"https:\/\/elevatorsan.com\/ar\/wp-json\/wp\/v2\/media?parent=8341"}],"wp:term":[{"taxonomy":"product_brand","embeddable":true,"href":"https:\/\/elevatorsan.com\/ar\/wp-json\/wp\/v2\/product_brand?post=8341"},{"taxonomy":"product_cat","embeddable":true,"href":"https:\/\/elevatorsan.com\/ar\/wp-json\/wp\/v2\/product_cat?post=8341"},{"taxonomy":"product_tag","embeddable":true,"href":"https:\/\/elevatorsan.com\/ar\/wp-json\/wp\/v2\/product_tag?post=8341"}],"curies":[{"name":"wp","href":"https:\/\/api.w.org\/{rel}","templated":true}]}}