{"id":8350,"date":"2024-02-27T19:54:59","date_gmt":"2024-02-27T16:54:59","guid":{"rendered":"https:\/\/elevatorsan.com\/?post_type=product&#038;p=8350"},"modified":"2026-04-22T11:36:09","modified_gmt":"2026-04-22T08:36:09","slug":"moduler-bantli-konveyor","status":"publish","type":"product","link":"https:\/\/elevatorsan.com\/ar\/urun\/moduler-bantli-konveyor\/","title":{"rendered":"Mod\u00fcler Bantl\u0131 Konvey\u00f6r"},"content":{"rendered":"<p>Bantlar\u0131 birbirine eklenip \u00e7\u0131kart\u0131labilen ve bu sayede uzay\u0131p k\u0131salabilen bant \u00e7e\u015fididir. Bu \u00f6zelli\u011fi ile y\u0131pranan baklalar\u0131 (B\u00f6l\u00fcm\/Par\u00e7a) de\u011fi\u015ftirip yenilenebilir. Bu sayede mod\u00fcler bantl\u0131 konvey\u00f6r uzun y\u0131llar kullan\u0131l\u0131r.<\/p>\n<p>Temizlenmesi, kurulumu kolayd\u0131r ve hijyeniktir. Farkl\u0131 bant \u00e7e\u015fitleri olmas\u0131 nedeniyle tercih sebebidir.<\/p>\n<p>Ta\u015f\u0131nmas\u0131 istenilen \u00fcr\u00fcn\u00fcn \u00f6zelliklerine ve kullan\u0131laca\u011f\u0131 alana g\u00f6re mod\u00fcler bant tipleri; paletli bant, y\u00fczey desenli bant, d\u00fcz bant ve d\u00f6n\u00fc\u015fl\u00fc bant \u00e7e\u015fitleri ile her t\u00fcrl\u00fc \u00fcr\u00fcn\u00fc ta\u015f\u0131maya elveri\u015flidir.<\/p>\n<p>Ta\u015f\u0131nmas\u0131 istenilen \u00fcr\u00fcn\u00fcn \u00f6zelliklerine ve kullan\u0131laca\u011f\u0131 alana g\u00f6re \u015fase malzemesi ve \u015fase tipleri; D\u00fcz, E\u011fimli, Z \u015faseli, d\u00f6n\u00fc\u015fl\u00fc (10\u00b0 ile 180\u00b0 aras\u0131) ve L k\u0131r\u0131ml\u0131 olarak \u00fcretilebilmektedir. \u015ease malzemesi, \u00c7elik (ST37, ST42, ST52, DKP), Paslanmaz \u00c7elik (AISI 304, AISI 316, AISI 304L, AISI 316L) ve Al\u00fcminyum olarak \u00fcretilebilmektedir.<\/p>\n<p><b>Genel Kullan\u0131m Alanlar\u0131<\/b><br \/>\n&#8211; G\u0131da<br \/>\n&#8211; Kimya<br \/>\n&#8211; \u0130la\u00e7<br \/>\n&#8211; Depo<br \/>\n&#8211; Tekstil<br \/>\n&#8211; Otomotiv<br \/>\n&#8211; Elektrik-Elektronik<\/p>\n","protected":false},"excerpt":{"rendered":"<p>Mod\u00fcler bantl\u0131 konvey\u00f6rler, kullan\u0131lan bant \u00e7e\u015fidi avantaj\u0131yla yayg\u0131n kullan\u0131m alan\u0131na sahiptir. Ambalaj, beyaz e\u015fya, \u015fi\u015fe-cam, g\u0131da, elektrik-elektronik, ila\u00e7, lojistik-kargo, makine, otomotiv, tekstil gibi sekt\u00f6rlerde tercih edilirler. Mod\u00fcler bantlar, geometrik yap\u0131lar\u0131 itibari ile konvey\u00f6r tiplerinde de esneklik sa\u011flamaktad\u0131r. Mod\u00fcler bantlar, geometrik yap\u0131lar\u0131 itibari ile konvey\u00f6r tiplerinde de esneklik sa\u011flamaktad\u0131r. \u00d6rnek olarak do\u011frusal, e\u011fimli, L tipi, Z tipi, 45-90-180 derece, spiral, S ve U tipleri verilebilir.<br \/>\nMod\u00fcler bantl\u0131 konvey\u00f6rlerde kullan\u0131lan bantlar\u0131n malzemeside, kullan\u0131m alan\u0131n\u0131 geni\u015fleten fakt\u00f6rlerdendir. PP, PE, POM, Poliasetal,AISI304 gibi malzeme se\u00e7imleri ile, kimyasal, y\u00fcksek ve d\u00fc\u015f\u00fck s\u0131cakl\u0131k, s\u00fcrt\u00fcnme, darbeye dayan\u0131m, g\u0131daya uygunluk, korozyona dayan\u0131kl\u0131l\u0131k gibi teknik \u00f6zelliklerini art\u0131rmaktad\u0131r.<\/p>\n<ol>\n<li>Zor ta\u015f\u0131nabilen malzemeleri kolayl\u0131kla ta\u015f\u0131yabilme \u00f6zelli\u011fi mevcuttur.<\/li>\n<li>Yerde ve y\u00fcksekte olan e\u015fya ve malzemeleri kolayl\u0131kla ta\u015f\u0131r.<\/li>\n<li>En k\u0131sa s\u00fcrede malzemenin ta\u015f\u0131nmas\u0131n\u0131 sa\u011flayarak zamandan tasarruf etmemizi sa\u011flar.<\/li>\n<li>\u0130nsan g\u00fcc\u00fcne gerek kalmadan ta\u015f\u0131ma i\u015flemi \u00e7ok rahat bir \u015fekilde ger\u00e7ekle\u015ftirilir.<\/li>\n<li>Her t\u00fcrl\u00fc malzemeye g\u00f6re \u00e7e\u015fitleri mevcuttur.<\/li>\n<li>Motora ba\u011fl\u0131 olarak \u00e7al\u0131\u015fmaktad\u0131r.<\/li>\n<li>\u0130nsan g\u00fcc\u00fc olmad\u0131\u011f\u0131 i\u00e7in maliyeti en uygun olan ta\u015f\u0131ma t\u00fcr\u00fcd\u00fcr.<\/li>\n<li>Dayan\u0131kl\u0131 olmas\u0131 sebebi ile \u00e7ok fazla tercih edilmektedir.<\/li>\n<li>G\u00fcn\u00fcm\u00fczde kullan\u0131lan modern ta\u015f\u0131ma sistemlerinden biridir.<\/li>\n<li>Bu bantlar\u0131n kullan\u0131laca\u011f\u0131 alanlar\u0131n geni\u015f olmas\u0131 gerekir, dar alanlarda kullan\u0131lmas\u0131 uygun de\u011fildir.<\/li>\n<li>Rahatl\u0131k ve kolayl\u0131k sa\u011flad\u0131\u011f\u0131 i\u00e7in bir\u00e7ok yerde tercih edilen malzeme ta\u015f\u0131ma t\u00fcr\u00fcd\u00fcr.<\/li>\n<li>Kullan\u0131m alan\u0131 geni\u015ftir. Genellikle in\u015faat malzemelerini daha rahat ve kolay ta\u015f\u0131mak i\u00e7in kullan\u0131lmaktad\u0131r.<\/li>\n<\/ol>\n","protected":false},"featured_media":8351,"template":"","meta":{"_joinchat":[]},"product_brand":[],"product_cat":[15,688],"product_tag":[299,412,413,408,411,410,409,414],"class_list":{"0":"post-8350","1":"product","2":"type-product","3":"status-publish","4":"has-post-thumbnail","6":"product_cat-genel","7":"product_cat-konveyor","8":"product_tag-gida-tasima-asansoru","9":"product_tag-hamburger-soklama","10":"product_tag-manti-soklama","11":"product_tag-moduler-bantli-konveyor","12":"product_tag-pizza-soklama","13":"product_tag-sogutma-kulesi","14":"product_tag-spiral-otomasyon","15":"product_tag-sushi-konveyor","17":"first","18":"instock","19":"shipping-taxable","20":"product-type-simple"},"aioseo_notices":[],"_links":{"self":[{"href":"https:\/\/elevatorsan.com\/ar\/wp-json\/wp\/v2\/product\/8350","targetHints":{"allow":["GET"]}}],"collection":[{"href":"https:\/\/elevatorsan.com\/ar\/wp-json\/wp\/v2\/product"}],"about":[{"href":"https:\/\/elevatorsan.com\/ar\/wp-json\/wp\/v2\/types\/product"}],"version-history":[{"count":5,"href":"https:\/\/elevatorsan.com\/ar\/wp-json\/wp\/v2\/product\/8350\/revisions"}],"predecessor-version":[{"id":11471,"href":"https:\/\/elevatorsan.com\/ar\/wp-json\/wp\/v2\/product\/8350\/revisions\/11471"}],"wp:featuredmedia":[{"embeddable":true,"href":"https:\/\/elevatorsan.com\/ar\/wp-json\/wp\/v2\/media\/8351"}],"wp:attachment":[{"href":"https:\/\/elevatorsan.com\/ar\/wp-json\/wp\/v2\/media?parent=8350"}],"wp:term":[{"taxonomy":"product_brand","embeddable":true,"href":"https:\/\/elevatorsan.com\/ar\/wp-json\/wp\/v2\/product_brand?post=8350"},{"taxonomy":"product_cat","embeddable":true,"href":"https:\/\/elevatorsan.com\/ar\/wp-json\/wp\/v2\/product_cat?post=8350"},{"taxonomy":"product_tag","embeddable":true,"href":"https:\/\/elevatorsan.com\/ar\/wp-json\/wp\/v2\/product_tag?post=8350"}],"curies":[{"name":"wp","href":"https:\/\/api.w.org\/{rel}","templated":true}]}}