{"id":8361,"date":"2024-02-27T20:01:15","date_gmt":"2024-02-27T17:01:15","guid":{"rendered":"https:\/\/elevatorsan.com\/?post_type=product&#038;p=8361"},"modified":"2026-04-22T11:35:46","modified_gmt":"2026-04-22T08:35:46","slug":"zincirli-konveyor","status":"publish","type":"product","link":"https:\/\/elevatorsan.com\/ar\/urun\/zincirli-konveyor\/","title":{"rendered":"Zincirli Konvey\u00f6r"},"content":{"rendered":"<h3>Zincirli Konvey\u00f6rler galvanizli \u00e7elik sa\u00e7tan imal edilir; kullan\u0131m \u00f6mr\u00fc uzundur. Mod\u00fclerdir, civatal\u0131 ba\u011flant\u0131lar\u0131yla kolay montaj imkan\u0131 sa\u011flar.<\/h3>\n<p>&nbsp;<\/p>\n<p>Tahrik taraf\u0131nda g\u00f6zetleme cam\u0131 ve bak\u0131m kapa\u011f\u0131 bulunur. Ayr\u0131ca al\u0131n sac\u0131 civatalar\u0131 s\u00f6k\u00fclerek kolay bak\u0131m imkan\u0131 sa\u011flanm\u0131\u015f olur. Tahrik motoru g\u00fcc\u00fcne g\u00f6re, Kaplin aktarmal\u0131, zincir di\u015fli aktarmal\u0131 red\u00fckt\u00f6rl\u00fc motor ya da kay\u0131\u015f-kasnak tahrikli red\u00fckt\u00f6rl\u00fc motor se\u00e7enekleri ile en g\u00fcvenli ve verimli tahrik sistemi uygulan\u0131r. Standart olarak ta\u015fma sens\u00f6r\u00fc ve tur sens\u00f6r\u00fc ile g\u00fcvenli bir \u00e7al\u0131\u015fma sa\u011flar. Tambur di\u015flileri \u0131s\u0131l i\u015flem uygulanm\u0131\u015f a\u015f\u0131nmaya dayan\u0131kl\u0131 \u00e7elikten imal edilir.<\/p>\n<p>Bunker \u00e7\u0131k\u0131\u015f\u0131na uygun tekne tipi zincirli konvey\u00f6r kasalar\u0131 dizaynlar\u0131 da mevcuttur. Tekne tipi kasadan sonra kullan\u0131lan klepe ile istenilen kapasite ayarlanabilir.<br \/>\nZincirli konvey\u00f6rlerde \u00e7al\u0131\u015fma \u015fartlar\u0131na ve \u00fcr\u00fcne ba\u011fl\u0131 olarak plastik veya metal destekli plastik paletler kullan\u0131l\u0131r. D\u00f6vme \u00e7elik zincir baklalar\u0131, zincirli konvey\u00f6r\u00fcn kapasite ve boyuna g\u00f6re se\u00e7ilerek \u00a0y\u00fcksek \u00a0mukavemet sa\u011flan\u0131r.<\/p>\n","protected":false},"excerpt":{"rendered":"<h3>Zincirli Konvey\u00f6rler galvanizli \u00e7elik sa\u00e7tan imal edilir; kullan\u0131m \u00f6mr\u00fc uzundur. Mod\u00fclerdir, civatal\u0131 ba\u011flant\u0131lar\u0131yla kolay montaj imkan\u0131 sa\u011flar.<\/h3>\n<p>&nbsp;<\/p>\n<p>Tahrik taraf\u0131nda g\u00f6zetleme cam\u0131 ve bak\u0131m kapa\u011f\u0131 bulunur. Ayr\u0131ca al\u0131n sac\u0131 civatalar\u0131 s\u00f6k\u00fclerek kolay bak\u0131m imkan\u0131 sa\u011flanm\u0131\u015f olur. Tahrik motoru g\u00fcc\u00fcne g\u00f6re, Kaplin aktarmal\u0131, zincir di\u015fli aktarmal\u0131 red\u00fckt\u00f6rl\u00fc motor ya da kay\u0131\u015f-kasnak tahrikli red\u00fckt\u00f6rl\u00fc motor se\u00e7enekleri ile en g\u00fcvenli ve verimli tahrik sistemi uygulan\u0131r. Standart olarak ta\u015fma sens\u00f6r\u00fc ve tur sens\u00f6r\u00fc ile g\u00fcvenli bir \u00e7al\u0131\u015fma sa\u011flar. Tambur di\u015flileri \u0131s\u0131l i\u015flem uygulanm\u0131\u015f a\u015f\u0131nmaya dayan\u0131kl\u0131 \u00e7elikten imal edilir.<\/p>\n<p>Bunker \u00e7\u0131k\u0131\u015f\u0131na uygun tekne tipi zincirli konvey\u00f6r kasalar\u0131 dizaynlar\u0131 da mevcuttur. Tekne tipi kasadan sonra kullan\u0131lan klepe ile istenilen kapasite ayarlanabilir.<br \/>\nZincirli konvey\u00f6rlerde \u00e7al\u0131\u015fma \u015fartlar\u0131na ve \u00fcr\u00fcne ba\u011fl\u0131 olarak plastik veya metal destekli plastik paletler kullan\u0131l\u0131r. D\u00f6vme \u00e7elik zincir baklalar\u0131, zincirli konvey\u00f6r\u00fcn kapasite ve boyuna g\u00f6re se\u00e7ilerek \u00a0y\u00fcksek \u00a0mukavemet sa\u011flan\u0131r.<\/p>\n","protected":false},"featured_media":10814,"template":"","meta":{"_joinchat":[]},"product_brand":[],"product_cat":[15,688],"product_tag":[436,435,433,432,431,434],"class_list":{"0":"post-8361","1":"product","2":"type-product","3":"status-publish","4":"has-post-thumbnail","6":"product_cat-genel","7":"product_cat-konveyor","8":"product_tag-boyali-yem-tasima-konveyor","9":"product_tag-galvanizli-zincirli-konveyor","10":"product_tag-palet-yem-tasima-konveyoru","11":"product_tag-pelet-yem-konveyoru","12":"product_tag-zincirli-konveyor","13":"product_tag-zincirli-paletli-yerden-yem-tasima","15":"first","16":"instock","17":"shipping-taxable","18":"product-type-simple"},"aioseo_notices":[],"_links":{"self":[{"href":"https:\/\/elevatorsan.com\/ar\/wp-json\/wp\/v2\/product\/8361","targetHints":{"allow":["GET"]}}],"collection":[{"href":"https:\/\/elevatorsan.com\/ar\/wp-json\/wp\/v2\/product"}],"about":[{"href":"https:\/\/elevatorsan.com\/ar\/wp-json\/wp\/v2\/types\/product"}],"version-history":[{"count":3,"href":"https:\/\/elevatorsan.com\/ar\/wp-json\/wp\/v2\/product\/8361\/revisions"}],"predecessor-version":[{"id":10827,"href":"https:\/\/elevatorsan.com\/ar\/wp-json\/wp\/v2\/product\/8361\/revisions\/10827"}],"wp:featuredmedia":[{"embeddable":true,"href":"https:\/\/elevatorsan.com\/ar\/wp-json\/wp\/v2\/media\/10814"}],"wp:attachment":[{"href":"https:\/\/elevatorsan.com\/ar\/wp-json\/wp\/v2\/media?parent=8361"}],"wp:term":[{"taxonomy":"product_brand","embeddable":true,"href":"https:\/\/elevatorsan.com\/ar\/wp-json\/wp\/v2\/product_brand?post=8361"},{"taxonomy":"product_cat","embeddable":true,"href":"https:\/\/elevatorsan.com\/ar\/wp-json\/wp\/v2\/product_cat?post=8361"},{"taxonomy":"product_tag","embeddable":true,"href":"https:\/\/elevatorsan.com\/ar\/wp-json\/wp\/v2\/product_tag?post=8361"}],"curies":[{"name":"wp","href":"https:\/\/api.w.org\/{rel}","templated":true}]}}