{"id":8386,"date":"2024-02-27T20:57:08","date_gmt":"2024-02-27T17:57:08","guid":{"rendered":"https:\/\/elevatorsan.com\/?post_type=product&#038;p=8386"},"modified":"2026-04-22T11:34:03","modified_gmt":"2026-04-22T08:34:03","slug":"kapali-tip-konveyor","status":"publish","type":"product","link":"https:\/\/elevatorsan.com\/ar\/urun\/kapali-tip-konveyor\/","title":{"rendered":"Kapal\u0131 Tip Konvey\u00f6r"},"content":{"rendered":"<h4>Teknik \u00d6zellikler<\/h4>\n<hr \/>\n<table class=\"property-table\">\n<tbody>\n<tr>\n<th>Model<\/th>\n<th>Kapasite (ton\/saat)<\/th>\n<th>Bant H\u0131z\u0131 (m\/sn)<\/th>\n<th>Bant Geni\u015fli\u011fi (mm)<\/th>\n<\/tr>\n<tr>\n<td>\u00a0S-KBT 400<\/td>\n<td>50 &#8211; 100<\/td>\n<td>1,2 &#8211; 3<\/td>\n<td>400<\/td>\n<\/tr>\n<tr>\n<td>\u00a0S-KBT 500<\/td>\n<td>100 &#8211; 200<\/td>\n<td>1,2 &#8211; 3<\/td>\n<td>500<\/td>\n<\/tr>\n<tr>\n<td>\u00a0S-KBT 600<\/td>\n<td>150 &#8211; 200<\/td>\n<td>1,2 &#8211; 3<\/td>\n<td>600<\/td>\n<\/tr>\n<tr>\n<td>\u00a0S-KBT 700<\/td>\n<td>200 &#8211; 400<\/td>\n<td>1,2 &#8211; 3<\/td>\n<td>700<\/td>\n<\/tr>\n<tr>\n<td>\u00a0S-KBT 800<\/td>\n<td>250 &#8211; 500<\/td>\n<td>1,2 &#8211; 3<\/td>\n<td>800<\/td>\n<\/tr>\n<tr>\n<td>\u00a0S-KBT 1000<\/td>\n<td>350 &#8211; 700<\/td>\n<td>1,2 &#8211; 3<\/td>\n<td>1000<\/td>\n<\/tr>\n<tr>\n<td>\u00a0S-KBT 1200<\/td>\n<td>450 &#8211; 900<\/td>\n<td>1,2 &#8211; 3<\/td>\n<td>1200<\/td>\n<\/tr>\n<tr>\n<td>\u00a0S-KBT 1300<\/td>\n<td>500 &#8211; 1000<\/td>\n<td>1,2 &#8211; 3<\/td>\n<td>1300<\/td>\n<\/tr>\n<\/tbody>\n<\/table>\n<ul>\n<li aria-level=\"1\"><b>\u00a0ton\/saate kadar kapasite<\/b><\/li>\n<li aria-level=\"1\"><b>En hassas ve verimli malzeme iletim \u015fekli<\/b><\/li>\n<li aria-level=\"1\"><b>Uzun \u00f6m\u00fcr\u00a0<\/b><\/li>\n<li aria-level=\"1\"><b>Otomatik temizleme<\/b><\/li>\n<li aria-level=\"1\"><b>D\u00fc\u015f\u00fck bak\u0131m maliyeti<\/b><\/li>\n<li aria-level=\"1\"><b>D\u00fc\u015f\u00fck enerji sarfiyat\u0131<\/b><\/li>\n<li aria-level=\"1\"><\/li>\n<li aria-level=\"1\">Bant Konvey\u00f6rler, malzemeyi en hassas ve verimli olarak ileten g\u00f6t\u00fcr\u00fcc\u00fclerdir.Kapal\u0131 Tip Bant Konvey\u00f6rleri ise bu \u00f6nemli avantaja ilave olarak hava \u015fartlar\u0131ndan etkilenmeyen, toz ve d\u00f6k\u00fclen malzemeyi i\u00e7eride b\u0131rakan ve otomatik olarak kendi kendini temizleyen komple kapal\u0131 bir tasar\u0131m sunarlar. Mod\u00fcler yap\u0131s\u0131 sayesinde kolay montaj imkan\u0131 sa\u011flayan kapal\u0131 bantlar ayn\u0131 zamanda y\u00fcksek kapasitelere ula\u015fmay\u0131 sa\u011flarlar.\n<ul>\n<li aria-level=\"1\">Kuyruk tamburunun iki yan\u0131ndaki a\u015f\u0131nmaya dayan\u0131kl\u0131 UHMW paletler sayesinde, konvey\u00f6r i\u00e7ine d\u00f6k\u00fclm\u00fc\u015f malzeme tekrar bant \u00fczerine iletilir. B\u00f6ylece otomatik temizleme sa\u011flanarak, konvey\u00f6r i\u00e7inde birikme ve s\u0131k\u0131\u015fma \u00f6nlenmi\u015f olur.<\/li>\n<li aria-level=\"1\">Tabandaki a\u015f\u0131nmaya dayan\u0131kl\u0131, anti-statik UHMW polietilen levha, bant lasti\u011fine minimum s\u00fcrt\u00fcnmeyle destek sa\u011flayarak a\u015f\u0131nmay\u0131 \u00f6nler.<\/li>\n<li aria-level=\"1\">Rahat\u00e7a a\u00e7\u0131lan \u00fcst kapaklar sayesinde kolay bak\u0131m imkan\u0131<\/li>\n<li aria-level=\"1\">Anti-statik kau\u00e7uk kaplanm\u0131\u015f, minimum uzamal\u0131 g\u00fc\u00e7l\u00fc bant lasti\u011fi<\/li>\n<li aria-level=\"1\">Kapasiteye g\u00f6re se\u00e7ilmi\u015f, DIN normlar\u0131na uygun ikili veya \u00fc\u00e7l\u00fc ta\u015f\u0131y\u0131c\u0131 rulo gruplar\u0131<\/li>\n<li aria-level=\"1\">Kau\u00e7uk kaplamal\u0131 tahrik tamburu patinaj\u0131 \u00f6nleyerek, g\u00fcc\u00fcn tam aktar\u0131m\u0131n\u0131 sa\u011flar.<\/li>\n<\/ul>\n<\/li>\n<\/ul>\n","protected":false},"excerpt":{"rendered":"<p>Kapal\u0131 tip bant konvey\u00f6rler; toz ve gran\u00fcl \u00fcr\u00fcnlerin hassas olarak y\u00fcksek kapasitede ve uzak noktalara iletimini sa\u011flarlar. Tabanda a\u015f\u0131nmayan dayan\u0131kl\u0131 polietilen levha kullan\u0131larak bant s\u00fcrt\u00fcnmesi engellenir. \u00dcst kapaklar kolay a\u00e7\u0131l\u0131r ve \u00fcr\u00fcn\u00fc d\u0131\u015f etkenlerden korur. Tahrik tamburu kau\u00e7uk kaplanarak patinaj engellenmi\u015ftir.\u00a0 Kapal\u0131 tip bant konvey\u00f6rlerinde \u00fcr\u00fcnler birbirine kar\u0131\u015fmadan ta\u015f\u0131n\u0131rlar.<\/p>\n","protected":false},"featured_media":11112,"template":"","meta":{"_joinchat":[]},"product_brand":[],"product_cat":[15,688],"product_tag":[509,508,511,507,510],"class_list":{"0":"post-8386","1":"product","2":"type-product","3":"status-publish","4":"has-post-thumbnail","6":"product_cat-genel","7":"product_cat-konveyor","8":"product_tag-kapakli-bant","9":"product_tag-kapakli-pvc-bantli-konveyor","10":"product_tag-kapakli-tasima-bant","11":"product_tag-kapali-tip-konveyor-bant","12":"product_tag-uzeri-kapakli-bant","14":"first","15":"instock","16":"shipping-taxable","17":"product-type-simple"},"aioseo_notices":[],"_links":{"self":[{"href":"https:\/\/elevatorsan.com\/ar\/wp-json\/wp\/v2\/product\/8386","targetHints":{"allow":["GET"]}}],"collection":[{"href":"https:\/\/elevatorsan.com\/ar\/wp-json\/wp\/v2\/product"}],"about":[{"href":"https:\/\/elevatorsan.com\/ar\/wp-json\/wp\/v2\/types\/product"}],"version-history":[{"count":5,"href":"https:\/\/elevatorsan.com\/ar\/wp-json\/wp\/v2\/product\/8386\/revisions"}],"predecessor-version":[{"id":11148,"href":"https:\/\/elevatorsan.com\/ar\/wp-json\/wp\/v2\/product\/8386\/revisions\/11148"}],"wp:featuredmedia":[{"embeddable":true,"href":"https:\/\/elevatorsan.com\/ar\/wp-json\/wp\/v2\/media\/11112"}],"wp:attachment":[{"href":"https:\/\/elevatorsan.com\/ar\/wp-json\/wp\/v2\/media?parent=8386"}],"wp:term":[{"taxonomy":"product_brand","embeddable":true,"href":"https:\/\/elevatorsan.com\/ar\/wp-json\/wp\/v2\/product_brand?post=8386"},{"taxonomy":"product_cat","embeddable":true,"href":"https:\/\/elevatorsan.com\/ar\/wp-json\/wp\/v2\/product_cat?post=8386"},{"taxonomy":"product_tag","embeddable":true,"href":"https:\/\/elevatorsan.com\/ar\/wp-json\/wp\/v2\/product_tag?post=8386"}],"curies":[{"name":"wp","href":"https:\/\/api.w.org\/{rel}","templated":true}]}}