{"id":11585,"date":"2024-04-30T17:10:29","date_gmt":"2024-04-30T14:10:29","guid":{"rendered":"https:\/\/elevatorsan.com\/?post_type=product&#038;p=11585"},"modified":"2026-04-22T11:31:40","modified_gmt":"2026-04-22T08:31:40","slug":"tahil-depolama-sistemleriu-tipi-helezon","status":"publish","type":"product","link":"https:\/\/elevatorsan.com\/en\/urun\/tahil-depolama-sistemleriu-tipi-helezon\/","title":{"rendered":"Tah\u0131l Depolama Sistemleri(U Tipi Helezon)"},"content":{"rendered":"<h2 class=\"hSection highlightH3\">TEKNIK \u00d6ZELLIKLER<\/h2>\n<p>\u00c7ok ama\u00e7l\u0131, mod\u00fcler CA Tekne Tipi Helezon Konvey\u00f6r sistemi toz veya tanecikli malzemelerin ta\u015f\u0131nmas\u0131na y\u00f6nelik \u00e7ok say\u0131da \u00e7\u00f6z\u00fcm sunar. CA Helezon Konvey\u00f6rler uygun y\u00fczey i\u015flemine tabi tutulmu\u015f, karbon \u00e7eli\u011finden imal edilmi\u015ftir. S\u00f6z konusu konvey\u00f6rler en az bir \u00e7\u0131k\u0131\u015f a\u011fz\u0131 bulunan U veya V \u015feklinde tekneden, teknenin her bir ucunda bulunan bir u\u00e7 plakas\u0131ndan, her bir u\u00e7ta bulunan kaplin burcu ile ortadaki boruya kaynaklanm\u0131\u015f helisel vida yapra\u011f\u0131ndan, \u015faft ke\u00e7esiyle tamamlanan iki u\u00e7 yata\u011f\u0131 tertibat\u0131ndan, helezon konvey\u00f6r\u00fcn toplam uzunlu\u011funa ba\u011fl\u0131 olarak \u00e7ok say\u0131da ara ask\u0131 yata\u011f\u0131ndan ve c\u0131vatal\u0131 tekne kapak par\u00e7alar\u0131ndan olu\u015fmaktad\u0131r. Ayr\u0131ca, CA Tekne Tipi Helezon Konvey\u00f6rler uygulamaya uygun bir red\u00fckt\u00f6re sahiptir.<br \/>\nTa\u015f\u0131nacak malzemeye ba\u011fl\u0131 olarak CA Tekne Tipi Helezon Konvey\u00f6rler hafif, orta-a\u011f\u0131r veya ekstra a\u011f\u0131r hizmet tasar\u0131m\u0131nda temin edilirler.<\/p>\n","protected":false},"excerpt":{"rendered":"<p>\u00c7ok ama\u00e7l\u0131, mod\u00fcler CA Tekne Tipi Helezon Konvey\u00f6r sistemi toz veya tanecikli malzemelerin ta\u015f\u0131nmas\u0131na y\u00f6nelik \u00e7ok say\u0131da \u00e7\u00f6z\u00fcm sunar. Arpa, Bu\u011fday, Hayvan yemi, plastik i\u015fleme, sabun, toz deterjan ve deterjan i\u015fleme, hayvan yemi \u00f6\u011f\u00fctme, ah\u015fap i\u015fleme, kimyasal maddeler, \u00e7evre teknolojisi, \u00e7imento, kire\u00e7 ve al\u00e7\u0131ta\u015f\u0131 i\u015fleme ve madencilik sekt\u00f6rlerinde d\u00fcnya genelinde yayg\u0131n \u015fekilde kullan\u0131lmaktad\u0131r.<\/p>\n","protected":false},"featured_media":11586,"template":"","meta":{"_joinchat":[]},"product_brand":[],"product_cat":[15,689],"product_tag":[469,301,664,307,663,667,666,665],"class_list":{"0":"post-11585","1":"product","2":"type-product","3":"status-publish","4":"has-post-thumbnail","6":"product_cat-genel","7":"product_cat-helezon","8":"product_tag-aktarma-helezonu","9":"product_tag-bakliyat","10":"product_tag-hububat-depolama-helezonu","11":"product_tag-kinoa","12":"product_tag-tahil-depolama","13":"product_tag-tekne-helezon","14":"product_tag-u-tipi-tasima-helezonu","15":"product_tag-yem-tasima-helezonu","17":"first","18":"instock","19":"shipping-taxable","20":"product-type-simple"},"aioseo_notices":[],"_links":{"self":[{"href":"https:\/\/elevatorsan.com\/en\/wp-json\/wp\/v2\/product\/11585","targetHints":{"allow":["GET"]}}],"collection":[{"href":"https:\/\/elevatorsan.com\/en\/wp-json\/wp\/v2\/product"}],"about":[{"href":"https:\/\/elevatorsan.com\/en\/wp-json\/wp\/v2\/types\/product"}],"version-history":[{"count":1,"href":"https:\/\/elevatorsan.com\/en\/wp-json\/wp\/v2\/product\/11585\/revisions"}],"predecessor-version":[{"id":11598,"href":"https:\/\/elevatorsan.com\/en\/wp-json\/wp\/v2\/product\/11585\/revisions\/11598"}],"wp:featuredmedia":[{"embeddable":true,"href":"https:\/\/elevatorsan.com\/en\/wp-json\/wp\/v2\/media\/11586"}],"wp:attachment":[{"href":"https:\/\/elevatorsan.com\/en\/wp-json\/wp\/v2\/media?parent=11585"}],"wp:term":[{"taxonomy":"product_brand","embeddable":true,"href":"https:\/\/elevatorsan.com\/en\/wp-json\/wp\/v2\/product_brand?post=11585"},{"taxonomy":"product_cat","embeddable":true,"href":"https:\/\/elevatorsan.com\/en\/wp-json\/wp\/v2\/product_cat?post=11585"},{"taxonomy":"product_tag","embeddable":true,"href":"https:\/\/elevatorsan.com\/en\/wp-json\/wp\/v2\/product_tag?post=11585"}],"curies":[{"name":"wp","href":"https:\/\/api.w.org\/{rel}","templated":true}]}}