{"id":8271,"date":"2024-02-27T16:54:48","date_gmt":"2024-02-27T13:54:48","guid":{"rendered":"https:\/\/elevatorsan.com\/?post_type=product&#038;p=8271"},"modified":"2026-04-22T11:40:53","modified_gmt":"2026-04-22T08:40:53","slug":"dikey-kovali-elevator-boru-tip","status":"publish","type":"product","link":"https:\/\/elevatorsan.com\/en\/urun\/dikey-kovali-elevator-boru-tip\/","title":{"rendered":"Dikey Koval\u0131 Elevat\u00f6r Boru Tip"},"content":{"rendered":"<ul>\n<li>Elevatorsan Koval\u0131 elevat\u00f6rleri, Her t\u00fcrl\u00fc Toz ve Taneli G\u0131da &amp; End\u00fcstriyel \u00dcr\u00fcnlerin dikey olarak verimli ta\u015f\u0131nmas\u0131nda \u00e7\u00f6z\u00fcler sunar. Tamamen kapal\u0131 tip Elevat\u00f6rler \u0130stenilen mesafelerde \u00e7oklu d\u00f6k\u00fc\u015f yapabilir.<\/li>\n<li>Hassas Ta\u015f\u0131ma: Elevat\u00f6rsan koval\u0131 elevat\u00f6rleri, \u00d6zellkle G\u0131da sekt\u00f6r\u00fcndeki k\u0131r\u0131lgan \u00fcr\u00fcnlerin ta\u015f\u0131ma esnas\u0131nda zarar g\u00f6rmemesi i\u00e7in son teknoloji ile tasarlanm\u0131\u015ft\u0131r. Ta\u015f\u0131ma esnas\u0131nda kovalar \u00fcr\u00fcn al\u0131\u015f noktas\u0131nda birle\u015fir ve alt\u0131nda kesinlikle \u00fcr\u00fcn ka\u00e7\u0131rmaz, \u00dcr\u00fcn d\u00f6k\u00fc\u015f noktas\u0131nda da kovalar kendi a\u011f\u0131rl\u0131\u011f\u0131yla devrilir ve \u00fcr\u00fcn zarars\u0131z \u015fekilde aktar\u0131lm\u0131\u015f olur.<\/li>\n<li>Mod\u00fcler Tasar\u0131m: Elevatorsan Koval\u0131 elevat\u00f6rleri tamamen c\u0131vatal\u0131 birle\u015fim\/ Mod\u00fcler olarak tasarlan\u0131r ve \u00fcretilir. \u0130htiya\u00e7 halinde daha sonra boyutlar\u0131 de\u011fi\u015ftirilebilir, Kovalar\u0131 Kolayl\u0131kla yenilenebilir. En yayg\u0131n olan Z ve C tipi elavat\u00f6rlerdir. De\u011fi\u015fken kapasite beklentilerine g\u00f6re farkl\u0131 hacimlerde kova se\u00e7enekleri mevcuttur.<\/li>\n<\/ul>\n","protected":false},"excerpt":{"rendered":"<h4><strong>D\u0130KEY KAYI\u015eLI KOVALI BORU T\u0130P\u0130 ELEVAT\u00d6R<\/strong><\/h4>\n<p>Bantl\u0131 koval\u0131 elevat\u00f6r, dikey ta\u015f\u0131ma i\u00e7in kullan\u0131l\u0131r. Verimlili\u011fi nedeniyle b\u00fcy\u00fckl\u00fc\u011f\u00fc 50 mm ye kadar olan taneli d\u00f6kme malzemelerin ta\u015f\u0131nmalar\u0131nda olduk\u00e7a elveri\u015flidir.<\/p>\n<p>Koval\u0131 elevat\u00f6r, malzemenin bir noktadan istenilen noktaya dikey olarak ta\u015f\u0131nmas\u0131nda kullan\u0131lan mekanik ta\u015f\u0131ma ekipman\u0131d\u0131r. \u00d6zellikle a\u011f\u0131r ve y\u00fcksek miktarda dikey ta\u015f\u0131nmas\u0131 gereken toz ve gran\u00fcl gibi y\u0131\u011f\u0131n malzemelerin ta\u015f\u0131nmas\u0131nda \u00e7ok kullan\u0131\u015fl\u0131 bir mekanik ta\u015f\u0131ma ekipman\u0131d\u0131r.<\/p>\n<p>Koval\u0131 elevat\u00f6rler dikey ta\u015f\u0131man\u0131n gerekli oldu\u011fu b\u00fct\u00fcn toz ve gran\u00fcl tipi proseslerde kullan\u0131lmaktad\u0131r.<\/p>\n<h2>KULLANIM ALANI<\/h2>\n<p>\u2022 \u00d6zellikle g\u0131da sekt\u00f6r\u00fc i\u00e7in tasarlanm\u0131\u015f olup g\u0131da sekt\u00f6r\u00fc d\u0131\u015f\u0131ndaki sanayi dallar\u0131nda da uygulanmaktad\u0131r.<br \/>\n\u2022 G\u0131da sanayiinde; Un, irmik ve yem fabrikalar\u0131nda, Bira fabrikalar\u0131nda,G\u0131da i\u015fleme tesislerinde,Kakao ve kahve i\u015fleme tesislerinde,<br \/>\n\u2022 Kimya ve benzeri sanayilerde, \u00e7imento sanayiinde,g\u00fcbre sanayiinde, kire\u00e7 ve ta\u015f tesislerinde.<br \/>\n\u2022 Di\u011fer benzeri sanayi tesislerinde.<\/p>\n<h2>\u00d6ZELL\u0130KLER\u0130 VE AVANTAJLARI<\/h2>\n<p>\u2022 Az g\u00fc\u00e7 sarfiyat\u0131 ile y\u00fcksek verim,<br \/>\n\u2022 Kolay ve minimum bak\u0131m,<br \/>\n\u2022 Dayan\u0131kl\u0131l\u0131k ve uzun \u00f6m\u00fcr,<br \/>\n\u2022 Sorunsuz \u00e7al\u0131\u015fma,<br \/>\n\u2022 \u201cHareket y\u00f6n\u00fc\u201d emniyetini sa\u011flayan kontrol sens\u00f6r\u00fc mevcuttur.<\/p>\n<p>Koval\u0131 elevat\u00f6r \u00fcretim prosesinde dikey ta\u015f\u0131man\u0131n gerekli oldu\u011fu prosesin verimli \u00e7al\u0131\u015fmas\u0131 sadece sa\u011fl\u0131kl\u0131 i\u015fleyen dikey ta\u015f\u0131ma sistem ekipmanlar\u0131na ba\u011fl\u0131d\u0131r.<\/p>\n<p>Koval\u0131 elevat\u00f6rler\u00a0 \u00e7ok de\u011fi\u015fik t\u00fcrde malzemelerin dikey ta\u015f\u0131nmas\u0131nda end\u00fcstriyel tesislerde en \u00e7ok kullan\u0131lan dikey ta\u015f\u0131ma sistemidir.<\/p>\n","protected":false},"featured_media":8274,"template":"","meta":{"_joinchat":[]},"product_brand":[],"product_cat":[690,15,687],"product_tag":[302,303,304,309,306,300,310,307,308,311,305],"class_list":{"0":"post-8271","1":"product","2":"type-product","3":"status-publish","4":"has-post-thumbnail","6":"product_cat-boru-tip-elevatorler","7":"product_cat-genel","8":"product_cat-kovali-elevator","9":"product_tag-arpa","10":"product_tag-bugday","11":"product_tag-elevator","12":"product_tag-fasulye","13":"product_tag-gida-tasima-elevatoru","14":"product_tag-hububat","15":"product_tag-hububat-elevatoru","16":"product_tag-kinoa","17":"product_tag-nohut","18":"product_tag-tahil-aktarma-elevatoru","19":"product_tag-urun-tasima-asansoru","21":"first","22":"instock","23":"shipping-taxable","24":"product-type-simple"},"aioseo_notices":[],"_links":{"self":[{"href":"https:\/\/elevatorsan.com\/en\/wp-json\/wp\/v2\/product\/8271","targetHints":{"allow":["GET"]}}],"collection":[{"href":"https:\/\/elevatorsan.com\/en\/wp-json\/wp\/v2\/product"}],"about":[{"href":"https:\/\/elevatorsan.com\/en\/wp-json\/wp\/v2\/types\/product"}],"version-history":[{"count":6,"href":"https:\/\/elevatorsan.com\/en\/wp-json\/wp\/v2\/product\/8271\/revisions"}],"predecessor-version":[{"id":10326,"href":"https:\/\/elevatorsan.com\/en\/wp-json\/wp\/v2\/product\/8271\/revisions\/10326"}],"wp:featuredmedia":[{"embeddable":true,"href":"https:\/\/elevatorsan.com\/en\/wp-json\/wp\/v2\/media\/8274"}],"wp:attachment":[{"href":"https:\/\/elevatorsan.com\/en\/wp-json\/wp\/v2\/media?parent=8271"}],"wp:term":[{"taxonomy":"product_brand","embeddable":true,"href":"https:\/\/elevatorsan.com\/en\/wp-json\/wp\/v2\/product_brand?post=8271"},{"taxonomy":"product_cat","embeddable":true,"href":"https:\/\/elevatorsan.com\/en\/wp-json\/wp\/v2\/product_cat?post=8271"},{"taxonomy":"product_tag","embeddable":true,"href":"https:\/\/elevatorsan.com\/en\/wp-json\/wp\/v2\/product_tag?post=8271"}],"curies":[{"name":"wp","href":"https:\/\/api.w.org\/{rel}","templated":true}]}}