{"id":8312,"date":"2024-02-27T17:43:19","date_gmt":"2024-02-27T14:43:19","guid":{"rendered":"https:\/\/elevatorsan.com\/?post_type=product&#038;p=8312"},"modified":"2026-04-22T11:40:31","modified_gmt":"2026-04-22T08:40:31","slug":"devirmeli-z-kovali-elevator","status":"publish","type":"product","link":"https:\/\/elevatorsan.com\/en\/urun\/devirmeli-z-kovali-elevator\/","title":{"rendered":"Devirmeli Z Koval\u0131 Elevat\u00f6r"},"content":{"rendered":"<h4 style=\"font-weight: 600;\">DEVIRMELI TIP DIKEY Z ELEVAT\u00d6R<\/h4>\n<p style=\"font-weight: 400;\">Bakliyat, tohum, bu\u011fday vb. tar\u0131m \u00fcr\u00fcnlerinin ve k\u0131r\u0131lganl\u0131\u011f\u0131 y\u00fcksek end\u00fcstriyel hammaddelerin proses i\u00e7inde ve ya paketleme esnas\u0131nda bir noktadan di\u011fer bir noktaya ta\u015f\u0131nmas\u0131 esnas\u0131nda kullan\u0131lan makinedir. Ta\u015f\u0131ma esnas\u0131nda \u00fcr\u00fcne zarar vermemesinden dolay\u0131 tercih edilir.<\/p>\n<p style=\"font-weight: 400;\">Yatay ve d\u00fc\u015fey eksenlerde ayn\u0131 anda ta\u015f\u0131ma yapabilme kabiliyetinden dolay\u0131 kompleks \u00fcretim hatlar\u0131nda \u00e7ok verimli \u00e7\u00f6z\u00fcmler sunar. Yatay ve d\u00fc\u015fey eksen uzunluklar\u0131 istenilen \u00f6l\u00e7\u00fclerde imal edilebilir. D\u00fc\u015fey eksende 90\u2070 a\u00e7\u0131 ile \u00e7\u0131kacak \u015fekilde tasarland\u0131\u011f\u0131 i\u00e7in \u201cdikey z elevat\u00f6r\u201d olarak isimlendirilmi\u015ftir. Bu a\u00e7\u0131 ile hareket edecek \u015fekilde tasarlanmas\u0131n\u0131n sebebi \u00e7al\u0131\u015fma alan\u0131n\u0131n dar oldu\u011fu i\u015fletmelerde sa\u011fl\u0131kl\u0131 \u00e7\u00f6z\u00fcmler sunmas\u0131d\u0131r.<\/p>\n<p style=\"font-weight: 400;\">Standart z elevat\u00f6rlerden en \u00f6nemli fark\u0131 birden fazla noktada \u00fcr\u00fcn bo\u015faltabilme \u00f6zelli\u011fi olmas\u0131d\u0131r. Birden fazla z elevat\u00f6re ihtiya\u00e7 duyulan proseslerde tek elevat\u00f6r ile \u00e7\u00f6z\u00fcm \u00fcretilebilir. \u00c7ok d\u00f6kmeli sistemlerde \u00f6zel otomasyona ve hava tesisat\u0131na ihtiya\u00e7 duyulur. D\u00f6kme i\u015flemi \u201cpinomatik elemanlar\u201d yard\u0131m\u0131yla yap\u0131l\u0131r.<\/p>\n<h4 style=\"font-weight: 600;\">\u00c7ALI\u015eMA PRENSIBI;<\/h4>\n<p style=\"font-weight: 400;\">Makine i\u00e7indeki di\u015fliler boyunca \u00e7al\u0131\u015fan sonsuz zincir sistemine \u00f6zel tasarlanm\u0131\u015f kovalar tak\u0131l\u0131r. Kovalar i\u00e7erisine bo\u015falt\u0131lan \u00fcr\u00fcn d\u00f6k\u00fc\u015f noktas\u0131nda \u00f6zel d\u00f6kme aparatlar\u0131 ile d\u00f6nme hareketi yaparak d\u00f6k\u00fcl\u00fcr. \u00dcr\u00fcn verme i\u015fleminin homojen olmas\u0131 gerekti\u011finden genellikle vibro besleyici hazneler ile \u00fcretilir. Homojen (d\u00fczg\u00fcn ve sabit) ak\u0131\u015f\u0131n oldu\u011fu proseslerde \u00fcr\u00fcn toplay\u0131c\u0131 (\u015fut) elemanlar ile de \u00e7al\u0131\u015ft\u0131r\u0131labilir.<\/p>\n","protected":false},"excerpt":{"rendered":"<ul>\n<li>Elevatorsan Koval\u0131 elevat\u00f6rleri, Her t\u00fcrl\u00fc Toz ve Taneli G\u0131da &amp; End\u00fcstriyel \u00dcr\u00fcnlerin dikey olarak verimli ta\u015f\u0131nmas\u0131nda \u00e7\u00f6z\u00fcler sunar. Tamamen kapal\u0131 tip Elevat\u00f6rler \u0130stenilen mesafelerde \u00e7oklu d\u00f6k\u00fc\u015f yapabilir.<\/li>\n<li>Hassas Ta\u015f\u0131ma: Elevat\u00f6rsan koval\u0131 elevat\u00f6rleri, \u00d6zellkle G\u0131da sekt\u00f6r\u00fcndeki k\u0131r\u0131lgan \u00fcr\u00fcnlerin ta\u015f\u0131ma esnas\u0131nda zarar g\u00f6rmemesi i\u00e7in son teknoloji ile tasarlanm\u0131\u015ft\u0131r. Ta\u015f\u0131ma esnas\u0131nda kovalar \u00fcr\u00fcn al\u0131\u015f noktas\u0131nda birle\u015fir ve alt\u0131nda kesinlikle \u00fcr\u00fcn ka\u00e7\u0131rmaz, \u00dcr\u00fcn d\u00f6k\u00fc\u015f noktas\u0131nda da kovalar kendi a\u011f\u0131rl\u0131\u011f\u0131yla devrilir ve \u00fcr\u00fcn zarars\u0131z \u015fekilde aktar\u0131lm\u0131\u015f olur.<\/li>\n<li>Mod\u00fcler Tasar\u0131m: Elevatorsan Koval\u0131 elevat\u00f6rleri tamamen c\u0131vatal\u0131 birle\u015fim\/ Mod\u00fcler olarak tasarlan\u0131r ve \u00fcretilir. \u0130htiya\u00e7 halinde daha sonra boyutlar\u0131 de\u011fi\u015ftirilebilir, Kovalar\u0131 Kolayl\u0131kla yenilenebilir. En yayg\u0131n olan Z ve C tipi elavat\u00f6rlerdir. De\u011fi\u015fken kapasite beklentilerine g\u00f6re farkl\u0131 hacimlerde kova se\u00e7enekleri mevcuttur.<\/li>\n<li>\n<h4 style=\"font-weight: 600;\">\u00c7ALI\u015eMA PRENSIBI;<\/h4>\n<p style=\"font-weight: 400;\">Makine i\u00e7indeki di\u015fliler boyunca \u00e7al\u0131\u015fan sonsuz zincir sistemine \u00f6zel tasarlanm\u0131\u015f kovalar tak\u0131l\u0131r. Kovalar i\u00e7erisine bo\u015falt\u0131lan \u00fcr\u00fcn d\u00f6k\u00fc\u015f noktas\u0131nda \u00f6zel d\u00f6kme aparatlar\u0131 ile d\u00f6nme hareketi yaparak d\u00f6k\u00fcl\u00fcr. \u00dcr\u00fcn verme i\u015fleminin homojen olmas\u0131 gerekti\u011finden genellikle vibro besleyici hazneler ile \u00fcretilir. Homojen (d\u00fczg\u00fcn ve sabit) ak\u0131\u015f\u0131n oldu\u011fu proseslerde \u00fcr\u00fcn toplay\u0131c\u0131 (\u015fut) elemanlar ile de \u00e7al\u0131\u015ft\u0131r\u0131labilir.<\/p>\n<\/li>\n<\/ul>\n","protected":false},"featured_media":8313,"template":"","meta":{"_joinchat":[]},"product_brand":[],"product_cat":[15,687,692],"product_tag":[302,303,332,331,306,300,307,336,335,337,334,333],"class_list":{"0":"post-8312","1":"product","2":"type-product","3":"status-publish","4":"has-post-thumbnail","6":"product_cat-genel","7":"product_cat-kovali-elevator","8":"product_cat-z-tip-elevatorler","9":"product_tag-arpa","10":"product_tag-bugday","11":"product_tag-coklu-devirmeli-elevator","12":"product_tag-devirmeli-z-elevator","13":"product_tag-gida-tasima-elevatoru","14":"product_tag-hububat","15":"product_tag-kinoa","16":"product_tag-misir","17":"product_tag-pirinc","18":"product_tag-toz-seker","19":"product_tag-urun-tasima-kovali-asansor","20":"product_tag-z-tipi-sonsuz-kovali-devirmeli-elevator","22":"first","23":"instock","24":"shipping-taxable","25":"product-type-simple"},"aioseo_notices":[],"_links":{"self":[{"href":"https:\/\/elevatorsan.com\/en\/wp-json\/wp\/v2\/product\/8312","targetHints":{"allow":["GET"]}}],"collection":[{"href":"https:\/\/elevatorsan.com\/en\/wp-json\/wp\/v2\/product"}],"about":[{"href":"https:\/\/elevatorsan.com\/en\/wp-json\/wp\/v2\/types\/product"}],"version-history":[{"count":3,"href":"https:\/\/elevatorsan.com\/en\/wp-json\/wp\/v2\/product\/8312\/revisions"}],"predecessor-version":[{"id":10435,"href":"https:\/\/elevatorsan.com\/en\/wp-json\/wp\/v2\/product\/8312\/revisions\/10435"}],"wp:featuredmedia":[{"embeddable":true,"href":"https:\/\/elevatorsan.com\/en\/wp-json\/wp\/v2\/media\/8313"}],"wp:attachment":[{"href":"https:\/\/elevatorsan.com\/en\/wp-json\/wp\/v2\/media?parent=8312"}],"wp:term":[{"taxonomy":"product_brand","embeddable":true,"href":"https:\/\/elevatorsan.com\/en\/wp-json\/wp\/v2\/product_brand?post=8312"},{"taxonomy":"product_cat","embeddable":true,"href":"https:\/\/elevatorsan.com\/en\/wp-json\/wp\/v2\/product_cat?post=8312"},{"taxonomy":"product_tag","embeddable":true,"href":"https:\/\/elevatorsan.com\/en\/wp-json\/wp\/v2\/product_tag?post=8312"}],"curies":[{"name":"wp","href":"https:\/\/api.w.org\/{rel}","templated":true}]}}