{"id":8339,"date":"2024-02-27T19:44:51","date_gmt":"2024-02-27T16:44:51","guid":{"rendered":"https:\/\/elevatorsan.com\/?post_type=product&#038;p=8339"},"modified":"2026-04-22T11:36:35","modified_gmt":"2026-04-22T08:36:35","slug":"cukur-pvc-bantli-konveyor","status":"publish","type":"product","link":"https:\/\/elevatorsan.com\/en\/urun\/cukur-pvc-bantli-konveyor\/","title":{"rendered":"\u00c7ukur Pvc Bantl\u0131 Konvey\u00f6r"},"content":{"rendered":"<h2><strong>PVC Bantl\u0131 Konvey\u00f6r (D\u00fcz \u2013 D\u00f6n\u00fc\u015fl\u00fc) Teknik \u00d6zellikleri<\/strong><\/h2>\n<table border=\"1\" width=\"453\" cellspacing=\"5\" cellpadding=\"1\" align=\"\">\n<tbody>\n<tr>\n<td><strong>Ta\u015f\u0131y\u0131c\u0131 Sistem<\/strong><\/td>\n<td>PVC Bant<\/td>\n<\/tr>\n<tr>\n<td><strong>Bant Tipi<\/strong><\/td>\n<td>PVC<\/td>\n<\/tr>\n<tr>\n<td><strong>Tahrik Tanburu<\/strong><\/td>\n<td>\u00c7elik Tanbur<\/td>\n<\/tr>\n<tr>\n<td><strong>Motor Tahrik Ba\u011flant\u0131 Sistem<\/strong><\/td>\n<td>Ayarlanabilir direkt ba\u011fl\u0131 moment ayakl\u0131 montaj,<br \/>\n\u015eok emicili moment ayakl\u0131 montaj<\/td>\n<\/tr>\n<tr>\n<td><strong>Motor Tahrik Aktarma Sistemi<\/strong><\/td>\n<td>Zincirli aktarma, Direkt akuple<\/td>\n<\/tr>\n<tr>\n<td><strong>Bant \u00a0Hareket Aktarma Sistemi<\/strong><\/td>\n<td>Silindirik kesitli boydan boya mil<\/td>\n<\/tr>\n<tr>\n<td><strong>Sens\u00f6r Ba\u011flant\u0131 Sistemi<\/strong><\/td>\n<td>Darbelere dayan\u0131kl\u0131 muhafaza<\/td>\n<\/tr>\n<tr>\n<td><strong>Ayak Sistemi<\/strong><\/td>\n<td>Y\u00fcksekli\u011fi ayarlanabilir-(iste\u011fe ba\u011fl\u0131)<\/p>\n<h2><strong>PVC Bantl\u0131 Konvey\u00f6r Elemanlar\u0131\u00a0<\/strong><\/h2>\n<p>Ana elamanlar\u0131 \u015fu \u015fekilde s\u0131ralanabilir;<\/p>\n<ul>\n<li>\u00dcr\u00fcn\u00fc transfer eden\u00a0 bant<\/li>\n<li>Ta\u015f\u0131y\u0131c\u0131 ve d\u00f6n\u00fc\u015f makaralar\u0131<\/li>\n<li>Ba\u015f, kuyruk, gergi ve sapt\u0131rma<\/li>\n<li>Tahrik d\u00fczeni<\/li>\n<li>\u015easi<\/li>\n<li>Y\u00fckleme d\u00fczeni<\/li>\n<li>Bo\u015faltma d\u00fczeni<\/li>\n<li>Di\u011fer te\u00e7hizat<\/li>\n<\/ul>\n<\/td>\n<\/tr>\n<\/tbody>\n<\/table>\n","protected":false},"excerpt":{"rendered":"<h1 class=\"product-title product_title entry-title\">PVC \u00c7ukur Bantl\u0131 Konvey\u00f6r<\/h1>\n<div class=\"is-divider small\"><\/div>\n<div class=\"product-short-description\">\n<p>PVC Bantl\u0131 Konvey\u00f6r (D\u00fcz \u2013 D\u00f6n\u00fc\u015fl\u00fc) makinas\u0131 \u00dcr\u00fcn Ta\u015f\u0131ma Sistemi kategorisinde bulunan bir makinad\u0131r.Koli, kutu, \u00e7uval, torba, ambalajl\u0131 veya ambalajs\u0131z \u00fcr\u00fcnlerin en k\u0131sa zamanda transferini sa\u011flarlar. PVC bantl\u0131 konvey\u00f6r \u00fczerinde ta\u015f\u0131nmas\u0131 sa\u011flanacak \u00fcr\u00fcnler \u00e7e\u015fitlilik g\u00f6sterebilir. PVC bantl\u0131 konvey\u00f6rle ta\u015f\u0131nacak malzemeler \u00e7ok fazla \u00e7e\u015fitlilik g\u00f6sterebilir ve bantl\u0131 konvey\u00f6rler, ta\u015f\u0131nan malzemenin d\u00fczg\u00fcn bir y\u00fczeye sahip olmamas\u0131 nedeniyle tercih edilir.\u00a0 \u00d6rne\u011fin \u00e7ok ince taneli toz, iri taneli k\u00f6m\u00fcr, ta\u015f, kum, tah\u0131l vs. gibi farkl\u0131 tip ve boyuttaki y\u0131\u011fma malzemeler bantl\u0131 konvey\u00f6r ile rahatl\u0131kla ta\u015f\u0131nabilir. Ta\u015f\u0131nacak \u00fcr\u00fcn\u00fcn tipine ve gerekli olan h\u0131za g\u00f6re ayarlanabilir. \u00dcr\u00fcn tipinize ve ortam\u0131na en uygun konvey\u00f6r sistemini beraber belirleyelim.<\/p>\n<ol>\n<li>Zor ta\u015f\u0131nabilen malzemeleri kolayl\u0131kla ta\u015f\u0131yabilme \u00f6zelli\u011fi mevcuttur.<\/li>\n<li>Yerde ve y\u00fcksekte olan e\u015fya ve malzemeleri kolayl\u0131kla ta\u015f\u0131r.<\/li>\n<li>En k\u0131sa s\u00fcrede malzemenin ta\u015f\u0131nmas\u0131n\u0131 sa\u011flayarak zamandan tasarruf etmemizi sa\u011flar.<\/li>\n<li>\u0130nsan g\u00fcc\u00fcne gerek kalmadan ta\u015f\u0131ma i\u015flemi \u00e7ok rahat bir \u015fekilde ger\u00e7ekle\u015ftirilir.<\/li>\n<li>Her t\u00fcrl\u00fc malzemeye g\u00f6re \u00e7e\u015fitleri mevcuttur.<\/li>\n<li>Motora ba\u011fl\u0131 olarak \u00e7al\u0131\u015fmaktad\u0131r.<\/li>\n<li>\u0130nsan g\u00fcc\u00fc olmad\u0131\u011f\u0131 i\u00e7in maliyeti en uygun olan ta\u015f\u0131ma t\u00fcr\u00fcd\u00fcr.<\/li>\n<li>Dayan\u0131kl\u0131 olmas\u0131 sebebi ile \u00e7ok fazla tercih edilmektedir.<\/li>\n<li>G\u00fcn\u00fcm\u00fczde kullan\u0131lan modern ta\u015f\u0131ma sistemlerinden biridir.<\/li>\n<li>Bu bantlar\u0131n kullan\u0131laca\u011f\u0131 alanlar\u0131n geni\u015f olmas\u0131 gerekir, dar alanlarda kullan\u0131lmas\u0131 uygun de\u011fildir.<\/li>\n<li>Rahatl\u0131k ve kolayl\u0131k sa\u011flad\u0131\u011f\u0131 i\u00e7in bir\u00e7ok yerde tercih edilen malzeme ta\u015f\u0131ma t\u00fcr\u00fcd\u00fcr.<\/li>\n<li>Kullan\u0131m alan\u0131 geni\u015ftir. Genellikle in\u015faat malzemelerini daha rahat ve kolay ta\u015f\u0131mak i\u00e7in kullan\u0131lmaktad\u0131r.<\/li>\n<\/ol>\n<\/div>\n","protected":false},"featured_media":10678,"template":"","meta":{"_joinchat":[]},"product_brand":[],"product_cat":[15,688],"product_tag":[302,303,369,368,309,347,373,307,308,367,346,354,370,371,372],"class_list":{"0":"post-8339","1":"product","2":"type-product","3":"status-publish","4":"has-post-thumbnail","6":"product_cat-genel","7":"product_cat-konveyor","8":"product_tag-arpa","9":"product_tag-bugday","10":"product_tag-cukur-pvc-bantli-konveyor","11":"product_tag-duz-bant","12":"product_tag-fasulye","13":"product_tag-granul","14":"product_tag-hafiftane-banti","15":"product_tag-kinoa","16":"product_tag-nohut","17":"product_tag-ortasi-cukur-bant","18":"product_tag-plastik","19":"product_tag-pvc-bantli-konveyor","20":"product_tag-pvc-kapli-urun-tasima","21":"product_tag-pvc-konveyor","22":"product_tag-toz-urun-tasima","24":"first","25":"instock","26":"shipping-taxable","27":"product-type-simple"},"aioseo_notices":[],"_links":{"self":[{"href":"https:\/\/elevatorsan.com\/en\/wp-json\/wp\/v2\/product\/8339","targetHints":{"allow":["GET"]}}],"collection":[{"href":"https:\/\/elevatorsan.com\/en\/wp-json\/wp\/v2\/product"}],"about":[{"href":"https:\/\/elevatorsan.com\/en\/wp-json\/wp\/v2\/types\/product"}],"version-history":[{"count":4,"href":"https:\/\/elevatorsan.com\/en\/wp-json\/wp\/v2\/product\/8339\/revisions"}],"predecessor-version":[{"id":11467,"href":"https:\/\/elevatorsan.com\/en\/wp-json\/wp\/v2\/product\/8339\/revisions\/11467"}],"wp:featuredmedia":[{"embeddable":true,"href":"https:\/\/elevatorsan.com\/en\/wp-json\/wp\/v2\/media\/10678"}],"wp:attachment":[{"href":"https:\/\/elevatorsan.com\/en\/wp-json\/wp\/v2\/media?parent=8339"}],"wp:term":[{"taxonomy":"product_brand","embeddable":true,"href":"https:\/\/elevatorsan.com\/en\/wp-json\/wp\/v2\/product_brand?post=8339"},{"taxonomy":"product_cat","embeddable":true,"href":"https:\/\/elevatorsan.com\/en\/wp-json\/wp\/v2\/product_cat?post=8339"},{"taxonomy":"product_tag","embeddable":true,"href":"https:\/\/elevatorsan.com\/en\/wp-json\/wp\/v2\/product_tag?post=8339"}],"curies":[{"name":"wp","href":"https:\/\/api.w.org\/{rel}","templated":true}]}}