{"id":8344,"date":"2024-02-27T19:51:39","date_gmt":"2024-02-27T16:51:39","guid":{"rendered":"https:\/\/elevatorsan.com\/?post_type=product&#038;p=8344"},"modified":"2026-04-22T11:36:14","modified_gmt":"2026-04-22T08:36:14","slug":"secme-bantli-konveyor","status":"publish","type":"product","link":"https:\/\/elevatorsan.com\/en\/urun\/secme-bantli-konveyor\/","title":{"rendered":"Se\u00e7me Bantl\u0131 Konvey\u00f6r"},"content":{"rendered":"<p class=\"name\"><em><strong>Se\u00e7me Band\u0131<\/strong><\/em><\/p>\n<p>\u00dcr\u00fcn Kodu:<em> S.Belt-025<\/em><\/p>\n<p>&nbsp;<\/p>\n<div align=\"justify\">\u00c7e\u015fitli a\u015famalardan ge\u00e7erek temizlenmi\u015f olan \u00fcr\u00fcn, i\u00e7erisindeki bulundurdu\u011fu rengi bozuk olan taneleri ay\u0131klamak i\u00e7in kullan\u0131l\u0131r. Sortex(renk ay\u0131r\u0131c\u0131) makinesinin kullan\u0131lmad\u0131\u011f\u0131 tesislerde uygulan\u0131r. Sortex(renk ay\u0131r\u0131c\u0131) makinesinden sonra en son kontrol olarakta uygulamalar\u0131 mevcuttur.<\/div>\n","protected":false},"excerpt":{"rendered":"<p class=\"name\"><em><strong>Se\u00e7me Band\u0131<\/strong><\/em><\/p>\n<p>\u00dcr\u00fcn Kodu:<em> S.Belt-025<\/em><\/p>\n<div align=\"justify\">\u00c7e\u015fitli a\u015famalardan ge\u00e7erek temizlenmi\u015f olan \u00fcr\u00fcn, i\u00e7erisindeki bulundurdu\u011fu rengi bozuk olan taneleri ay\u0131klamak i\u00e7in kullan\u0131l\u0131r. Sortex(renk ay\u0131r\u0131c\u0131) makinesinin kullan\u0131lmad\u0131\u011f\u0131 tesislerde uygulan\u0131r. Sortex(renk ay\u0131r\u0131c\u0131) makinesinden sonra en son kontrol olarakta uygulamalar\u0131 mevcuttur.<\/div>\n<p>Kuruyemi\u015f se\u00e7me band\u0131. Kaliteli ve hatas\u0131z \u00fcr\u00fcn se\u00e7imi \u0130\u00e7in kullan\u0131l\u0131r. \u00e7al\u0131\u015fan personelin rahat ve d\u00fczg\u00fcn se\u00e7im yapaca\u011f\u0131 \u015fekilde dizayn edilmi\u015ftir. I\u015f\u0131kland\u0131rmas\u0131 vard\u0131r. H\u0131z kontrol ile diledi\u011finiz h\u0131zda \u00e7al\u0131\u015ft\u0131rabilirsiniz. Kullan\u0131lan pvc band\u0131 g\u0131daya uygun sertifikal\u0131d\u0131r. Enerji t\u00fcketimi 1,1 kw. \u0130ste\u011fe g\u00f6re tamamen Krom\u2019dan \u00fcretimimiz vard\u0131r.<\/p>\n<ol>\n<li>Zor ta\u015f\u0131nabilen malzemeleri kolayl\u0131kla ta\u015f\u0131yabilme \u00f6zelli\u011fi mevcuttur.<\/li>\n<li>Yerde ve y\u00fcksekte olan e\u015fya ve malzemeleri kolayl\u0131kla ta\u015f\u0131r.<\/li>\n<li>En k\u0131sa s\u00fcrede malzemenin ta\u015f\u0131nmas\u0131n\u0131 sa\u011flayarak zamandan tasarruf etmemizi sa\u011flar.<\/li>\n<li>\u0130nsan g\u00fcc\u00fcne gerek kalmadan ta\u015f\u0131ma i\u015flemi \u00e7ok rahat bir \u015fekilde ger\u00e7ekle\u015ftirilir.<\/li>\n<li>Her t\u00fcrl\u00fc malzemeye g\u00f6re \u00e7e\u015fitleri mevcuttur.<\/li>\n<li>Motora ba\u011fl\u0131 olarak \u00e7al\u0131\u015fmaktad\u0131r.<\/li>\n<li>\u0130nsan g\u00fcc\u00fc olmad\u0131\u011f\u0131 i\u00e7in maliyeti en uygun olan ta\u015f\u0131ma t\u00fcr\u00fcd\u00fcr.<\/li>\n<li>Dayan\u0131kl\u0131 olmas\u0131 sebebi ile \u00e7ok fazla tercih edilmektedir.<\/li>\n<li>G\u00fcn\u00fcm\u00fczde kullan\u0131lan modern ta\u015f\u0131ma sistemlerinden biridir.<\/li>\n<li>Bu bantlar\u0131n kullan\u0131laca\u011f\u0131 alanlar\u0131n geni\u015f olmas\u0131 gerekir, dar alanlarda kullan\u0131lmas\u0131 uygun de\u011fildir.<\/li>\n<li>Rahatl\u0131k ve kolayl\u0131k sa\u011flad\u0131\u011f\u0131 i\u00e7in bir\u00e7ok yerde tercih edilen malzeme ta\u015f\u0131ma t\u00fcr\u00fcd\u00fcr.<\/li>\n<li>Kullan\u0131m alan\u0131 geni\u015ftir. Genellikle in\u015faat malzemelerini daha rahat ve kolay ta\u015f\u0131mak i\u00e7in kullan\u0131lmaktad\u0131r.<\/li>\n<\/ol>\n","protected":false},"featured_media":8345,"template":"","meta":{"_joinchat":[]},"product_brand":[],"product_cat":[15,688],"product_tag":[406,404,398,399,397,400,402,304,381,382,383,384,401,403,385,386,393,387,388,405,407,389,390,396,394,391,392,395],"class_list":{"0":"post-8344","1":"product","2":"type-product","3":"status-publish","4":"has-post-thumbnail","6":"product_cat-genel","7":"product_cat-konveyor","8":"product_tag-badem-tasima-makinasi","9":"product_tag-bakliyat-tasima-makinasi","10":"product_tag-bant","11":"product_tag-dik-bant","12":"product_tag-dik-elevator","13":"product_tag-dik-tasima","14":"product_tag-dik-tasima-sistemi","15":"product_tag-elevator","16":"product_tag-fistik-bandi","17":"product_tag-fistik-makinalari","18":"product_tag-fistik-makinasi","19":"product_tag-fistik-secme-bandi","20":"product_tag-fistik-tasima-makinalari","21":"product_tag-fistik-tasima-makinasi","22":"product_tag-gaziantep-bant-cesitleri","23":"product_tag-gaziantep-konveyor-bant","24":"product_tag-gaziantep-tasima-z-elevator","25":"product_tag-konveyor","26":"product_tag-konveyor-bant","27":"product_tag-kuruyemis-tasima-makinasi","28":"product_tag-led-isikli-secme-bant","29":"product_tag-secme-bandi","30":"product_tag-tasima-bandi","31":"product_tag-tasima-elevatoru","32":"product_tag-tasima-z-elevatorleri","33":"product_tag-urun-bandi","34":"product_tag-urun-secme-bandi","35":"product_tag-z-elevator","37":"first","38":"instock","39":"shipping-taxable","40":"product-type-simple"},"aioseo_notices":[],"_links":{"self":[{"href":"https:\/\/elevatorsan.com\/en\/wp-json\/wp\/v2\/product\/8344","targetHints":{"allow":["GET"]}}],"collection":[{"href":"https:\/\/elevatorsan.com\/en\/wp-json\/wp\/v2\/product"}],"about":[{"href":"https:\/\/elevatorsan.com\/en\/wp-json\/wp\/v2\/types\/product"}],"version-history":[{"count":6,"href":"https:\/\/elevatorsan.com\/en\/wp-json\/wp\/v2\/product\/8344\/revisions"}],"predecessor-version":[{"id":11474,"href":"https:\/\/elevatorsan.com\/en\/wp-json\/wp\/v2\/product\/8344\/revisions\/11474"}],"wp:featuredmedia":[{"embeddable":true,"href":"https:\/\/elevatorsan.com\/en\/wp-json\/wp\/v2\/media\/8345"}],"wp:attachment":[{"href":"https:\/\/elevatorsan.com\/en\/wp-json\/wp\/v2\/media?parent=8344"}],"wp:term":[{"taxonomy":"product_brand","embeddable":true,"href":"https:\/\/elevatorsan.com\/en\/wp-json\/wp\/v2\/product_brand?post=8344"},{"taxonomy":"product_cat","embeddable":true,"href":"https:\/\/elevatorsan.com\/en\/wp-json\/wp\/v2\/product_cat?post=8344"},{"taxonomy":"product_tag","embeddable":true,"href":"https:\/\/elevatorsan.com\/en\/wp-json\/wp\/v2\/product_tag?post=8344"}],"curies":[{"name":"wp","href":"https:\/\/api.w.org\/{rel}","templated":true}]}}