{"id":8359,"date":"2024-02-27T19:59:28","date_gmt":"2024-02-27T16:59:28","guid":{"rendered":"https:\/\/elevatorsan.com\/?post_type=product&#038;p=8359"},"modified":"2026-04-22T11:35:52","modified_gmt":"2026-04-22T08:35:52","slug":"rulolu-konveyor","status":"publish","type":"product","link":"https:\/\/elevatorsan.com\/en\/urun\/rulolu-konveyor\/","title":{"rendered":"Rulolu Konvey\u00f6r"},"content":{"rendered":"<p>Rulolu Konvey\u00f6r hat boyunca ta\u015f\u0131nacak \u00fcr\u00fcnleri h\u0131zl\u0131 bir \u015fekilde ta\u015f\u0131maya olanak sa\u011flar. Avare ve tahrik rulolu olarak ikiye ayr\u0131l\u0131r.<\/p>\n<p>Ta\u015f\u0131nacak \u00fcr\u00fcnlere g\u00f6re rulo \u00e7ap\u0131, rulo aral\u0131klar\u0131 ve tahrik aktarma t\u00fcr\u00fc belirlenir, buna g\u00f6re a\u011f\u0131r y\u00fcklerde de sorunsuz \u00e7al\u0131\u015fmas\u0131 sa\u011flan\u0131r.<\/p>\n<p>Ta\u015f\u0131nmas\u0131 istenilen \u00fcr\u00fcn\u00fcn \u00f6zelliklerine ve kullan\u0131laca\u011f\u0131 alana g\u00f6re rulo tipleri; boru i\u00e7i rulmanl\u0131 veya boru yatakl\u0131 rulo \u00e7e\u015fitleri ile her t\u00fcrl\u00fc d\u00fcz tabanl\u0131 \u00fcr\u00fcnleri ta\u015f\u0131maya elveri\u015flidir.<\/p>\n<p>Ta\u015f\u0131nmas\u0131 istenilen \u00fcr\u00fcn\u00fcn \u00f6zelliklerine ve kullan\u0131laca\u011f\u0131 alana g\u00f6re \u015fase malzemesi ve \u015fase tipleri; D\u00fcz, E\u011fimli ve d\u00f6n\u00fc\u015fl\u00fc (10\u00b0 ile 180\u00b0 aras\u0131) olarak \u00fcretilebilmektedir. \u015ease malzemesi, \u00c7elik (ST37, ST42, ST52, DKP), Paslanmaz \u00c7elik (AISI 304, AISI 316, AISI 304L, AISI 316L) ve Al\u00fcminyum olarak \u00fcretilebilmektedir.<\/p>\n<ol>\n<li>Zor ta\u015f\u0131nabilen malzemeleri kolayl\u0131kla ta\u015f\u0131yabilme \u00f6zelli\u011fi mevcuttur.<\/li>\n<li>Yerde ve y\u00fcksekte olan e\u015fya ve malzemeleri kolayl\u0131kla ta\u015f\u0131r.<\/li>\n<li>En k\u0131sa s\u00fcrede malzemenin ta\u015f\u0131nmas\u0131n\u0131 sa\u011flayarak zamandan tasarruf etmemizi sa\u011flar.<\/li>\n<li>\u0130nsan g\u00fcc\u00fcne gerek kalmadan ta\u015f\u0131ma i\u015flemi \u00e7ok rahat bir \u015fekilde ger\u00e7ekle\u015ftirilir.<\/li>\n<li>Her t\u00fcrl\u00fc malzemeye g\u00f6re \u00e7e\u015fitleri mevcuttur.<\/li>\n<li>Motora ba\u011fl\u0131 olarak \u00e7al\u0131\u015fmaktad\u0131r.<\/li>\n<li>\u0130nsan g\u00fcc\u00fc olmad\u0131\u011f\u0131 i\u00e7in maliyeti en uygun olan ta\u015f\u0131ma t\u00fcr\u00fcd\u00fcr.<\/li>\n<li>Dayan\u0131kl\u0131 olmas\u0131 sebebi ile \u00e7ok fazla tercih edilmektedir.<\/li>\n<li>G\u00fcn\u00fcm\u00fczde kullan\u0131lan modern ta\u015f\u0131ma sistemlerinden biridir.<\/li>\n<li>Bu bantlar\u0131n kullan\u0131laca\u011f\u0131 alanlar\u0131n geni\u015f olmas\u0131 gerekir, dar alanlarda kullan\u0131lmas\u0131 uygun de\u011fildir.<\/li>\n<li>Rahatl\u0131k ve kolayl\u0131k sa\u011flad\u0131\u011f\u0131 i\u00e7in bir\u00e7ok yerde tercih edilen malzeme ta\u015f\u0131ma t\u00fcr\u00fcd\u00fcr.<\/li>\n<li>Kullan\u0131m alan\u0131 geni\u015ftir. Genellikle in\u015faat malzemelerini daha rahat ve kolay ta\u015f\u0131mak i\u00e7in kullan\u0131lmaktad\u0131r.<\/li>\n<\/ol>\n<p><b>Genel Kullan\u0131m Alanlar\u0131<\/b><br \/>\n&#8211; Tekstil<br \/>\n&#8211; Otomotiv<br \/>\n&#8211; Depo<br \/>\n&#8211; Ambalaj<br \/>\n&#8211; Havaalanlar\u0131<br \/>\n&#8211; Elektrik-Elektronik<br \/>\n&#8211; Matbaa<\/p>\n","protected":false},"excerpt":{"rendered":"<div class=\"elementor-element elementor-element-ed17b61 elementor-widget elementor-widget-heading\" data-id=\"ed17b61\" data-element_type=\"widget\" data-widget_type=\"heading.default\">\n<div class=\"elementor-widget-container\">\n<h2 class=\"elementor-heading-title elementor-size-default\">\u00dcr\u00fcn A\u00e7\u0131klamas\u0131<\/h2>\n<\/div>\n<\/div>\n<div class=\"elementor-element elementor-element-99c0551 elementor-widget-divider--view-line elementor-widget elementor-widget-divider\" data-id=\"99c0551\" data-element_type=\"widget\" data-widget_type=\"divider.default\">\n<div class=\"elementor-widget-container\">\n<div class=\"elementor-divider\"><\/div>\n<\/div>\n<\/div>\n<div class=\"elementor-element elementor-element-0d39589 elementor-widget elementor-widget-text-editor\" data-id=\"0d39589\" data-element_type=\"widget\" data-widget_type=\"text-editor.default\">\n<div class=\"elementor-widget-container\">Serbest Rulolu Konvey\u00f6rler, genellikle montaj hatlar\u0131nda birbirine yak\u0131n istasyonlar aras\u0131nda operat\u00f6r\u00fcn \u0130ttirmesi ile par\u00e7alar\u0131n ta\u015f\u0131nmas\u0131nda kullan\u0131l\u0131r. Ayr\u0131ca stok sahalar\u0131nda raflara monte edilebilirler. Yakla\u015f\u0131k 4\u00ba \u2013 5\u00ba e\u011fimle monte edilen rulolar sayesinde uzun raflarda mallar \u00f6n k\u0131s\u0131mdan al\u0131nd\u0131k\u00e7a arkadakiler \u00f6ne do\u011fru ilerleyerek y\u00fckleme ve bo\u015faltmada kolayl\u0131k sa\u011flarlar. Sorter sistemlerinde ve Reject istasyonlar\u0131nda kullan\u0131l\u0131rlar. \u00dcr\u00fcnlerin serbest bi\u00e7imde a\u00e7\u0131l\u0131 konvey\u00f6r \u00fczerinde h\u0131zlanmas\u0131 durumunda belli aral\u0131klarla fren sistemi ile h\u0131zlar\u0131 kontrol edilebilir. Mod\u00fcler olduklar\u0131ndan her alanda rahat kullan\u0131l\u0131r ve yer de\u011fi\u015ftirilebilirler. Bu konvey\u00f6rlerin uzun kullan\u0131m \u00f6m\u00fcrleri ve ar\u0131za yapmamas\u0131 b\u00fcy\u00fck avantaj sa\u011flar.<\/div>\n<div>\n<div class=\"elementor-element elementor-element-c679bd0 elementor-widget elementor-widget-heading\" data-id=\"c679bd0\" data-element_type=\"widget\" data-widget_type=\"heading.default\">\n<div class=\"elementor-widget-container\">\n<h2 class=\"elementor-heading-title elementor-size-default\">Avantajlar\u0131<\/h2>\n<\/div>\n<\/div>\n<div class=\"elementor-element elementor-element-7145f9e elementor-widget-divider--view-line elementor-widget elementor-widget-divider\" data-id=\"7145f9e\" data-element_type=\"widget\" data-widget_type=\"divider.default\">\n<div class=\"elementor-widget-container\">\n<div class=\"elementor-divider\"><\/div>\n<\/div>\n<\/div>\n<div class=\"elementor-element elementor-element-ead00d9 elementor-icon-list--layout-traditional elementor-list-item-link-full_width elementor-widget elementor-widget-icon-list\" data-id=\"ead00d9\" data-element_type=\"widget\" data-widget_type=\"icon-list.default\">\n<div class=\"elementor-widget-container\">\n<ul class=\"elementor-icon-list-items\">\n<li class=\"elementor-icon-list-item\"><i class=\"fas fa-circle\" aria-hidden=\"true\"><\/i><span class=\"elementor-icon-list-text\">D\u00fc\u015f\u00fck bak\u0131m maliyeti<\/span><\/li>\n<li class=\"elementor-icon-list-item\"><i class=\"fas fa-circle\" aria-hidden=\"true\"><\/i><span class=\"elementor-icon-list-text\">S\u0131f\u0131r enerji maliyeti<\/span><\/li>\n<li class=\"elementor-icon-list-item\"><i class=\"fas fa-circle\" aria-hidden=\"true\"><\/i><span class=\"elementor-icon-list-text\">Uzun \u00f6m\u00fcr<\/span><\/li>\n<li class=\"elementor-icon-list-item\"><i class=\"fas fa-circle\" aria-hidden=\"true\"><\/i><span class=\"elementor-icon-list-text\">D\u00fc\u015f\u00fck ses seviyesi<\/span><\/li>\n<li class=\"elementor-icon-list-item\"><i class=\"fas fa-circle\" aria-hidden=\"true\"><\/i><span class=\"elementor-icon-list-text\">Kolay montaj<\/span><\/li>\n<li class=\"elementor-icon-list-item\"><i class=\"fas fa-circle\" aria-hidden=\"true\"><\/i><span class=\"elementor-icon-list-text\">Mod\u00fcler tasar\u0131m ve esnek revizyon imkan\u0131<\/span><\/li>\n<li>\n<div class=\"elementor-element elementor-element-dcf8b15 elementor-widget elementor-widget-heading\" data-id=\"dcf8b15\" data-element_type=\"widget\" data-widget_type=\"heading.default\">\n<div class=\"elementor-widget-container\">\n<h2 class=\"elementor-heading-title elementor-size-default\">Teknik Detaylar<\/h2>\n<\/div>\n<\/div>\n<div class=\"elementor-element elementor-element-1bc988a elementor-widget-divider--view-line elementor-widget elementor-widget-divider\" data-id=\"1bc988a\" data-element_type=\"widget\" data-widget_type=\"divider.default\">\n<div class=\"elementor-widget-container\">\n<div class=\"elementor-divider\"><\/div>\n<\/div>\n<\/div>\n<div class=\"elementor-element elementor-element-34f758c elementor-widget elementor-widget-jet-table\" data-id=\"34f758c\" data-element_type=\"widget\" data-widget_type=\"jet-table.default\">\n<div class=\"elementor-widget-container\">\n<div class=\"elementor-jet-table jet-elements\">\n<div class=\"jet-table-wrapper\">\n<table class=\"jet-table jet-table--fa5-compat\">\n<thead class=\"jet-table__head\">\n<tr class=\"jet-table__head-row\">\n<th class=\"jet-table__cell elementor-repeater-item-e4880b8 jet-table__head-cell\" scope=\"col\">\n<div class=\"jet-table__cell-inner\">\n<div class=\"jet-table__cell-content\"><\/div>\n<\/div>\n<\/th>\n<th class=\"jet-table__cell elementor-repeater-item-558d030 jet-table__head-cell\" scope=\"col\">\n<div class=\"jet-table__cell-inner\">\n<div class=\"jet-table__cell-content\"><\/div>\n<\/div>\n<\/th>\n<\/tr>\n<\/thead>\n<tbody class=\"jet-table__body\">\n<tr class=\"jet-table__body-row elementor-repeater-item-050f5c7\">\n<td class=\"jet-table__cell elementor-repeater-item-4f01b22 jet-table__body-cell\">\n<div class=\"jet-table__cell-inner\">\n<div class=\"jet-table__cell-content\">\n<div class=\"jet-table__cell-text\">H\u0131z<\/div>\n<\/div>\n<\/div>\n<\/td>\n<td class=\"jet-table__cell elementor-repeater-item-50f8735 jet-table__body-cell\">\n<div class=\"jet-table__cell-inner\">\n<div class=\"jet-table__cell-content\">\n<div class=\"jet-table__cell-text\">12-30 m \/ dk<\/div>\n<\/div>\n<\/div>\n<\/td>\n<\/tr>\n<tr class=\"jet-table__body-row elementor-repeater-item-b506421\">\n<td class=\"jet-table__cell elementor-repeater-item-361f36b jet-table__body-cell\">\n<div class=\"jet-table__cell-inner\">\n<div class=\"jet-table__cell-content\">\n<div class=\"jet-table__cell-text\">Rulo \u00e7ap\u0131 Q<\/div>\n<\/div>\n<\/div>\n<\/td>\n<td class=\"jet-table__cell elementor-repeater-item-7401a88 jet-table__body-cell\">\n<div class=\"jet-table__cell-inner\">\n<div class=\"jet-table__cell-content\">\n<div class=\"jet-table__cell-text\">50-90 mm<\/div>\n<\/div>\n<\/div>\n<\/td>\n<\/tr>\n<tr class=\"jet-table__body-row elementor-repeater-item-a50073c\">\n<td class=\"jet-table__cell elementor-repeater-item-0ba0ef0 jet-table__body-cell\">\n<div class=\"jet-table__cell-inner\">\n<div class=\"jet-table__cell-content\">\n<div class=\"jet-table__cell-text\">Minimum Konvey\u00f6r Y\u00fcksekli\u011fi<\/div>\n<\/div>\n<\/div>\n<\/td>\n<td class=\"jet-table__cell elementor-repeater-item-8221055 jet-table__body-cell\">\n<div class=\"jet-table__cell-inner\">\n<div class=\"jet-table__cell-content\">\n<div class=\"jet-table__cell-text\">300 mm<\/div>\n<\/div>\n<\/div>\n<\/td>\n<\/tr>\n<tr class=\"jet-table__body-row elementor-repeater-item-b9343eb\">\n<td class=\"jet-table__cell elementor-repeater-item-8d883c7 jet-table__body-cell\">\n<div class=\"jet-table__cell-inner\">\n<div class=\"jet-table__cell-content\">\n<div class=\"jet-table__cell-text\">Motor G\u00fcc\u00fc<\/div>\n<\/div>\n<\/div>\n<\/td>\n<td class=\"jet-table__cell elementor-repeater-item-ea55053 jet-table__body-cell\">\n<div class=\"jet-table__cell-inner\">\n<div class=\"jet-table__cell-content\">\n<div class=\"jet-table__cell-text\">Yok<\/div>\n<\/div>\n<\/div>\n<\/td>\n<\/tr>\n<tr class=\"jet-table__body-row elementor-repeater-item-335afa4\">\n<td class=\"jet-table__cell elementor-repeater-item-04789f0 jet-table__body-cell\">\n<div class=\"jet-table__cell-inner\">\n<div class=\"jet-table__cell-content\">\n<div class=\"jet-table__cell-text\">Gerilim<\/div>\n<\/div>\n<\/div>\n<\/td>\n<td class=\"jet-table__cell elementor-repeater-item-ae57498 jet-table__body-cell\">\n<div class=\"jet-table__cell-inner\">\n<div class=\"jet-table__cell-content\">\n<div class=\"jet-table__cell-text\">Yok<\/div>\n<\/div>\n<\/div>\n<\/td>\n<\/tr>\n<tr class=\"jet-table__body-row elementor-repeater-item-d3fa4d2\">\n<td class=\"jet-table__cell elementor-repeater-item-22d56f5 jet-table__body-cell\">\n<div class=\"jet-table__cell-inner\">\n<div class=\"jet-table__cell-content\">\n<div class=\"jet-table__cell-text\">Renk<\/div>\n<\/div>\n<\/div>\n<\/td>\n<td class=\"jet-table__cell elementor-repeater-item-b7a661e jet-table__body-cell\">\n<div class=\"jet-table__cell-inner\">\n<div class=\"jet-table__cell-content\">\n<div class=\"jet-table__cell-text\">M\u00fc\u015fteri talebine uygun<\/div>\n<\/div>\n<\/div>\n<\/td>\n<\/tr>\n<tr class=\"jet-table__body-row elementor-repeater-item-bf1210d\">\n<td class=\"jet-table__cell elementor-repeater-item-0dacca5 jet-table__body-cell\">\n<div class=\"jet-table__cell-inner\">\n<div class=\"jet-table__cell-content\">\n<div class=\"jet-table__cell-text\">Ta\u015f\u0131ma Kapasitesi max (1mt \u0130\u00e7in)<\/div>\n<\/div>\n<\/div>\n<\/td>\n<td class=\"jet-table__cell elementor-repeater-item-df76758 jet-table__body-cell\">\n<div class=\"jet-table__cell-inner\">\n<div class=\"jet-table__cell-content\">\n<div class=\"jet-table__cell-text\">1500 KG<\/div>\n<\/div>\n<\/div>\n<\/td>\n<\/tr>\n<tr class=\"jet-table__body-row elementor-repeater-item-ed08e58\">\n<td class=\"jet-table__cell elementor-repeater-item-7794997 jet-table__body-cell\">\n<div class=\"jet-table__cell-inner\">\n<div class=\"jet-table__cell-content\">\n<div class=\"jet-table__cell-text\">\u00c7al\u0131\u015fma Ortam\u0131<\/div>\n<\/div>\n<\/div>\n<\/td>\n<td class=\"jet-table__cell elementor-repeater-item-be67fda jet-table__body-cell\">\n<div class=\"jet-table__cell-inner\">\n<div class=\"jet-table__cell-content\">\n<div class=\"jet-table__cell-text\">+ 5 \u00b0C \u2013 + 50 \u00b0C<\/div>\n<\/div>\n<\/div>\n<\/td>\n<\/tr>\n<\/tbody>\n<\/table>\n<div class=\"elementor-element elementor-element-f917d6c elementor-widget elementor-widget-heading\" data-id=\"f917d6c\" data-element_type=\"widget\" data-widget_type=\"heading.default\">\n<div class=\"elementor-widget-container\">\n<h2 class=\"elementor-heading-title elementor-size-default\">Kullan\u0131m Alanlar\u0131<\/h2>\n<\/div>\n<\/div>\n<div class=\"elementor-element elementor-element-9492281 elementor-widget-divider--view-line elementor-widget elementor-widget-divider\" data-id=\"9492281\" data-element_type=\"widget\" data-widget_type=\"divider.default\">\n<div class=\"elementor-widget-container\">\n<div class=\"elementor-divider\"><\/div>\n<\/div>\n<\/div>\n<div class=\"elementor-element elementor-element-eb1b131 elementor-icon-list--layout-traditional elementor-list-item-link-full_width elementor-widget elementor-widget-icon-list\" data-id=\"eb1b131\" data-element_type=\"widget\" data-widget_type=\"icon-list.default\">\n<div class=\"elementor-widget-container\">\n<ul class=\"elementor-icon-list-items\">\n<li class=\"elementor-icon-list-item\"><i class=\"fas fa-circle\" aria-hidden=\"true\"><\/i><span class=\"elementor-icon-list-text\">T\u00fct\u00fcn<\/span><\/li>\n<li class=\"elementor-icon-list-item\"><i class=\"fas fa-circle\" aria-hidden=\"true\"><\/i><span class=\"elementor-icon-list-text\">H\u0131zl\u0131 T\u00fcketim \u00dcr\u00fcnleri<\/span><\/li>\n<li class=\"elementor-icon-list-item\"><i class=\"fas fa-circle\" aria-hidden=\"true\"><\/i><span class=\"elementor-icon-list-text\">Tar\u0131m<\/span><\/li>\n<li class=\"elementor-icon-list-item\"><i class=\"fas fa-circle\" aria-hidden=\"true\"><\/i><span class=\"elementor-icon-list-text\">Lojistik<\/span><\/li>\n<li class=\"elementor-icon-list-item\"><i class=\"fas fa-circle\" aria-hidden=\"true\"><\/i><span class=\"elementor-icon-list-text\">Otomotiv<\/span><\/li>\n<li class=\"elementor-icon-list-item\"><i class=\"fas fa-circle\" aria-hidden=\"true\"><\/i><span class=\"elementor-icon-list-text\">Mobilya<\/span><\/li>\n<li class=\"elementor-icon-list-item\"><i class=\"fas fa-circle\" aria-hidden=\"true\"><\/i><span class=\"elementor-icon-list-text\">\u0130n\u015faat Malzemeleri<\/span><\/li>\n<li class=\"elementor-icon-list-item\"><i class=\"fas fa-circle\" aria-hidden=\"true\"><\/i><span class=\"elementor-icon-list-text\">\u0130la\u00e7<\/span><\/li>\n<li class=\"elementor-icon-list-item\"><i class=\"fas fa-circle\" aria-hidden=\"true\"><\/i><span class=\"elementor-icon-list-text\">Tekstil<\/span><\/li>\n<li class=\"elementor-icon-list-item\"><i class=\"fas fa-circle\" aria-hidden=\"true\"><\/i><span class=\"elementor-icon-list-text\">Paketleme<\/span><\/li>\n<\/ul>\n<\/div>\n<\/div>\n<\/div>\n<\/div>\n<\/div>\n<\/div>\n<\/li>\n<\/ul>\n<\/div>\n<\/div>\n<\/div>\n<\/div>\n","protected":false},"featured_media":10794,"template":"","meta":{"_joinchat":[]},"product_brand":[],"product_cat":[15,688],"product_tag":[429,646,427,428,647,645,426,430],"class_list":{"0":"post-8359","1":"product","2":"type-product","3":"status-publish","4":"has-post-thumbnail","6":"product_cat-genel","7":"product_cat-konveyor","8":"product_tag-ambalaj-tasima-asansor","9":"product_tag-avare-konveyor","10":"product_tag-avare-rulolu-konveyor","11":"product_tag-koli-tasima-konveyoru","12":"product_tag-motorsuz-avare-bant","13":"product_tag-rulolu-konveyor","14":"product_tag-tahrik-rulolu-konveyor","15":"product_tag-urun-tasima-konveyor","17":"first","18":"instock","19":"shipping-taxable","20":"product-type-simple"},"aioseo_notices":[],"_links":{"self":[{"href":"https:\/\/elevatorsan.com\/en\/wp-json\/wp\/v2\/product\/8359","targetHints":{"allow":["GET"]}}],"collection":[{"href":"https:\/\/elevatorsan.com\/en\/wp-json\/wp\/v2\/product"}],"about":[{"href":"https:\/\/elevatorsan.com\/en\/wp-json\/wp\/v2\/types\/product"}],"version-history":[{"count":6,"href":"https:\/\/elevatorsan.com\/en\/wp-json\/wp\/v2\/product\/8359\/revisions"}],"predecessor-version":[{"id":11473,"href":"https:\/\/elevatorsan.com\/en\/wp-json\/wp\/v2\/product\/8359\/revisions\/11473"}],"wp:featuredmedia":[{"embeddable":true,"href":"https:\/\/elevatorsan.com\/en\/wp-json\/wp\/v2\/media\/10794"}],"wp:attachment":[{"href":"https:\/\/elevatorsan.com\/en\/wp-json\/wp\/v2\/media?parent=8359"}],"wp:term":[{"taxonomy":"product_brand","embeddable":true,"href":"https:\/\/elevatorsan.com\/en\/wp-json\/wp\/v2\/product_brand?post=8359"},{"taxonomy":"product_cat","embeddable":true,"href":"https:\/\/elevatorsan.com\/en\/wp-json\/wp\/v2\/product_cat?post=8359"},{"taxonomy":"product_tag","embeddable":true,"href":"https:\/\/elevatorsan.com\/en\/wp-json\/wp\/v2\/product_tag?post=8359"}],"curies":[{"name":"wp","href":"https:\/\/api.w.org\/{rel}","templated":true}]}}