{"id":8371,"date":"2024-02-27T20:50:40","date_gmt":"2024-02-27T17:50:40","guid":{"rendered":"https:\/\/elevatorsan.com\/?post_type=product&#038;p=8371"},"modified":"2026-04-22T11:35:09","modified_gmt":"2026-04-22T08:35:09","slug":"boru-tip-besleme-helezonu","status":"publish","type":"product","link":"https:\/\/elevatorsan.com\/en\/urun\/boru-tip-besleme-helezonu\/","title":{"rendered":"Boru Tip Besleme Helezonu"},"content":{"rendered":"<h2 class=\"kfo10h-0 jwpZKO\">Helezon\u00a0 Avantajlar\u0131<\/h2>\n<div class=\"sc-1te1cm4-0 gSYeaZ\">\n<div class=\"sc-1orsgbx-0 fLzfLC\">\n<p>\u00b7\u00a0 \u00a0 \u00a0 \u00a0Giri\u015f ve \u00c7\u0131k\u0131\u015f a\u011f\u0131zlar\u0131 i\u00e7in silindirik, konik, kare, dikd\u00f6rtgen \u00fcniversal mafsal, kau\u00e7uk \u00fcniversal mafsal veya \u00f6zel tasar\u0131mlar gibi pek \u00e7ok alternatif sunulmaktad\u0131r.<\/p>\n<p>\u00b7\u00a0 \u00a0 \u00a0 \u00a0T\u00fcm giri\u015f ve \u00e7\u0131k\u0131\u015f a\u011fz\u0131 opsiyonlar\u0131 i\u00e7in talebe g\u00f6re klepe ba\u011flant\u0131 flan\u015flar\u0131 mevcuttur.<\/p>\n<p>\u00b7\u00a0 \u00a0 \u00a0 \u00a0Farkl\u0131 elektrik motor se\u00e7enekleri ve y\u00fcksek verimli, sessiz red\u00fckt\u00f6r \u00fcniteleri kullan\u0131lmaktad\u0131r.<\/p>\n<p>\u00b7\u00a0 \u00a0 \u00a0 \u00a0\u00dcst\u00fcn imalat teknolojisine ek olarak,\u00a0 art\u0131r\u0131lm\u0131\u015f helis ve boru kal\u0131nl\u0131klar\u0131 sayesinde uzun \u00f6m\u00fcr ve sorunsuz \u00e7al\u0131\u015fma elde edilmi\u015ftir.<\/p>\n<p>\u00b7\u00a0 \u00a0 \u00a0 \u00a0Tecr\u00fcbeyle geli\u015ftirilmi\u015f, uzun \u00f6m\u00fcrl\u00fc, segman ayarl\u0131 \u00f6zel tasar\u0131m ara yataklar bulunmaktad\u0131r.<\/p>\n<p>\u00b7\u00a0 \u00a0 \u00a0 \u00a0Korozyona kar\u015f\u0131 g\u00fc\u00e7lendirilmi\u015f kumlama ve nominal 80 mikron anti-statik toz boyama uygulanmaktad\u0131r.<\/p>\n<p>\u00b7\u00a0 \u00a0 \u00a0 \u00a0Sevkiyat \u00f6ncesi %100 montaj ve \u00e7al\u0131\u015ft\u0131rma testleri yap\u0131lmaktad\u0131r.<\/p>\n<p><strong>YAPISAL B\u0130LE\u015eENLER<\/strong><\/p>\n<p><strong>Elektrik Motoru<\/strong>: IE2 verimlilik s\u0131n\u0131f\u0131nda ve standart olarak termist\u00f6rl\u00fc.<\/p>\n<p><strong>Red\u00fckt\u00f6r<\/strong>: Y\u0131lmaz marka, y\u00fcksek verimli, sessiz \u00e7al\u0131\u015fan ve uzun \u00f6m\u00fcrl\u00fc \u00fcnite.<\/p>\n<p><strong>Salmastra<\/strong>: Y\u00fcksek kaliteli do\u011fal fiber \u00f6n gerilimli salmastra al\u00fcminyum veya d\u00f6k\u00fcm<\/p>\n<p><strong>G\u00f6zetleme kapa\u011f\u0131<\/strong>: T\u00fcm ara yataklar\u0131n ve giri\u015f a\u011fz\u0131n\u0131n alt\u0131nda, c\u0131vata ile tutturulmu\u015f ve bak\u0131m s\u0131ras\u0131nda s\u00f6k\u00fclen kapaklard\u0131r. T\u00fcm y\u00fczeyleri EPDM kapl\u0131,\u00a0 4 noktadan ba\u011flant\u0131l\u0131 esnek yap\u0131s\u0131 ile helezon konvey\u00f6r borusuna uyumludur ve y\u00fcksek s\u0131zd\u0131rmazl\u0131k sa\u011flamaktad\u0131r.<\/p>\n<p><strong>Helis<\/strong>: \u00dcst\u00fcn imalat teknolojisine ek olarak, art\u0131r\u0131lm\u0131\u015f helis kal\u0131nl\u0131klar\u0131 sayesinde uzun ve sorunsuz \u00f6m\u00fcr temin edilmi\u015ftir.<\/p>\n<p><strong>Ara yatak<\/strong>: SRD marka, tecr\u00fcbeyle geli\u015ftirilmi\u015f segman ayarl\u0131 \u00f6zel dizayn sayesinde art\u0131r\u0131lm\u0131\u015f kullan\u0131m \u00f6mr\u00fcne sahiptir.<\/p>\n<p><strong>Kafa yatak<\/strong>: SRD marka, d\u00f6k\u00fcm g\u00f6vdeli, frezeli milden olu\u015fan flan\u015fl\u0131 yataklard\u0131r.<\/p>\n<p><strong>Giri\u015f ve \u00c7\u0131k\u0131\u015f A\u011f\u0131zlar\u0131<\/strong>: Giri\u015f ve \u00e7\u0131k\u0131\u015f a\u011f\u0131zlar\u0131 i\u00e7in silindirik, konik, kare, dikd\u00f6rtgen \u00fcniversal mafsal, kau\u00e7uk \u00fcniversal mafsal veya \u00f6zel tasar\u0131mlar gibi pek \u00e7ok alternatif sunulmaktad\u0131r.<\/p>\n<\/div>\n<\/div>\n","protected":false},"excerpt":{"rendered":"<h6 class=\"urunicbaslik\"><strong>Boru Tipi Besleme Helezon\u00a0<\/strong><\/h6>\n<div class=\"urunust\">\n<p>Helezon konvey\u00f6rler, kat\u0131 ak\u0131\u015fkan malzemelerin beslenmesi, ta\u015f\u0131nmas\u0131 ve dozajlanmas\u0131 amac\u0131 ile farkl\u0131 sekt\u00f6rlerde kullan\u0131labilmektedir.<\/p>\n<p>Helezon , standart olarak boru tipi, U tipi ve dikey tip olarak \u00fcretilmektedir. Bunlara ek olarak farkl\u0131 sekt\u00f6rler ve m\u00fc\u015fteri taleplerine uygun olarak \u00f6zel \u00fcretimler de yap\u0131lmaktad\u0131r.<\/p>\n<p>Boru tip helezon 114mm-323mm \u00e7ap aral\u0131\u011f\u0131nda temini m\u00fcmk\u00fcnd\u00fcr.<\/p>\n<p>Uygulamaya ve talebe g\u00f6re sekt\u00f6re uygun olarak; paslanmaz, a\u015f\u0131nmaya kar\u015f\u0131 \u00f6zel kaplamal\u0131 ve benzeri pek \u00e7ok helis opsiyonu bulunmaktad\u0131r.<\/p>\n<p>SRD marka helezon\u00a0 kullan\u0131lan helislerin \u00fcretim teknolojileri ve malzeme \u00f6zellikleri sayesinde \u00e7ok daha uzun \u00f6m\u00fcr ve dayan\u0131kl\u0131l\u0131k sunulmaktad\u0131r.<\/p>\n<p>SRD helezon , standart olarak boru tipi, U tipi ve dikey tip olarak \u00fcretilmektedir. Bunlara ek olarak farkl\u0131 sekt\u00f6rler ve m\u00fc\u015fteri taleplerine uygun olarak \u00f6zel \u00fcretimler de yap\u0131lmaktad\u0131r.<\/p>\n<p>Tasar\u0131m esas\u0131 olarak helezon\u00a0 temelinde hacim ta\u015f\u0131rlar.<\/p>\n<p>Tahrik grubunun, di\u015fli kutusu ve elektrik motoru oldu\u011fu\u00a0 helezonlar \u00e7ok \u00e7e\u015fitli sekt\u00f6rlerde kullan\u0131lmaktad\u0131r.<\/p>\n<p>\u00d6zellikle \u00e7imento silolar\u0131nda olduk\u00e7a yayg\u0131n olmas\u0131, SRD markas\u0131 alt\u0131nda SCS serisinin do\u011fmas\u0131na neden olmu\u015ftur.<\/p>\n<p>Toz helezon , Beton, G\u0131da ve yap\u0131 kimyasal tesislerinde silodan stok malzemeyi alarak mixer ya da tart\u0131 grubuna sevk ederler. Helezon tasar\u0131m\u0131nda ta\u015f\u0131nacak malzemenin fiziksel, kimyasal ve karakteristik \u00f6zellikleri hayati \u00f6nem ta\u015f\u0131r.<\/p>\n<p>Hammaddenin \u00e7imento olmas\u0131 durumunda, SCS serisi helezon konvey\u00f6r \u00f6nerilir.<\/p>\n<p>Hali haz\u0131rda \u00e7ap 114mm, 139mm, 168mm, 193mm, 219mm ve 323mm olarak imalat\u0131m\u0131z mevcuttur.<\/p>\n<p>Beton santrali yedek par\u00e7as\u0131 olarak da bulunabilen helezonlar, beton santrallerinde kullan\u0131lan silo ekipmanlar\u0131n\u0131n da \u00f6nemli bir par\u00e7as\u0131d\u0131r. Silo ekipmanlar\u0131n\u0131n birlikte kullan\u0131lmas\u0131, projeler i\u00e7in de olduk\u00e7a \u00f6nemlidir. Helezon konvey\u00f6rler de, bir beton santrali yedek par\u00e7as\u0131 olarak, silo ekipman\u0131 kategorisine girmektedir.<\/p>\n<p>Bunun yan\u0131nda bir\u00e7ok \u015fekilde \u00fcretilen helezonlar \u015funlard\u0131r: Boru tipi Beslemeli helezon , u tipi helezon , dik helezon , galvanizli helezon , paslanmaz helezon konvey\u00f6rlerdir.<\/p>\n<\/div>\n","protected":false},"featured_media":9978,"template":"","meta":{"_joinchat":[]},"product_brand":[],"product_cat":[15,689],"product_tag":[607,459,463,606,608,460,605,465,462,466,461,467,464,468],"class_list":{"0":"post-8371","1":"product","2":"type-product","3":"status-publish","4":"has-post-thumbnail","6":"product_cat-genel","7":"product_cat-helezon","8":"product_tag-boru-helezon","9":"product_tag-boru-tip-helezon","10":"product_tag-gida-aktarma-helezonu","11":"product_tag-hazne-girisli-boru-helezon","12":"product_tag-hazneli-aktarma-helezon","13":"product_tag-hazneli-helezon","14":"product_tag-kare-hazneli-helezon","15":"product_tag-paketleme-helezonu","16":"product_tag-toz-karistiricili-helezon","17":"product_tag-toz-paketleme-helezonu","18":"product_tag-toz-seker-helezonu","19":"product_tag-tup-helezon","20":"product_tag-urun-aktarma-helezonu","21":"product_tag-yaprak-helezon","23":"first","24":"instock","25":"shipping-taxable","26":"product-type-simple"},"aioseo_notices":[],"_links":{"self":[{"href":"https:\/\/elevatorsan.com\/en\/wp-json\/wp\/v2\/product\/8371","targetHints":{"allow":["GET"]}}],"collection":[{"href":"https:\/\/elevatorsan.com\/en\/wp-json\/wp\/v2\/product"}],"about":[{"href":"https:\/\/elevatorsan.com\/en\/wp-json\/wp\/v2\/types\/product"}],"version-history":[{"count":5,"href":"https:\/\/elevatorsan.com\/en\/wp-json\/wp\/v2\/product\/8371\/revisions"}],"predecessor-version":[{"id":10995,"href":"https:\/\/elevatorsan.com\/en\/wp-json\/wp\/v2\/product\/8371\/revisions\/10995"}],"wp:featuredmedia":[{"embeddable":true,"href":"https:\/\/elevatorsan.com\/en\/wp-json\/wp\/v2\/media\/9978"}],"wp:attachment":[{"href":"https:\/\/elevatorsan.com\/en\/wp-json\/wp\/v2\/media?parent=8371"}],"wp:term":[{"taxonomy":"product_brand","embeddable":true,"href":"https:\/\/elevatorsan.com\/en\/wp-json\/wp\/v2\/product_brand?post=8371"},{"taxonomy":"product_cat","embeddable":true,"href":"https:\/\/elevatorsan.com\/en\/wp-json\/wp\/v2\/product_cat?post=8371"},{"taxonomy":"product_tag","embeddable":true,"href":"https:\/\/elevatorsan.com\/en\/wp-json\/wp\/v2\/product_tag?post=8371"}],"curies":[{"name":"wp","href":"https:\/\/api.w.org\/{rel}","templated":true}]}}