{"id":8374,"date":"2024-02-27T20:52:45","date_gmt":"2024-02-27T17:52:45","guid":{"rendered":"https:\/\/elevatorsan.com\/?post_type=product&#038;p=8374"},"modified":"2024-03-27T10:37:44","modified_gmt":"2024-03-27T07:37:44","slug":"aktarma-helezonu","status":"publish","type":"product","link":"https:\/\/elevatorsan.com\/en\/urun\/aktarma-helezonu\/","title":{"rendered":"Aktarma Helezonu"},"content":{"rendered":"<p><strong>GENEL \u00d6ZELL\u0130KLER<\/strong><\/p>\n<ul>\n<li>\u00a0Helezon Bant Konvey\u00f6r tesislerinde yerli ve milli olarak ST37 demir veya g\u0131daya uygun paslanmaz \u00e7elik kalitesinde \u00fcretilmektedir,<\/li>\n<li>Hayranl\u0131k uyand\u0131ran tasar\u0131m\u0131 sayesinde zaman kay\u0131plar\u0131 engellenir, kullan\u0131m\u0131 son derece kolayd\u0131r.<\/li>\n<li>H\u0131zl\u0131 ve seri imalat\u0131n gerekti\u011fi i\u015fletmelerde t\u00fcm zorluklar\u0131n \u00fcstesinden gelir.<\/li>\n<li>Hububat, Bakliyat ve benzeri taneli \u00fcr\u00fcnlerin ta\u015f\u0131nmas\u0131nda kullan\u0131l\u0131r.<\/li>\n<li>\n<div class=\"vc_column_container col-md-4\">\n<div class=\"wpb_wrapper vc_column-inner\">\n<div class=\"porto-sicon-box wpb_custom_1efe903570d178ff0a9b7bfa5febd3a4 style_3 top-icon\">\n<div class=\"porto-sicon-header\">\n<p>HASSAS \u00dcR\u00dcNLERE HASSAS TASARIM<\/p>\n<\/div>\n<div class=\"porto-sicon-description\">HUBUBAT gibi hassas \u00fcr\u00fcnlerin ta\u015f\u0131nmas\u0131 ve belli noktalardan aktar\u0131mlar\u0131 hassasiyet gerektirir.\u00a0 Helezon &amp; Bant \u00f6zel tasar\u0131mlar\u0131 ile hassas d\u00f6kme \u00fcr\u00fcnlerinizi Helezon ta\u015f\u0131ma sistemleriyle zarar g\u00f6rmeden aktar\u0131m\u0131n\u0131 sa\u011flar.<\/div>\n<\/div>\n<\/div>\n<\/div>\n<div class=\"vc_column_container col-md-4\">\n<div class=\"wpb_wrapper vc_column-inner\">\n<div class=\"porto-sicon-box wpb_custom_1efe903570d178ff0a9b7bfa5febd3a4 style_3 top-icon\">\n<div class=\"porto-sicon-top\">\n<div class=\"porto-just-icon-wrapper porto-icon circle\"><\/div>\n<\/div>\n<div class=\"porto-sicon-header\">\n<h3 class=\"porto-sicon-title\">HAC\u0130MSEL AVANTAJ<\/h3>\n<p>Y\u00dcKSEK KAL\u0130TE<\/p>\n<\/div>\n<div class=\"porto-sicon-description\">Performans\u0131 etkileyen en \u00f6nemli fakt\u00f6r kalitedir. Ta\u015f\u0131ma ve aktarma konvey\u00f6rleri uzun s\u00fcreli ve zor ortamlarda \u00e7al\u0131\u015fmaya uygun olmal\u0131d\u0131r. Helezon &amp; Bant , kulland\u0131\u011f\u0131 malzemelerin kalitesinden \u00f6d\u00fcn vermeyerek , ta\u015f\u0131yaca\u011f\u0131n\u0131z y\u00fck\u00fc omuzunuzdan al\u0131p bu g\u00f6revi uzun seneler y\u00fcksek performansta kullanabilece\u011finiz konvey\u00f6rlere verir.<\/div>\n<\/div>\n<\/div>\n<\/div>\n<div class=\"vc_column_container col-md-4\">\n<div class=\"wpb_wrapper vc_column-inner\">\n<div class=\"porto-sicon-box wpb_custom_1efe903570d178ff0a9b7bfa5febd3a4 style_3 top-icon\">\n<div class=\"porto-sicon-top\">\n<div class=\"porto-just-icon-wrapper porto-icon circle\"><\/div>\n<\/div>\n<div class=\"porto-sicon-header\">\n<h3 class=\"porto-sicon-title\">MAL\u0130YET KAZANCI<\/h3>\n<p>MAKS\u0130MUM M\u00dc\u015eTER\u0130 MEMNUN\u0130YET\u0130<\/p>\n<\/div>\n<div class=\"porto-sicon-description\">\u00c7\u00f6z\u00fcm odakl\u0131 aktarma sistemleri yakla\u015f\u0131m\u0131 ile m\u00fc\u015fterilerinin hem zaman hem de maliyet kazan\u0131m\u0131n\u0131 kendine misyon edinmi\u015f olan\u00a0 Helezon &amp; Bant , Maksimum M\u00fc\u015fteri Memnuniyeti odakl\u0131 \u00e7al\u0131\u015fmaya devam etmektedir.<\/div>\n<\/div>\n<\/div>\n<\/div>\n<\/li>\n<\/ul>\n","protected":false},"excerpt":{"rendered":"<div class=\"vc_separator vc_text_separator vc_separator_align_center vc_sep_width_100 vc_sep_pos_align_center\">\n<h2>SEYYAR\u00a0 Y\u00dcKLEME HELEZONU<\/h2>\n<\/div>\n<div class=\"wpb_text_column wpb_content_element m-b-md\">\n<div class=\"wpb_wrapper\">\n<p><strong>Seyyar\u00a0 Y\u00fckleme Helezonu<\/strong><strong>;\u00a0<\/strong>En iyi ta\u015f\u0131ma \u00e7\u00f6z\u00fcm\u00fcnde belirleyici etken; y\u00f6nlendirme boyutlar\u0131,\u00a0 \u00a0hassas \u00fcr\u00fcnlerin ta\u015f\u0131nmas\u0131ndaki tasar\u0131m , talep edilen performans ve tercih edilen y\u00fck ta\u015f\u0131y\u0131c\u0131s\u0131d\u0131r. Helezon &amp; Bant ,tamam\u0131 ile kendi tasar\u0131m\u0131 olan Seyyar Y\u00fckleme Helezonu ile , ta\u015f\u0131ma esnas\u0131nda taneli \u00fcr\u00fcnlerinizin k\u0131r\u0131lma ve zarar g\u00f6rme gibi etkenleri minimuma indiriyor. Hareket ettirilebilir ve boyutlar\u0131 de\u011fi\u015ftirilebilir olarak tasarlanan bu konvey\u00f6r sistemleri ile Tesisinize en uygun \u015fekilde aktar\u0131mlar\u0131n\u0131z\u0131 \u00e7ok rahat ve h\u0131zl\u0131 bir \u015fekilde yapabilirsiniz.<\/p>\n<p><strong><em>Not: Talep edilen boy ve geni\u015flikte \u00fcr\u00fcn imalat\u0131 yap\u0131labilir.<\/em><\/strong><\/p>\n<\/div>\n<\/div>\n","protected":false},"featured_media":8375,"template":"","meta":{"_joinchat":[]},"product_brand":[],"product_cat":[15],"product_tag":[469,473,470,472,474,471],"class_list":{"0":"post-8374","1":"product","2":"type-product","3":"status-publish","4":"has-post-thumbnail","6":"product_cat-genel","7":"product_tag-aktarma-helezonu","8":"product_tag-boru-yaprakli-helezon","9":"product_tag-hububat-tasima-helezonu","10":"product_tag-hububat-yukleme-helezonu","11":"product_tag-tahil-tasima-helezonu","12":"product_tag-yukleme-helezonu","14":"first","15":"instock","16":"shipping-taxable","17":"product-type-simple"},"aioseo_notices":[],"_links":{"self":[{"href":"https:\/\/elevatorsan.com\/en\/wp-json\/wp\/v2\/product\/8374","targetHints":{"allow":["GET"]}}],"collection":[{"href":"https:\/\/elevatorsan.com\/en\/wp-json\/wp\/v2\/product"}],"about":[{"href":"https:\/\/elevatorsan.com\/en\/wp-json\/wp\/v2\/types\/product"}],"version-history":[{"count":4,"href":"https:\/\/elevatorsan.com\/en\/wp-json\/wp\/v2\/product\/8374\/revisions"}],"predecessor-version":[{"id":11002,"href":"https:\/\/elevatorsan.com\/en\/wp-json\/wp\/v2\/product\/8374\/revisions\/11002"}],"wp:featuredmedia":[{"embeddable":true,"href":"https:\/\/elevatorsan.com\/en\/wp-json\/wp\/v2\/media\/8375"}],"wp:attachment":[{"href":"https:\/\/elevatorsan.com\/en\/wp-json\/wp\/v2\/media?parent=8374"}],"wp:term":[{"taxonomy":"product_brand","embeddable":true,"href":"https:\/\/elevatorsan.com\/en\/wp-json\/wp\/v2\/product_brand?post=8374"},{"taxonomy":"product_cat","embeddable":true,"href":"https:\/\/elevatorsan.com\/en\/wp-json\/wp\/v2\/product_cat?post=8374"},{"taxonomy":"product_tag","embeddable":true,"href":"https:\/\/elevatorsan.com\/en\/wp-json\/wp\/v2\/product_tag?post=8374"}],"curies":[{"name":"wp","href":"https:\/\/api.w.org\/{rel}","templated":true}]}}