{"id":8384,"date":"2024-02-27T20:56:27","date_gmt":"2024-02-27T17:56:27","guid":{"rendered":"https:\/\/elevatorsan.com\/?post_type=product&#038;p=8384"},"modified":"2026-04-22T11:34:07","modified_gmt":"2026-04-22T08:34:07","slug":"z-tipi-zincirli-konveyor","status":"publish","type":"product","link":"https:\/\/elevatorsan.com\/en\/urun\/z-tipi-zincirli-konveyor\/","title":{"rendered":"Z Tipi Zincirli Konvey\u00f6r"},"content":{"rendered":"<h3>Zincirli Konvey\u00f6rler Galvanizli \u00e7elik,St-37,Ais304 sa\u00e7tan imal edilir; kullan\u0131m \u00f6mr\u00fc uzundur. Mod\u00fclerdir, civatal\u0131 ba\u011flant\u0131lar\u0131yla kolay montaj imkan\u0131 sa\u011flar.<\/h3>\n<p>&nbsp;<\/p>\n<p>Tahrik taraf\u0131nda g\u00f6zetleme cam\u0131 ve bak\u0131m kapa\u011f\u0131 bulunur. Ayr\u0131ca al\u0131n sac\u0131 civatalar\u0131 s\u00f6k\u00fclerek kolay bak\u0131m imkan\u0131 sa\u011flanm\u0131\u015f olur. Tahrik motoru g\u00fcc\u00fcne g\u00f6re, Kaplin aktarmal\u0131, zincir di\u015fli aktarmal\u0131 red\u00fckt\u00f6rl\u00fc motor ya da kay\u0131\u015f-kasnak tahrikli red\u00fckt\u00f6rl\u00fc motor se\u00e7enekleri ile en g\u00fcvenli ve verimli tahrik sistemi uygulan\u0131r. Standart olarak ta\u015fma sens\u00f6r\u00fc ve tur sens\u00f6r\u00fc ile g\u00fcvenli bir \u00e7al\u0131\u015fma sa\u011flar. Tambur di\u015flileri \u0131s\u0131l i\u015flem uygulanm\u0131\u015f a\u015f\u0131nmaya dayan\u0131kl\u0131 \u00e7elikten imal edilir.<\/p>\n<p>Bunker \u00e7\u0131k\u0131\u015f\u0131na uygun tekne tipi zincirli konvey\u00f6r kasalar\u0131 dizaynlar\u0131 da mevcuttur. Tekne tipi kasadan sonra kullan\u0131lan klepe ile istenilen kapasite ayarlanabilir.<br \/>\nZincirli konvey\u00f6rlerde \u00e7al\u0131\u015fma \u015fartlar\u0131na ve \u00fcr\u00fcne ba\u011fl\u0131 olarak plastik veya metal destekli plastik paletler kullan\u0131l\u0131r. D\u00f6vme \u00e7elik zincir baklalar\u0131, zincirli konvey\u00f6r\u00fcn kapasite ve boyuna g\u00f6re se\u00e7ilerek \u00a0y\u00fcksek \u00a0mukavemet sa\u011flan\u0131r.<\/p>\n","protected":false},"excerpt":{"rendered":"<h4 class=\"title\">\u00dcr\u00fcn Detaylar\u0131<\/h4>\n<div class=\"details\">\n<p>\u00a0E\u011fimli zincirli konvey\u00f6rleri, tah\u0131l ve t\u00fcrevlerini istenilen kapasitede, hasars\u0131z ve ekonomik \u015fekilde istenen a\u00e7\u0131 ve e\u011fime g\u00f6re kolayca ta\u015f\u0131ma olana\u011f\u0131 sa\u011flar. Y\u00fcksek kalitede ta\u015f\u0131y\u0131c\u0131 zincir kullan\u0131lmaktad\u0131r.<\/p>\n<p>Ta\u015f\u0131y\u0131c\u0131 zincir \u00fczerindeki plastik paletler, \u00e7eli\u011fin \u00e7eli\u011fe s\u00fcrt\u00fcnmesini \u00f6nler ve maksimum performans sa\u011flar. Ekonomiktir; fazla bak\u0131m gerektirmez. E\u011fimli zincirli konvey\u00f6r, ekstra a\u011f\u0131r hizmet ko\u015fullar\u0131nda \u00e7al\u0131\u015farak ula\u015f\u0131lmas\u0131 g\u00fc\u00e7 noktalara ula\u015f\u0131m kolayl\u0131\u011f\u0131 sa\u011flar. Ayr\u0131ca alan\u0131n verimli \u015fekilde de\u011ferlendirilmesine imkan sa\u011flar. Toz ve hava ge\u00e7irmeyen kafa; kuyruk ve ara g\u00f6vdesi ile kolay monte edilebilecek \u015fekilde tasarlanmaktad\u0131r. Ara g\u00f6vde k\u0131sm\u0131 esnemeyi \u00f6nlemek i\u00e7in \u00f6zel olarak \u00fcretilmi\u015ftir ve kapal\u0131 \u00e7ift haznedir. Standart zincirler a\u015f\u0131r\u0131 y\u00fcklenmelere dayan\u0131kl\u0131d\u0131r ve uzun \u00f6m\u00fcrl\u00fcd\u00fcr.<\/p>\n<p>\u0130htiyaca uygun de\u011fi\u015fik a\u00e7\u0131l\u0131 ve ebatl\u0131 \u015fekilde \u00fcretilebilirler. Standart \u00fcretimimiz galvanizli \u00e7elik, boyanm\u0131\u015f \u00e7elik ve iste\u011fe ba\u011fl\u0131 paslanmaz \u00e7eliktir. \u0130malatlar\u0131m\u0131z tamamen c\u0131vatal\u0131d\u0131r. Montaj ve bak\u0131m\u0131 kolayd\u0131r.<\/p>\n<\/div>\n","protected":false},"featured_media":10837,"template":"","meta":{"_joinchat":[]},"product_brand":[],"product_cat":[15,688],"product_tag":[436,435,433,432,437,431,434],"class_list":{"0":"post-8384","1":"product","2":"type-product","3":"status-publish","4":"has-post-thumbnail","6":"product_cat-genel","7":"product_cat-konveyor","8":"product_tag-boyali-yem-tasima-konveyor","9":"product_tag-galvanizli-zincirli-konveyor","10":"product_tag-palet-yem-tasima-konveyoru","11":"product_tag-pelet-yem-konveyoru","12":"product_tag-z-seklinde-zincirli-konveyor","13":"product_tag-zincirli-konveyor","14":"product_tag-zincirli-paletli-yerden-yem-tasima","16":"first","17":"instock","18":"shipping-taxable","19":"product-type-simple"},"aioseo_notices":[],"_links":{"self":[{"href":"https:\/\/elevatorsan.com\/en\/wp-json\/wp\/v2\/product\/8384","targetHints":{"allow":["GET"]}}],"collection":[{"href":"https:\/\/elevatorsan.com\/en\/wp-json\/wp\/v2\/product"}],"about":[{"href":"https:\/\/elevatorsan.com\/en\/wp-json\/wp\/v2\/types\/product"}],"version-history":[{"count":4,"href":"https:\/\/elevatorsan.com\/en\/wp-json\/wp\/v2\/product\/8384\/revisions"}],"predecessor-version":[{"id":11108,"href":"https:\/\/elevatorsan.com\/en\/wp-json\/wp\/v2\/product\/8384\/revisions\/11108"}],"wp:featuredmedia":[{"embeddable":true,"href":"https:\/\/elevatorsan.com\/en\/wp-json\/wp\/v2\/media\/10837"}],"wp:attachment":[{"href":"https:\/\/elevatorsan.com\/en\/wp-json\/wp\/v2\/media?parent=8384"}],"wp:term":[{"taxonomy":"product_brand","embeddable":true,"href":"https:\/\/elevatorsan.com\/en\/wp-json\/wp\/v2\/product_brand?post=8384"},{"taxonomy":"product_cat","embeddable":true,"href":"https:\/\/elevatorsan.com\/en\/wp-json\/wp\/v2\/product_cat?post=8384"},{"taxonomy":"product_tag","embeddable":true,"href":"https:\/\/elevatorsan.com\/en\/wp-json\/wp\/v2\/product_tag?post=8384"}],"curies":[{"name":"wp","href":"https:\/\/api.w.org\/{rel}","templated":true}]}}