{"id":8388,"date":"2024-02-27T20:57:37","date_gmt":"2024-02-27T17:57:37","guid":{"rendered":"https:\/\/elevatorsan.com\/?post_type=product&#038;p=8388"},"modified":"2026-04-22T11:33:55","modified_gmt":"2026-04-22T08:33:55","slug":"sogutma-konveyoru","status":"publish","type":"product","link":"https:\/\/elevatorsan.com\/en\/urun\/sogutma-konveyoru\/","title":{"rendered":"So\u011futma Konvey\u00f6r\u00fc"},"content":{"rendered":"<p>So\u011futucular iste\u011fe ba\u011fl\u0131 olarak yal\u0131t\u0131lm\u0131\u015f bir muhafaza i\u00e7ine yerle\u015ftirilerek ortam s\u0131cakl\u0131\u011f\u0131 \u015fartland\u0131r\u0131labilir.\u00a0\u0130\u00e7 hava s\u00fcrekli olarak so\u011futulur ve \u00fcr\u00fcn \u00fczerinde yatay olarak dola\u015ft\u0131r\u0131l\u0131r.\u00a0Spiral So\u011futucu, h\u0131zl\u0131 ve homojen bir so\u011futman\u0131n gerekli oldu\u011fu g\u0131da uygulamalar\u0131 i\u00e7in idealdir.<\/p>\n<p>&nbsp;<\/p>\n<p><strong>Opsiyonlar :\u00a0<\/strong><\/p>\n<ul>\n<li>Bant y\u0131kama sistemi<\/li>\n<li>Ekstra so\u011futma fan\u0131<\/li>\n<\/ul>\n","protected":false},"excerpt":{"rendered":"<p>Kurutma Konvey\u00f6rlerinde oldu\u011fu gibi bir ta\u015f\u0131y\u0131c\u0131 bant ile \u00e7al\u0131\u015fan ve bask\u0131 yap\u0131lm\u0131\u015f<br \/>\nmalzemeyi h\u0131zl\u0131 bir \u015fekilde so\u011futmaya yarayan konvey\u00f6r sistemleridir.<\/p>\n<p>Bant h\u0131z\u0131 ve so\u011futma de\u011ferleri digital olarak kontrol edilebilmektedir.<\/p>\n<p>\u0130lave olarak kabin i\u00e7i hava sirk\u00fclasyonu (evaparat\u00f6r) fan sistemi de kullan\u0131lmaktad\u0131r.<\/p>\n<p>Mod\u00fcler bantl\u0131 so\u011futma konvey\u00f6rleri, m\u00fc\u015fteri ihtiya\u00e7lar\u0131na g\u00f6re \u00f6zel olarak \u00fcretilir. Y\u00fckleme ve bo\u015faltma i\u00e7in y\u00fckseklik, farkl\u0131 kayma y\u00f6nleri, yukar\u0131 veya a\u015fa\u011f\u0131 do\u011fru, band h\u0131z\u0131, tasar\u0131m a\u015famas\u0131nda tan\u0131mlanan de\u011fi\u015fkenlerdir.\u00a0Her \u00e7\u00f6z\u00fcm i\u00e7in kurulum yap\u0131laca\u011f\u0131 alan\u0131n y\u00fcksekli\u011fi \u00f6nem ta\u015f\u0131r.<\/p>\n<p>So\u011futma sistemleri \u00fcr\u00fcn kapasitesi ,\u00fcr\u00fcn \u00e7e\u015fitlili\u011fine\u00a0 g\u00f6re tek \/\u00e7ift kule , \u00e7e\u015fitli bant geni\u015flikleri ve farkl\u0131 bant aral\u0131klar\u0131nda \u00fcretilmektedir.<\/p>\n<p>Paslanmaz \u00e7elikten veya g\u0131da s\u0131n\u0131f\u0131na uygun plastikten yap\u0131lm\u0131\u015f bir tambur \u00e7ekme sistemine sahip bir konvey\u00f6r band\u0131ndan olu\u015fabilir.<\/p>\n","protected":false},"featured_media":10438,"template":"","meta":{"_joinchat":[]},"product_brand":[],"product_cat":[15,688],"product_tag":[516,514,513,512,515],"class_list":{"0":"post-8388","1":"product","2":"type-product","3":"status-publish","4":"has-post-thumbnail","6":"product_cat-genel","7":"product_cat-konveyor","8":"product_tag-fanli-sogutma-konveyor","9":"product_tag-gida-sogutma-banti","10":"product_tag-soguma-konveyoru","11":"product_tag-sogutmali-konveyor","12":"product_tag-urun-sogutma-banti","14":"first","15":"instock","16":"shipping-taxable","17":"product-type-simple"},"aioseo_notices":[],"_links":{"self":[{"href":"https:\/\/elevatorsan.com\/en\/wp-json\/wp\/v2\/product\/8388","targetHints":{"allow":["GET"]}}],"collection":[{"href":"https:\/\/elevatorsan.com\/en\/wp-json\/wp\/v2\/product"}],"about":[{"href":"https:\/\/elevatorsan.com\/en\/wp-json\/wp\/v2\/types\/product"}],"version-history":[{"count":3,"href":"https:\/\/elevatorsan.com\/en\/wp-json\/wp\/v2\/product\/8388\/revisions"}],"predecessor-version":[{"id":11158,"href":"https:\/\/elevatorsan.com\/en\/wp-json\/wp\/v2\/product\/8388\/revisions\/11158"}],"wp:featuredmedia":[{"embeddable":true,"href":"https:\/\/elevatorsan.com\/en\/wp-json\/wp\/v2\/media\/10438"}],"wp:attachment":[{"href":"https:\/\/elevatorsan.com\/en\/wp-json\/wp\/v2\/media?parent=8388"}],"wp:term":[{"taxonomy":"product_brand","embeddable":true,"href":"https:\/\/elevatorsan.com\/en\/wp-json\/wp\/v2\/product_brand?post=8388"},{"taxonomy":"product_cat","embeddable":true,"href":"https:\/\/elevatorsan.com\/en\/wp-json\/wp\/v2\/product_cat?post=8388"},{"taxonomy":"product_tag","embeddable":true,"href":"https:\/\/elevatorsan.com\/en\/wp-json\/wp\/v2\/product_tag?post=8388"}],"curies":[{"name":"wp","href":"https:\/\/api.w.org\/{rel}","templated":true}]}}