{"id":11715,"date":"2024-07-31T09:08:42","date_gmt":"2024-07-31T06:08:42","guid":{"rendered":"https:\/\/elevatorsan.com\/?post_type=product&#038;p=11715"},"modified":"2026-04-22T11:31:15","modified_gmt":"2026-04-22T08:31:15","slug":"havuz-tipi-helezon-u-tipi-helezon","status":"publish","type":"product","link":"https:\/\/elevatorsan.com\/ru\/urun\/havuz-tipi-helezon-u-tipi-helezon\/","title":{"rendered":"Havuz tipi Helezon-U tipi Helezon"},"content":{"rendered":"<p>Helezon konvey\u00f6rler, kat\u0131 ak\u0131\u015fkan malzemelerin beslenmesi, ta\u015f\u0131nmas\u0131 ve dozajlanmas\u0131 amac\u0131 ile farkl\u0131 sekt\u00f6rlerde kullan\u0131labilmektedir.<\/p>\n<p>Srd helezon konvey\u00f6rleri, standart olarak boru tipi, U tipi ve dikey tip olarak \u00fcretilmektedir. Bunlara ek olarak farkl\u0131 sekt\u00f6rler ve m\u00fc\u015fteri taleplerine uygun olarak \u00f6zel \u00fcretimler de yap\u0131lmaktad\u0131r.<\/p>\n<p>Havuz tipi-U tip helezon konvey\u00f6rler 150-400mm aral\u0131\u011f\u0131nda temin edilmektedir.<\/p>\n<p>Uygulamaya ve talebe g\u00f6re sekt\u00f6re uygun olarak; st37, paslanmaz, a\u015f\u0131nmaya kar\u015f\u0131 \u00f6zel kaplamal\u0131 ve benzeri pek \u00e7ok helis opsiyonu bulunmaktad\u0131r.<\/p>\n<p>SRD marka helezon konvey\u00f6rlerde kullan\u0131lan helislerin \u00fcretim teknolojileri ve malzeme \u00f6zellikleri sayesinde \u00e7ok daha uzun \u00f6m\u00fcr ve dayan\u0131kl\u0131l\u0131k sunulmaktad\u0131r.<\/p>\n<p>SRD helezon konvey\u00f6rleri, standart olarak boru tipi, U tipi ve dikey tip olarak \u00fcretilmektedir. Bunlara ek olarak farkl\u0131 sekt\u00f6rler ve m\u00fc\u015fteri taleplerine uygun olarak \u00f6zel \u00fcretimler de yap\u0131lmaktad\u0131r.<\/p>\n<p>Tasar\u0131m esas\u0131 olarak helezon konvey\u00f6rler temelinde hacim ta\u015f\u0131rlar.<\/p>\n<p>Tahrik grubunun, di\u015fli kutusu ve elektrik motoru oldu\u011fu SRD helezon konvey\u00f6rler \u00e7ok \u00e7e\u015fitli sekt\u00f6rlerde kullan\u0131lmaktad\u0131r.<\/p>\n<p>\u00d6zellikle \u00e7imento silolar\u0131nda olduk\u00e7a yayg\u0131n olmas\u0131, SRD markas\u0131 alt\u0131nda SCS serisinin do\u011fmas\u0131na neden olmu\u015ftur.<\/p>\n<p>\u00c7imento helezon konvey\u00f6rleri, beton ve yap\u0131 kimyasal tesislerinde silodan stok malzemeyi alarak mixer ya da tart\u0131 grubuna sevk ederler. Helezon tasar\u0131m\u0131nda ta\u015f\u0131nacak malzemenin fiziksel, kimyasal ve karakteristik \u00f6zellikleri hayati \u00f6nem ta\u015f\u0131r.<\/p>\n<p>Hammaddenin \u00e7imento olmas\u0131 durumunda, SCS serisi helezon konvey\u00f6r \u00f6nerilir.<\/p>\n<p>Hali haz\u0131rda \u00e7ap 114mm, 139mm, 168mm, 193mm, 219mm ve 323mm olarak imalat\u0131m\u0131z mevcuttur.<\/p>\n<p>Beton santrali yedek par\u00e7as\u0131 olarak da bulunabilen helezon konvey\u00f6rler, beton santrallerinde kullan\u0131lan silo ekipmanlar\u0131n\u0131n da \u00f6nemli bir par\u00e7as\u0131d\u0131r. Silo ekipmanlar\u0131n\u0131n birlikte kullan\u0131lmas\u0131, projeler i\u00e7in de olduk\u00e7a \u00f6nemlidir. Helezon konvey\u00f6rler de, bir beton santrali yedek par\u00e7as\u0131 olarak, silo ekipman\u0131 kategorisine girmektedir.<\/p>\n<p>Bunun yan\u0131nda bir\u00e7ok \u015fekilde \u00fcretilen helezon konvey\u00f6rler \u015funlard\u0131r: Boru tipi helezon konvey\u00f6r, U tipi helezon konvey\u00f6r, dik helezon konvey\u00f6r, galvanizli buz helezon konvey\u00f6r, paslanmaz helezon konvey\u00f6r.<\/p>\n","protected":false},"excerpt":{"rendered":"<h2>Ta\u015f\u0131y\u0131c\u0131 Helezon Konvey\u00f6r \u0130malat\u0131<\/h2>\n<p class=\"code\"><label>\u00dcr\u00fcn Kodu<\/label>\u00a0<span id=\"kod\">tasiyici_helezon<\/span><\/p>\n<p class=\"description\">Ta\u015f\u0131y\u0131c\u0131 helezonlar; her t\u00fcrl\u00fc taneli \u00fcr\u00fcn ve benzeri maddelerin ta\u015f\u0131ma veya aktar\u0131m i\u015flemlerinde kullan\u0131l\u0131r. Ta\u015f\u0131nacak malzemelerin \u00f6zelli\u011fine ba\u011fl\u0131 olarak farkl\u0131 \u00f6l\u00e7\u00fc ve kapasitelerde imal edilebilmektedir. \u0130malat\u0131m\u0131z dahilindeki helezon konvey\u00f6rler tekne (g\u00f6vde) ve ta\u015f\u0131y\u0131c\u0131 yapraklar\u0131n (kanatlar\u0131n) tipine g\u00f6re \u00e7e\u015fitlendirilmektedirler.<\/p>\n<p><strong>KULLANILDI\u011eI YERLER:<\/strong><\/p>\n<p>&#8212; Plastik sekt\u00f6r\u00fcnde gran\u00fcl ve toz hammadde transferinde<br \/>\n&#8212; G\u0131da sekt\u00f6r\u00fcnde bu\u011fday,pirin\u00e7 gibi taneli g\u0131dalar\u0131n transferinde<br \/>\n&#8212; \u0130n\u015faat sekt\u00f6r\u00fcnde har\u00e7,kum gibi yo\u011fun malzemelerin transferinde<br \/>\n&#8212; Kimya sekt\u00f6r\u00fcnde toz malzemelerin transferinde<\/p>\n","protected":false},"featured_media":11716,"template":"","meta":{"_joinchat":[]},"product_brand":[],"product_cat":[15,689],"product_tag":[683,678,680,681,679,682,468,684],"class_list":{"0":"post-11715","1":"product","2":"type-product","3":"status-publish","4":"has-post-thumbnail","6":"product_cat-genel","7":"product_cat-helezon","8":"product_tag-boru-helezonu","9":"product_tag-havuz-tipi-helezon","10":"product_tag-tahil-aktarma-helezon","11":"product_tag-toz-tasima-helezon","12":"product_tag-u-tipi-helezon","13":"product_tag-urun-tasima-helezonu","14":"product_tag-yaprak-helezon","15":"product_tag-yerden-urun-tasima-helezonu","17":"first","18":"instock","19":"shipping-taxable","20":"product-type-simple"},"aioseo_notices":[],"_links":{"self":[{"href":"https:\/\/elevatorsan.com\/ru\/wp-json\/wp\/v2\/product\/11715","targetHints":{"allow":["GET"]}}],"collection":[{"href":"https:\/\/elevatorsan.com\/ru\/wp-json\/wp\/v2\/product"}],"about":[{"href":"https:\/\/elevatorsan.com\/ru\/wp-json\/wp\/v2\/types\/product"}],"version-history":[{"count":2,"href":"https:\/\/elevatorsan.com\/ru\/wp-json\/wp\/v2\/product\/11715\/revisions"}],"predecessor-version":[{"id":11737,"href":"https:\/\/elevatorsan.com\/ru\/wp-json\/wp\/v2\/product\/11715\/revisions\/11737"}],"wp:featuredmedia":[{"embeddable":true,"href":"https:\/\/elevatorsan.com\/ru\/wp-json\/wp\/v2\/media\/11716"}],"wp:attachment":[{"href":"https:\/\/elevatorsan.com\/ru\/wp-json\/wp\/v2\/media?parent=11715"}],"wp:term":[{"taxonomy":"product_brand","embeddable":true,"href":"https:\/\/elevatorsan.com\/ru\/wp-json\/wp\/v2\/product_brand?post=11715"},{"taxonomy":"product_cat","embeddable":true,"href":"https:\/\/elevatorsan.com\/ru\/wp-json\/wp\/v2\/product_cat?post=11715"},{"taxonomy":"product_tag","embeddable":true,"href":"https:\/\/elevatorsan.com\/ru\/wp-json\/wp\/v2\/product_tag?post=11715"}],"curies":[{"name":"wp","href":"https:\/\/api.w.org\/{rel}","templated":true}]}}