{"id":7142,"date":"2024-01-31T16:56:25","date_gmt":"2024-01-31T13:56:25","guid":{"rendered":"https:\/\/elevatorsan.com\/?post_type=product&#038;p=7142"},"modified":"2026-04-22T11:38:37","modified_gmt":"2026-04-22T08:38:37","slug":"suruculu-pano","status":"publish","type":"product","link":"https:\/\/elevatorsan.com\/ru\/urun\/suruculu-pano\/","title":{"rendered":"S\u00fcr\u00fcc\u00fcl\u00fc Pano"},"content":{"rendered":"<h1 class=\"product-title product_title entry-title\">\u00a0Tesis Kontrol Panolar\u0131<\/h1>\n<p>Elektrik panolar\u0131, bir tesistedeki elektri\u011fin g\u00fcvenli\u011fini ve kontrol\u00fcn\u00fc sa\u011flayan en \u00f6nemli kabindir. Son t\u00fcketici noktalar\u0131na da\u011f\u0131t\u0131m\u0131n yap\u0131ld\u0131\u011f\u0131; kesici, koruyucu, fonksiyonel ekipmanlar\u0131n tesis edildi\u011fi ana terminaller olmalar\u0131 itibariyle elektrik i\u00e7 tesisat\u0131n can damar\u0131 niteli\u011findedir.<\/p>\n<p>Elektrik panosu, elektrik saya\u00e7lar\u0131, kondansat\u00f6rler, g\u00fc\u00e7 kontakt\u00f6r\u00fc , \u00f6l\u00e7\u00fc aletleri, kesici \u015falter gibi elemanlar\u0131n bulundu\u011fu bir kabindir.<\/p>\n<p>Elektrik Panolar\u0131n\u0131n\u00a0 \u2018\u0130\u015f Ekipmanlar\u0131 Kullan\u0131m\u0131nda Sa\u011fl\u0131k ve G\u00fcvenlik \u015eartlar\u0131 Y\u00f6netmeli\u011fi\u2019ne g\u00f6re ilgili standartlarda aksi belirtilmedi\u011fi s\u00fcrece, y\u0131lda 1 defa periyodik kontrolleri yap\u0131l\u0131r.<\/p>\n<p><img fetchpriority=\"high\" decoding=\"async\" class=\"alignnone size-medium wp-image-11181\" src=\"http:\/\/elevatorsan.com\/wp-content\/uploads\/2024\/01\/tesis-kontrol-panosu-300x168.jpg\" alt=\"\" width=\"300\" height=\"168\" srcset=\"https:\/\/elevatorsan.com\/wp-content\/uploads\/2024\/01\/tesis-kontrol-panosu-300x168.jpg 300w, https:\/\/elevatorsan.com\/wp-content\/uploads\/2024\/01\/tesis-kontrol-panosu-768x429.jpg 768w, https:\/\/elevatorsan.com\/wp-content\/uploads\/2024\/01\/tesis-kontrol-panosu-600x335.jpg 600w, https:\/\/elevatorsan.com\/wp-content\/uploads\/2024\/01\/tesis-kontrol-panosu.jpg 850w\" sizes=\"(max-width: 300px) 100vw, 300px\" \/><\/p>\n<div class=\"is-divider small\"><\/div>\n<div class=\"price-wrapper\">\n<p>&nbsp;<\/p>\n<\/div>\n","protected":false},"excerpt":{"rendered":"<h1 class=\"product-title product_title entry-title\">S\u00fcr\u00fcc\u00fc Panolar\u0131<\/h1>\n<div class=\"is-divider small\"><\/div>\n<div class=\"price-wrapper\">\n<p class=\"price product-page-price \"><span style=\"font-size: 16px;\">S\u00fcr\u00fcc\u00fc panosu, end\u00fcstriyel alanda en s\u0131k kullan\u0131lan ind\u00fcksiyon motorlar\u0131n\u0131n h\u0131z ve tork kontrol\u00fc edilmesi amac\u0131 ile kullan\u0131lan cihazlard\u0131r. Motor s\u00fcr\u00fcc\u00fcs\u00fc olarak da adland\u0131r\u0131lan bu panolar, motor s\u00fcr\u00fc\u015f i\u015fleminde proses verimlili\u011fini art\u0131r\u0131rken ayn\u0131 zamanda motor h\u0131z kontrol\u00fcn\u00fc sa\u011flamaktad\u0131r.<\/span><\/p>\n<p>Yine bu panolar, \u00f6zellikle fan ve pompa uygulamalar\u0131nda d\u00fc\u015f\u00fck kapasiteye ihtiya\u00e7 duyulmas\u0131 halinde motorun devrini d\u00fc\u015f\u00fcrebilir ve bu sayede enerji tasarrufu sa\u011flanabilir. H\u0131z ayar\u0131ndaki de\u011fi\u015fimler \u00fcretim s\u00fcrecinde do\u011fru h\u0131z kontrol\u00fc, ortaya \u00e7\u0131kan \u00fcr\u00fcnlerin kalitesini de artt\u0131rarak \u00fcst seviyeye \u00e7\u0131karmaktad\u0131r. S\u00fcr\u00fcc\u00fc panolar\u0131 proseste maksimum g\u00fcvenlik sa\u011flayarak elektrik motoru, pompa, red\u00fckt\u00f6r gibi \u00f6nemli \u00fcr\u00fcnlerin kullan\u0131m \u00f6m\u00fcrlerini artt\u0131rmaktad\u0131r. Bunlar\u0131n yan\u0131 s\u0131ra h\u0131z ayar panosu yaln\u0131zca motor h\u0131z\u0131 kontrol etme g\u00f6revi d\u0131\u015f\u0131nda daha bir\u00e7ok uygulamada kullan\u0131lmaktad\u0131r. Bu uygulamalar aras\u0131nda; vin\u00e7 uygulamalar\u0131, konvey\u00f6r, a\u00e7ma sarma makinalar\u0131, pozisyon kontrol, fan ve pompa kontrol, sabit ya da de\u011fi\u015fken bas\u0131n\u00e7 ve \u0131s\u0131 kontrol, PID kontrol\u00fc gibi bir\u00e7ok uygulama yer almaktad\u0131r.<\/p>\n<\/div>\n","protected":false},"featured_media":10136,"template":"","meta":{"_joinchat":[]},"product_brand":[],"product_cat":[15,694],"product_tag":[522,521,523,520,519],"class_list":{"0":"post-7142","1":"product","2":"type-product","3":"status-publish","4":"has-post-thumbnail","6":"product_cat-genel","7":"product_cat-yedek-parca","8":"product_tag-elektrik-panosu","9":"product_tag-hiz-devirli-pano","10":"product_tag-makine-kontrol-panosu","11":"product_tag-suruculu-pano","12":"product_tag-tesis-kontrol-panosu","14":"first","15":"instock","16":"shipping-taxable","17":"product-type-simple"},"aioseo_notices":[],"_links":{"self":[{"href":"https:\/\/elevatorsan.com\/ru\/wp-json\/wp\/v2\/product\/7142","targetHints":{"allow":["GET"]}}],"collection":[{"href":"https:\/\/elevatorsan.com\/ru\/wp-json\/wp\/v2\/product"}],"about":[{"href":"https:\/\/elevatorsan.com\/ru\/wp-json\/wp\/v2\/types\/product"}],"version-history":[{"count":4,"href":"https:\/\/elevatorsan.com\/ru\/wp-json\/wp\/v2\/product\/7142\/revisions"}],"predecessor-version":[{"id":11194,"href":"https:\/\/elevatorsan.com\/ru\/wp-json\/wp\/v2\/product\/7142\/revisions\/11194"}],"wp:featuredmedia":[{"embeddable":true,"href":"https:\/\/elevatorsan.com\/ru\/wp-json\/wp\/v2\/media\/10136"}],"wp:attachment":[{"href":"https:\/\/elevatorsan.com\/ru\/wp-json\/wp\/v2\/media?parent=7142"}],"wp:term":[{"taxonomy":"product_brand","embeddable":true,"href":"https:\/\/elevatorsan.com\/ru\/wp-json\/wp\/v2\/product_brand?post=7142"},{"taxonomy":"product_cat","embeddable":true,"href":"https:\/\/elevatorsan.com\/ru\/wp-json\/wp\/v2\/product_cat?post=7142"},{"taxonomy":"product_tag","embeddable":true,"href":"https:\/\/elevatorsan.com\/ru\/wp-json\/wp\/v2\/product_tag?post=7142"}],"curies":[{"name":"wp","href":"https:\/\/api.w.org\/{rel}","templated":true}]}}