{"id":7150,"date":"2024-01-31T17:02:09","date_gmt":"2024-01-31T14:02:09","guid":{"rendered":"https:\/\/elevatorsan.com\/?post_type=product&#038;p=7150"},"modified":"2026-04-22T14:34:31","modified_gmt":"2026-04-22T11:34:31","slug":"manyetik-seperator","status":"publish","type":"product","link":"https:\/\/elevatorsan.com\/ru\/urun\/manyetik-seperator\/","title":{"rendered":"Manyetik Seperat\u00f6r"},"content":{"rendered":"<div class=\"baslik2\">Eleyici Manyetik Seperat\u00f6r<\/div>\n<p><strong>Hammadde \u0130\u00e7erisindeki \u0130stenmeyen Metal\u00a0Par\u00e7alar\u0131 Tutar<\/strong><br \/>\n\u00d6zellikle Plastik Enjeksiyon\u00a0Makinalar\u0131n\u0131zda Hammadde\u00a0\u0130\u00e7erisine Kar\u0131\u015fan \u0130stenmeyen\u00a0Metal At\u0131klar Enjeksiyon\u00a0Makinas\u0131n\u0131n Bodinozuna\u00a0Zarar Verir. Ak\u0131c\u0131\u00a0Hammaddenin Alt K\u0131sm\u0131nda Bu\u00a0Elekleme \u0130\u015flemi \u0130\u00e7indir.\u00a0Paslanmaz\u00a0Manyetik \u00c7ubuklar\u00a0Metal At\u0131klar\u0131 Tutmada\u00a0M\u00fckemmel G\u00fc\u00e7l\u00fc ve Silindirik\u00a0Manyetik \u00c7ubuklar\u00a0Hammaddenin Ak\u0131c\u0131l\u0131k\u00a0Uygunlu\u011funa Uyum Sa\u011flad\u0131\u011f\u0131 \u0130\u00e7in\u00a0S\u0131v\u0131lar \u0130\u00e7ersinde de Kullan\u0131labilir.<br \/>\n<strong>\u00d6rnek :<\/strong>\u00a0Elektro Dalma Erozyon (EDM)\u00a0S\u0131v\u0131\u00a0Haznesindeki Metal At\u0131klar\u0131da\u00a0Tutar.<br \/>\n<strong>Manyetik Seperat\u00f6r Plastik Enjeksiyon Makinalar\u0131n En Ucuz Sigortas\u0131d\u0131r.<\/strong><\/p>\n<p>Plastik Enjeksiyon Makinalar\u0131n\u00a0Hammadde Doldurma Hunisi\u00a0\u0130\u00e7indir.<br \/>\n<strong>Manyetik Seperat\u00f6r ;<\/strong>\u00a0\u00d6zellikle Gran\u00fcr\u00a0veya K\u0131rma Malzemeleri\u00a0Kullan\u0131lan\u00a0Plastik \u0130\u015fleme\u00a0End\u00fcstrisi Uygulama Alan\u0131d\u0131r.<br \/>\n<strong>Manyetik Seperat\u00f6r ;<\/strong>\u00a0Enjeksiyon\u00a0Makinas\u0131n\u0131n Ham Madde\u00a0Doldurma Hunisine\u00a0Yerle\u015ftirilir.\u00a0\u00c7ok G\u00fc\u00e7l\u00fc Neodyum\u00a0( Nd Fe B ) M\u0131knat\u0131slar ile\u00a0Donat\u0131lm\u0131\u015f Olup\u00a0Materyaller\u00a0Paslanmaz \u00c7eliktendir,\u00a0\u00c7ok \u0130nce Metal Par\u00e7alar\u0131n\u0131 da\u00a0Yakalayabilir.\u00a0Manyetik Seperat\u00f6r\u00a0Kullan\u0131ld\u0131\u011f\u0131nda Enjeksiyon\u00a0Makinas\u0131n\u0131n Bodinoz \u00d6mr\u00fc\u00a0\u00d6nemli \u00d6l\u00e7\u00fcde Uzar. Manyetik\u00a0M\u0131knat\u0131s\u0131n Ana Avantaj\u0131 Onun\u00a0De Manyetize\u00a0Etme \u0130mkan\u0131d\u0131r,\u00a0Paslanmaz \u00c7ubuklar\u00a0\u00dczerindeki Metal At\u0131klar\u0131 \u00c7ok\u00a0H\u0131zl\u0131\u00a0ve Rahat Bir \u015eekilde Temizli\u011fi\u00a0Yap\u0131labilir. Doldurma\u00a0Hunisinin\u00a0\u00d6l\u00e7\u00fcs\u00fcne G\u00f6re \u00dcr\u00fcn\u00a0Se\u00e7imi Yap\u0131labilir.<\/p>\n","protected":false},"excerpt":{"rendered":"<p>Boru sisemlerinde, d\u00fc\u015fey d\u00fczlemde serbest akan toz veya gran\u00fcl \u015feklindeki malzemelerin i\u00e7indeki at\u0131k metallarin (demir vb.) etkin bir \u015fekilde ayr\u0131\u015ft\u0131r\u0131lmas\u0131 i\u00e7in tasarlanm\u0131\u015flard\u0131r. Un ve de\u011firmencilik sekt\u00f6r\u00fc, kuru g\u0131da sekt\u00f6r\u00fc, kimyasal g\u0131da \u00fcretimi ve plastik \u00fcretimi, a\u011fac\u0131n geri kazan\u0131m\u0131, ka\u011f\u0131t imalat\u0131 gibi bir \u00e7ok end\u00fcstriyi kapsayan bu seperat\u00f6rler, uygulama ekipmanlar\u0131n\u0131 koruma ama\u00e7l\u0131 dizayn edilmi\u015ftir. \u00c7ekirdek diye tabir edilen m\u0131knat\u0131slardan \u00fcretilmi\u015f manyetik ekipman g\u00f6vdenin i\u00e7ine yerle\u015ftirilmi\u015ftir. \u00c7ekirdek montaj\u0131 sonras\u0131 tek boru \u00fcnitesi ak\u0131\u015f\u0131 olu\u015fur.<\/p>\n<p>F\u00fcze m\u0131knat\u0131slar\u0131, \u00fcr\u00fcn ak\u0131\u015f\u0131n\u0131n merkezinde mermi \u015feklinde b\u00fcy\u00fck bir manyetik \u00e7ekirde\u011fe sahiptir. Y\u00fcksek kapasiteli kaba d\u00f6kme ak\u0131\u015flardan orta ila b\u00fcy\u00fck demirli kirleticileri filtrelerler.<\/p>\n<p>M\u0131knat\u0131s \u015fekli, y\u00fcksek ay\u0131rma verimlili\u011finde iyi bir ak\u0131\u015f sa\u011flar. Duru\u015f s\u0131ras\u0131nda kapak a\u00e7\u0131l\u0131p manyetik \u00e7ekirdek \u00e7\u0131kar\u0131l\u0131p manuel temizlenebilir.<\/p>\n<p>F\u00fcze m\u0131knat\u0131slar, di\u011ferlerinin yan\u0131 s\u0131ra d\u00f6kme, hayvan yemi, plastik, seramik ve geri d\u00f6n\u00fc\u015f\u00fcm end\u00fcstrilerinde kullan\u0131lmaktad\u0131r.<\/p>\n<ul>\n<li>G\u0131da end\u00fcstrisi<\/li>\n<li>Un ve irmik de\u011firmenleri<\/li>\n<li>Yem de\u011firmenleri<\/li>\n<li>Tah\u0131l temizleme tesisleri<\/li>\n<li>M\u0131s\u0131r, bu\u011fday, un\u00a0i\u015fleme tesisleri<\/li>\n<li>Ya\u011f fabrikalar\u0131<\/li>\n<li>Kontrplak fabrikalar\u0131<\/li>\n<li>Plastik \u00fcretimi<\/li>\n<li>A\u011fac\u0131n geri kazan\u0131m\u0131<\/li>\n<li>Ka\u011f\u0131t imalat\u0131<\/li>\n<li>Plastik \u00fcretimi<\/li>\n<li><img fetchpriority=\"high\" decoding=\"async\" class=\"size-medium wp-image-11242\" src=\"http:\/\/elevatorsan.com\/wp-content\/uploads\/2024\/01\/manyetik-miknatis1-300x252.jpg\" alt=\"\" width=\"300\" height=\"252\" srcset=\"https:\/\/elevatorsan.com\/wp-content\/uploads\/2024\/01\/manyetik-miknatis1-300x252.jpg 300w, https:\/\/elevatorsan.com\/wp-content\/uploads\/2024\/01\/manyetik-miknatis1-1024x861.jpg 1024w, https:\/\/elevatorsan.com\/wp-content\/uploads\/2024\/01\/manyetik-miknatis1-768x646.jpg 768w, https:\/\/elevatorsan.com\/wp-content\/uploads\/2024\/01\/manyetik-miknatis1-1536x1292.jpg 1536w, https:\/\/elevatorsan.com\/wp-content\/uploads\/2024\/01\/manyetik-miknatis1-600x505.jpg 600w, https:\/\/elevatorsan.com\/wp-content\/uploads\/2024\/01\/manyetik-miknatis1.jpg 1783w\" sizes=\"(max-width: 300px) 100vw, 300px\" \/><img decoding=\"async\" class=\"alignnone size-medium wp-image-11246\" src=\"http:\/\/elevatorsan.com\/wp-content\/uploads\/2024\/01\/manyetik-cekirdek-300x218.jpg\" alt=\"\" width=\"300\" height=\"218\" srcset=\"https:\/\/elevatorsan.com\/wp-content\/uploads\/2024\/01\/manyetik-cekirdek-300x218.jpg 300w, https:\/\/elevatorsan.com\/wp-content\/uploads\/2024\/01\/manyetik-cekirdek.jpg 533w\" sizes=\"(max-width: 300px) 100vw, 300px\" \/> <img decoding=\"async\" class=\"alignnone size-medium wp-image-11250\" src=\"http:\/\/elevatorsan.com\/wp-content\/uploads\/2024\/01\/manyetik-miknatis-seperator-174x300.jpg\" alt=\"\" width=\"174\" height=\"300\" srcset=\"https:\/\/elevatorsan.com\/wp-content\/uploads\/2024\/01\/manyetik-miknatis-seperator-174x300.jpg 174w, https:\/\/elevatorsan.com\/wp-content\/uploads\/2024\/01\/manyetik-miknatis-seperator.jpg 500w\" sizes=\"(max-width: 174px) 100vw, 174px\" \/> <img loading=\"lazy\" decoding=\"async\" class=\"alignnone size-medium wp-image-11254\" src=\"http:\/\/elevatorsan.com\/wp-content\/uploads\/2024\/01\/manyetik-miknatis-300x300.jpg\" alt=\"\" width=\"300\" height=\"300\" srcset=\"https:\/\/elevatorsan.com\/wp-content\/uploads\/2024\/01\/manyetik-miknatis-300x300.jpg 300w, https:\/\/elevatorsan.com\/wp-content\/uploads\/2024\/01\/manyetik-miknatis-150x150.jpg 150w, https:\/\/elevatorsan.com\/wp-content\/uploads\/2024\/01\/manyetik-miknatis-768x768.jpg 768w, https:\/\/elevatorsan.com\/wp-content\/uploads\/2024\/01\/manyetik-miknatis-600x600.jpg 600w, https:\/\/elevatorsan.com\/wp-content\/uploads\/2024\/01\/manyetik-miknatis-100x100.jpg 100w, https:\/\/elevatorsan.com\/wp-content\/uploads\/2024\/01\/manyetik-miknatis.jpg 1000w\" sizes=\"(max-width: 300px) 100vw, 300px\" \/><\/li>\n<\/ul>\n","protected":false},"featured_media":11260,"template":"","meta":{"_joinchat":[]},"product_brand":[],"product_cat":[15],"product_tag":[539,536,529,538,535,534,532,537],"class_list":{"0":"post-7150","1":"product","2":"type-product","3":"status-publish","4":"has-post-thumbnail","6":"product_cat-genel","7":"product_tag-fuze-manyetik-miknatis","8":"product_tag-fuze-tipi-miknatis","9":"product_tag-gida-miknatisi","10":"product_tag-hububat-miknatis","11":"product_tag-manyetik-miknatis","12":"product_tag-manyetik-separator-miknatis","13":"product_tag-tahil-miknatis","14":"product_tag-uretim-hatti-miknatisi","16":"first","17":"instock","18":"shipping-taxable","19":"product-type-simple"},"aioseo_notices":[],"_links":{"self":[{"href":"https:\/\/elevatorsan.com\/ru\/wp-json\/wp\/v2\/product\/7150","targetHints":{"allow":["GET"]}}],"collection":[{"href":"https:\/\/elevatorsan.com\/ru\/wp-json\/wp\/v2\/product"}],"about":[{"href":"https:\/\/elevatorsan.com\/ru\/wp-json\/wp\/v2\/types\/product"}],"version-history":[{"count":4,"href":"https:\/\/elevatorsan.com\/ru\/wp-json\/wp\/v2\/product\/7150\/revisions"}],"predecessor-version":[{"id":11268,"href":"https:\/\/elevatorsan.com\/ru\/wp-json\/wp\/v2\/product\/7150\/revisions\/11268"}],"wp:featuredmedia":[{"embeddable":true,"href":"https:\/\/elevatorsan.com\/ru\/wp-json\/wp\/v2\/media\/11260"}],"wp:attachment":[{"href":"https:\/\/elevatorsan.com\/ru\/wp-json\/wp\/v2\/media?parent=7150"}],"wp:term":[{"taxonomy":"product_brand","embeddable":true,"href":"https:\/\/elevatorsan.com\/ru\/wp-json\/wp\/v2\/product_brand?post=7150"},{"taxonomy":"product_cat","embeddable":true,"href":"https:\/\/elevatorsan.com\/ru\/wp-json\/wp\/v2\/product_cat?post=7150"},{"taxonomy":"product_tag","embeddable":true,"href":"https:\/\/elevatorsan.com\/ru\/wp-json\/wp\/v2\/product_tag?post=7150"}],"curies":[{"name":"wp","href":"https:\/\/api.w.org\/{rel}","templated":true}]}}