{"id":7195,"date":"2024-01-31T17:41:52","date_gmt":"2024-01-31T14:41:52","guid":{"rendered":"https:\/\/elevatorsan.com\/?post_type=product&#038;p=7195"},"modified":"2026-04-22T11:38:33","modified_gmt":"2026-04-22T08:38:33","slug":"ozel-tasarim-konveyorler","status":"publish","type":"product","link":"https:\/\/elevatorsan.com\/ru\/urun\/ozel-tasarim-konveyorler\/","title":{"rendered":"\u00d6zel Tasar\u0131m Konvey\u00f6rler"},"content":{"rendered":"","protected":false},"excerpt":{"rendered":"","protected":false},"featured_media":6696,"template":"","meta":{"_joinchat":[]},"product_brand":[],"product_cat":[15,688],"product_tag":[],"class_list":{"0":"post-7195","1":"product","2":"type-product","3":"status-publish","4":"has-post-thumbnail","6":"product_cat-genel","7":"product_cat-konveyor","9":"first","10":"instock","11":"shipping-taxable","12":"product-type-simple"},"aioseo_notices":[],"_links":{"self":[{"href":"https:\/\/elevatorsan.com\/ru\/wp-json\/wp\/v2\/product\/7195","targetHints":{"allow":["GET"]}}],"collection":[{"href":"https:\/\/elevatorsan.com\/ru\/wp-json\/wp\/v2\/product"}],"about":[{"href":"https:\/\/elevatorsan.com\/ru\/wp-json\/wp\/v2\/types\/product"}],"version-history":[{"count":3,"href":"https:\/\/elevatorsan.com\/ru\/wp-json\/wp\/v2\/product\/7195\/revisions"}],"predecessor-version":[{"id":8243,"href":"https:\/\/elevatorsan.com\/ru\/wp-json\/wp\/v2\/product\/7195\/revisions\/8243"}],"wp:featuredmedia":[{"embeddable":true,"href":"https:\/\/elevatorsan.com\/ru\/wp-json\/wp\/v2\/media\/6696"}],"wp:attachment":[{"href":"https:\/\/elevatorsan.com\/ru\/wp-json\/wp\/v2\/media?parent=7195"}],"wp:term":[{"taxonomy":"product_brand","embeddable":true,"href":"https:\/\/elevatorsan.com\/ru\/wp-json\/wp\/v2\/product_brand?post=7195"},{"taxonomy":"product_cat","embeddable":true,"href":"https:\/\/elevatorsan.com\/ru\/wp-json\/wp\/v2\/product_cat?post=7195"},{"taxonomy":"product_tag","embeddable":true,"href":"https:\/\/elevatorsan.com\/ru\/wp-json\/wp\/v2\/product_tag?post=7195"}],"curies":[{"name":"wp","href":"https:\/\/api.w.org\/{rel}","templated":true}]}}