{"id":8328,"date":"2024-02-27T17:55:48","date_gmt":"2024-02-27T14:55:48","guid":{"rendered":"https:\/\/elevatorsan.com\/?post_type=product&#038;p=8328"},"modified":"2026-04-22T11:36:58","modified_gmt":"2026-04-22T08:36:58","slug":"tek-kovali-elevator","status":"publish","type":"product","link":"https:\/\/elevatorsan.com\/ru\/urun\/tek-kovali-elevator\/","title":{"rendered":"Tek Koval\u0131 Elevat\u00f6r"},"content":{"rendered":"<ul>\n<li>Elevatorsan Koval\u0131 elevat\u00f6rleri, Her t\u00fcrl\u00fc Toz ve Taneli G\u0131da &amp; End\u00fcstriyel \u00dcr\u00fcnlerin dikey olarak verimli ta\u015f\u0131nmas\u0131nda \u00e7\u00f6z\u00fcler sunar.<\/li>\n<li>Hassas Ta\u015f\u0131ma: Elevat\u00f6rsan koval\u0131 elevat\u00f6rleri, \u00d6zellikle G\u0131da sekt\u00f6r\u00fcndeki k\u0131r\u0131lgan \u00fcr\u00fcnlerin ta\u015f\u0131ma esnas\u0131nda zarar g\u00f6rmemesi i\u00e7in son teknoloji ile tasarlanm\u0131\u015ft\u0131r.\u00a0 \u00a0\u00dcr\u00fcn d\u00f6k\u00fc\u015f noktas\u0131nda da kovalar kendi a\u011f\u0131rl\u0131\u011f\u0131yla devrilir ve \u00fcr\u00fcn zarars\u0131z \u015fekilde aktar\u0131lm\u0131\u015f olur.<\/li>\n<li>Mod\u00fcler Tasar\u0131m: Elevatorsan Koval\u0131 elevat\u00f6rleri tamamen c\u0131vatal\u0131 birle\u015fim\/ Mod\u00fcler olarak tasarlan\u0131r ve \u00fcretilir. \u0130htiya\u00e7 halinde daha sonra boyutlar\u0131 de\u011fi\u015ftirilebilir, Kovalar\u0131 Kolayl\u0131kla yenilenebilir. En yayg\u0131n olan Z ve C tipi elavat\u00f6rlerdir. De\u011fi\u015fken kapasite beklentilerine g\u00f6re farkl\u0131 hacimlerde kova se\u00e7enekleri mevcuttur.<\/li>\n<\/ul>\n","protected":false},"excerpt":{"rendered":"<p>Tek koval\u0131 elevat\u00f6r i\u00e7in iki kontrol stili vard\u0131r: manuel kontrol ve otomatik kontrol.\u00a0Manuel kontrol, kep\u00e7enin durma konumunu ve bo\u015faltma s\u00fcresini kontrol edilebilir hale getirir.\u00a0Otomatik kontrol, vidal\u0131 besleyicideki \u00fcr\u00fcn seviyesinin fotoelektrik kontrol\u00fcd\u00fcr.\u00a0Kovada \u00fcr\u00fcn kalmad\u0131\u011f\u0131nda \u00fcr\u00fcn eklemek i\u00e7in otomatik olarak besleme yapacak ve alarm verecektir.<\/p>\n<p>Bireysel bir elektrikli cihaz kutusudur.\u00a0Motor de\u011fi\u015fken frekansl\u0131 bir motordur.\u00a0Y\u00fckseltme h\u0131z\u0131 frekans d\u00f6n\u00fc\u015ft\u00fcr\u00fcc\u00fc ile ayarlanabilir.\u00a0Tahrik zinciri de dahil olmak \u00fczere t\u00fcm makine, g\u0131da g\u00fcvenli\u011fi gerekliliklerine uygun hale getiren PASLANMAZ-A\u0130S304&#8217;ten yap\u0131lm\u0131\u015ft\u0131r.<\/p>\n<ul>\n<li>Brand Name:Koval\u0131 Elevat\u00f6r<\/li>\n<li>Voltage:220V-380V<\/li>\n<li>A\u011f\u0131rl\u0131k (KG):300 kg<\/li>\n<li>Capacity:4m3\/h1.<\/li>\n<li>\u00a01.Basit yap\u0131, kurulumu ve bak\u0131m\u0131 kolayd\u0131r.<\/li>\n<li>\u00a02. Kald\u0131rmak i\u00e7in tek hazne, temizlenmesi kolayd\u0131r.<\/li>\n<li>3. Frekans d\u00f6n\u00fc\u015ft\u00fcr\u00fcc\u00fc kontrol h\u0131z\u0131.<\/li>\n<li>4. Daha az oda boyutuna sahip kompakt yap\u0131.&nbsp;<\/li>\n<li>5. Toz boyal\u0131 ve 304SS \u00e7er\u00e7eveli yumu\u015fak \u00e7elik iste\u011fe ba\u011fl\u0131d\u0131r.<\/li>\n<\/ul>\n","protected":false},"featured_media":10201,"template":"","meta":{"_joinchat":[]},"product_brand":[],"product_cat":[15,687],"product_tag":[302,301,303,299,300,298,295,297,296],"class_list":{"0":"post-8328","1":"product","2":"type-product","3":"status-publish","4":"has-post-thumbnail","6":"product_cat-genel","7":"product_cat-kovali-elevator","8":"product_tag-arpa","9":"product_tag-bakliyat","10":"product_tag-bugday","11":"product_tag-gida-tasima-asansoru","12":"product_tag-hububat","13":"product_tag-kovali-elevator","14":"product_tag-single-bucket-elevator","15":"product_tag-tek-kovali-asansor","16":"product_tag-tek-kovali-elevator","18":"first","19":"instock","20":"shipping-taxable","21":"product-type-simple"},"aioseo_notices":[],"_links":{"self":[{"href":"https:\/\/elevatorsan.com\/ru\/wp-json\/wp\/v2\/product\/8328","targetHints":{"allow":["GET"]}}],"collection":[{"href":"https:\/\/elevatorsan.com\/ru\/wp-json\/wp\/v2\/product"}],"about":[{"href":"https:\/\/elevatorsan.com\/ru\/wp-json\/wp\/v2\/types\/product"}],"version-history":[{"count":9,"href":"https:\/\/elevatorsan.com\/ru\/wp-json\/wp\/v2\/product\/8328\/revisions"}],"predecessor-version":[{"id":11870,"href":"https:\/\/elevatorsan.com\/ru\/wp-json\/wp\/v2\/product\/8328\/revisions\/11870"}],"wp:featuredmedia":[{"embeddable":true,"href":"https:\/\/elevatorsan.com\/ru\/wp-json\/wp\/v2\/media\/10201"}],"wp:attachment":[{"href":"https:\/\/elevatorsan.com\/ru\/wp-json\/wp\/v2\/media?parent=8328"}],"wp:term":[{"taxonomy":"product_brand","embeddable":true,"href":"https:\/\/elevatorsan.com\/ru\/wp-json\/wp\/v2\/product_brand?post=8328"},{"taxonomy":"product_cat","embeddable":true,"href":"https:\/\/elevatorsan.com\/ru\/wp-json\/wp\/v2\/product_cat?post=8328"},{"taxonomy":"product_tag","embeddable":true,"href":"https:\/\/elevatorsan.com\/ru\/wp-json\/wp\/v2\/product_tag?post=8328"}],"curies":[{"name":"wp","href":"https:\/\/api.w.org\/{rel}","templated":true}]}}