{"id":8337,"date":"2024-02-27T19:43:29","date_gmt":"2024-02-27T16:43:29","guid":{"rendered":"https:\/\/elevatorsan.com\/?post_type=product&#038;p=8337"},"modified":"2026-04-22T11:36:41","modified_gmt":"2026-04-22T08:36:41","slug":"firfirli-bantli-konveyor","status":"publish","type":"product","link":"https:\/\/elevatorsan.com\/ru\/urun\/firfirli-bantli-konveyor\/","title":{"rendered":"F\u0131rf\u0131rl\u0131 Bantl\u0131 Konvey\u00f6r (Dereceli)"},"content":{"rendered":"<p>Koli, paket, \u00e7uval vb. ambalajl\u0131 ve ambalajs\u0131z \u00fcr\u00fcnlerin<br \/>\nk\u0131sa zamanda seri olarak ta\u015f\u0131nmas\u0131n\u0131 sa\u011flar. Sabit<br \/>\ny\u00fckseklikte veya ayarlanabilir \u00fcniteler olarak da<br \/>\nkullan\u0131labilir. \u0130htiyaca g\u00f6re h\u0131z ayarl\u0131 olabilir. Bant<br \/>\nse\u00e7imi ta\u015f\u0131nacak \u00fcr\u00fcn\u00fcn cinsine g\u00f6re yap\u0131l\u0131r. Genelde<br \/>\npvc, poli\u00fcreten, tel bant gibi tipleri se\u00e7ilebilir.<\/p>\n","protected":false},"excerpt":{"rendered":"<div class=\"title\">\n<h3>GENEL B\u0130LG\u0130LER<\/h3>\n<\/div>\n<p>Dolum, enjeksiyon makinelerine s\u00fcrekli ham madde beslemesi sa\u011flayan ve tah\u0131l \u00fcr\u00fcnleri gibi taneli \u00fcr\u00fcnlerin veya ayr\u0131m yap\u0131lacak plastik materyallerin bir noktadan ba\u015fka bir noktaya ta\u015f\u0131nmas\u0131nda kullan\u0131lan e\u011fimli konvey\u00f6rlerdir.<\/p>\n<p>\u00c7ift tarafl\u0131 \u00e7al\u0131\u015fma \u00f6zelliklidir.90 Dereceye kadar e\u011fimli, &#8216;Z&#8217; \u015faseli veya &#8216;L&#8217; \u015feklinde dizayn yap\u0131l\u0131r ve aral\u0131klar\u0131na g\u00f6re bant \u00fczerine engel-paletler at\u0131larak montaj\u0131 yap\u0131lan konvey\u00f6rlerdir.<\/p>\n<ol>\n<li>Zor ta\u015f\u0131nabilen malzemeleri kolayl\u0131kla ta\u015f\u0131yabilme \u00f6zelli\u011fi mevcuttur.<\/li>\n<li>Yerde ve y\u00fcksekte olan e\u015fya ve malzemeleri kolayl\u0131kla ta\u015f\u0131r.<\/li>\n<li>En k\u0131sa s\u00fcrede malzemenin ta\u015f\u0131nmas\u0131n\u0131 sa\u011flayarak zamandan tasarruf etmemizi sa\u011flar.<\/li>\n<li>\u0130nsan g\u00fcc\u00fcne gerek kalmadan ta\u015f\u0131ma i\u015flemi \u00e7ok rahat bir \u015fekilde ger\u00e7ekle\u015ftirilir.<\/li>\n<li>Her t\u00fcrl\u00fc malzemeye g\u00f6re \u00e7e\u015fitleri mevcuttur.<\/li>\n<li>Motora ba\u011fl\u0131 olarak \u00e7al\u0131\u015fmaktad\u0131r.<\/li>\n<li>\u0130nsan g\u00fcc\u00fc olmad\u0131\u011f\u0131 i\u00e7in maliyeti en uygun olan ta\u015f\u0131ma t\u00fcr\u00fcd\u00fcr.<\/li>\n<li>Dayan\u0131kl\u0131 olmas\u0131 sebebi ile \u00e7ok fazla tercih edilmektedir.<\/li>\n<li>G\u00fcn\u00fcm\u00fczde kullan\u0131lan modern ta\u015f\u0131ma sistemlerinden biridir.<\/li>\n<li>Bu bantlar\u0131n kullan\u0131laca\u011f\u0131 alanlar\u0131n geni\u015f olmas\u0131 gerekir, dar alanlarda kullan\u0131lmas\u0131 uygun de\u011fildir.<\/li>\n<li>Rahatl\u0131k ve kolayl\u0131k sa\u011flad\u0131\u011f\u0131 i\u00e7in bir\u00e7ok yerde tercih edilen malzeme ta\u015f\u0131ma t\u00fcr\u00fcd\u00fcr.<\/li>\n<li>Kullan\u0131m alan\u0131 geni\u015ftir. Genellikle in\u015faat malzemelerini daha rahat ve kolay ta\u015f\u0131mak i\u00e7in kullan\u0131lmaktad\u0131r.[video width=\"480\" height=\"848\" mp4=\"http:\/\/elevatorsan.com\/wp-content\/uploads\/2024\/02\/300MM-FIRFIRLI-BANT-BEYAZ-.mp4\"][\/video]<\/li>\n<\/ol>\n","protected":false},"featured_media":10651,"template":"","meta":{"_joinchat":[]},"product_brand":[],"product_cat":[15,688],"product_tag":[362,365,327,366,363,364],"class_list":{"0":"post-8337","1":"product","2":"type-product","3":"status-publish","4":"has-post-thumbnail","6":"product_cat-genel","7":"product_cat-konveyor","8":"product_tag-firfirli-bantli-konveyor","9":"product_tag-firfirli-dereceli-bant","10":"product_tag-gida-asansoru","11":"product_tag-pvc-bantli-asansor","12":"product_tag-pvc-bantli-kenarlikli-tasima-konveyoru","13":"product_tag-urun-tasima-dereceli-bant","15":"first","16":"instock","17":"shipping-taxable","18":"product-type-simple"},"aioseo_notices":[],"_links":{"self":[{"href":"https:\/\/elevatorsan.com\/ru\/wp-json\/wp\/v2\/product\/8337","targetHints":{"allow":["GET"]}}],"collection":[{"href":"https:\/\/elevatorsan.com\/ru\/wp-json\/wp\/v2\/product"}],"about":[{"href":"https:\/\/elevatorsan.com\/ru\/wp-json\/wp\/v2\/types\/product"}],"version-history":[{"count":6,"href":"https:\/\/elevatorsan.com\/ru\/wp-json\/wp\/v2\/product\/8337\/revisions"}],"predecessor-version":[{"id":11675,"href":"https:\/\/elevatorsan.com\/ru\/wp-json\/wp\/v2\/product\/8337\/revisions\/11675"}],"wp:featuredmedia":[{"embeddable":true,"href":"https:\/\/elevatorsan.com\/ru\/wp-json\/wp\/v2\/media\/10651"}],"wp:attachment":[{"href":"https:\/\/elevatorsan.com\/ru\/wp-json\/wp\/v2\/media?parent=8337"}],"wp:term":[{"taxonomy":"product_brand","embeddable":true,"href":"https:\/\/elevatorsan.com\/ru\/wp-json\/wp\/v2\/product_brand?post=8337"},{"taxonomy":"product_cat","embeddable":true,"href":"https:\/\/elevatorsan.com\/ru\/wp-json\/wp\/v2\/product_cat?post=8337"},{"taxonomy":"product_tag","embeddable":true,"href":"https:\/\/elevatorsan.com\/ru\/wp-json\/wp\/v2\/product_tag?post=8337"}],"curies":[{"name":"wp","href":"https:\/\/api.w.org\/{rel}","templated":true}]}}