{"id":8365,"date":"2024-02-27T20:03:19","date_gmt":"2024-02-27T17:03:19","guid":{"rendered":"https:\/\/elevatorsan.com\/?post_type=product&#038;p=8365"},"modified":"2026-04-22T11:35:29","modified_gmt":"2026-04-22T08:35:29","slug":"tel-bantli-konveyor","status":"publish","type":"product","link":"https:\/\/elevatorsan.com\/ru\/urun\/tel-bantli-konveyor\/","title":{"rendered":"Tel Bantl\u0131 Konvey\u00f6r"},"content":{"rendered":"<section class=\"elementor-section elementor-top-section elementor-element elementor-element-d3b69d2 elementor-section-boxed elementor-section-height-default elementor-section-height-default\" data-id=\"d3b69d2\" data-element_type=\"section\">\n<div class=\"elementor-container elementor-column-gap-default\">\n<div class=\"elementor-column elementor-col-100 elementor-top-column elementor-element elementor-element-67ba8a2\" data-id=\"67ba8a2\" data-element_type=\"column\">\n<div class=\"elementor-widget-wrap elementor-element-populated\">\n<div class=\"elementor-element elementor-element-c5f6527 elementor-widget elementor-widget-heading\" data-id=\"c5f6527\" data-element_type=\"widget\" data-widget_type=\"heading.default\">\n<div class=\"elementor-widget-container\">\n<h2 class=\"elementor-heading-title elementor-size-default\">Tel Bant Konvey\u00f6r Sistemleri<\/h2>\n<\/div>\n<\/div>\n<\/div>\n<\/div>\n<\/div>\n<\/section>\n<section class=\"elementor-section elementor-top-section elementor-element elementor-element-d7e2869 elementor-section-boxed elementor-section-height-default elementor-section-height-default\" data-id=\"d7e2869\" data-element_type=\"section\">\n<div class=\"elementor-container elementor-column-gap-default\">\n<div class=\"elementor-column elementor-col-100 elementor-top-column elementor-element elementor-element-0c261d4\" data-id=\"0c261d4\" data-element_type=\"column\">\n<div class=\"elementor-widget-wrap elementor-element-populated\">\n<div class=\"elementor-element elementor-element-1da0172 elementor-widget elementor-widget-text-editor\" data-id=\"1da0172\" data-element_type=\"widget\" data-widget_type=\"text-editor.default\">\n<div class=\"elementor-widget-container\">\n<p>G\u0131da ve \u0131s\u0131l i\u015flem sekt\u00f6r\u00fc ba\u015fta olmak \u00fczere bir\u00e7ok farkl\u0131 end\u00fcstride \u0131s\u0131ya dayan\u0131kl\u0131 oldu\u011fundan dolay\u0131 kullan\u0131lan tel bantl\u0131 konvey\u00f6r sistemlerinin \u00fcretim s\u00fcreci, t\u00fcm yap\u0131lar\u0131 ile uyumlu olmas\u0131 i\u00e7in yenilik\u00e7i teknolojiler kullan\u0131larak tasarlan\u0131r. Farkl\u0131 \u00f6l\u00e7\u00fc ve \u00f6zelliklerdeki konvey\u00f6r sistemlerinin \u00fcretim planlamas\u0131, butik ve proje bazl\u0131 hizmet prensibiyle her m\u00fc\u015fterinin ve sekt\u00f6r\u00fcn gelecekteki ihtiya\u00e7lar\u0131 g\u00f6z \u00f6n\u00fcnde bulundurularak olu\u015fturulur. \u00c7ok geni\u015f bir kullan\u0131m alan\u0131na sahip olan tel bantl\u0131 konvey\u00f6rlerde telin niteli\u011fi (paslanmaz ya da galvaniz kapl\u0131) ve bant se\u00e7iminde ta\u015f\u0131nacak \u00fcr\u00fcn ve ortam \u015fartlar\u0131 dikkate al\u0131n\u0131r. Do\u011frusal, d\u00f6n\u00fc\u015fl\u00fc, e\u011fimli ve spiral tiplerde imal edilebilen sistemler, y\u00fcksek kalite hedefi ile projelendirilir ve her m\u00fc\u015fteriye \u00f6zg\u00fcn butik imalat s\u00fcreciyle planlan\u0131r.<\/p>\n<\/div>\n<\/div>\n<\/div>\n<\/div>\n<\/div>\n<\/section>\n","protected":false},"excerpt":{"rendered":"<section class=\"product-section\">\n<div class=\"container\">\n<div class=\"product-thumb\"><\/div>\n<div class=\"image-info\">\n<h3>Tel Bantl\u0131 Konvey\u00f6r<\/h3>\n<\/div>\n<p>Tel Bantl\u0131 Konvey\u00f6r y\u00fcksek \u0131s\u0131ya ve dondurucu so\u011fu\u011fa dayan\u0131kl\u0131 olmas\u0131 sebebi ile tercih edilir. Metal bant oldu\u011fundan dolay\u0131 olduk\u00e7a hijyenik ve dayan\u0131kl\u0131d\u0131r.<\/p>\n<p>Pi\u015firme, y\u0131kama, so\u011futma, paketleme, kesme, kurutma hatlar\u0131nda tercih edilir. Kullan\u0131laca\u011f\u0131 alana g\u00f6re paslanmaz veya galvanizli tel bantl\u0131 olarak \u00fcretilmektedir.<\/p>\n<p>En yayg\u0131n g\u0131da ve deri sanayi sekt\u00f6r\u00fcnde kullan\u0131lmaktad\u0131r.<\/p>\n<p>Ta\u015f\u0131nmas\u0131 istenilen \u00fcr\u00fcn\u00fcn \u00f6zelliklerine ve kullan\u0131laca\u011f\u0131 alana g\u00f6re Tel bant tipleri; galvaniz kaplamal\u0131 veya paslanmaz bant \u00e7e\u015fitleri ile her t\u00fcrl\u00fc \u00fcr\u00fcn\u00fc ta\u015f\u0131maya elveri\u015flidir.<\/p>\n<p>Ta\u015f\u0131nmas\u0131 istenilen \u00fcr\u00fcn\u00fcn \u00f6zelliklerine ve kullan\u0131laca\u011f\u0131 alana g\u00f6re \u015fase malzemesi ve \u015fase tipleri; D\u00fcz ve E\u011fimli olarak \u00fcretilebilmektedir. \u015ease malzemesi, \u00c7elik (ST37, ST42, ST52, DKP), Paslanmaz \u00c7elik (AISI 304, AISI 316, AISI 304L, AISI 316L) ve Al\u00fcminyum olarak \u00fcretilebilmektedir.<\/p>\n<div class=\"product-active owl-carousel owl-loaded owl-drag\">\n<div class=\"owl-stage-outer\">\n<div class=\"owl-stage\">\n<div class=\"owl-item\">\n<div class=\"single-product\">\n<div class=\"product-thumb\"><\/div>\n<div class=\"image-info\">\n<h3><\/h3>\n<\/div>\n<\/div>\n<\/div>\n<div class=\"owl-item\">\n<div class=\"single-product\">\n<div class=\"image-info\">\n<h3><\/h3>\n<\/div>\n<\/div>\n<\/div>\n<div class=\"owl-item active\">\n<div class=\"single-product\">\n<div class=\"image-info\"><\/div>\n<\/div>\n<\/div>\n<div class=\"owl-item active\">\n<div class=\"single-product\">\n<div class=\"image-info\"><\/div>\n<\/div>\n<\/div>\n<div class=\"owl-item active\">\n<div class=\"single-product\">\n<div class=\"image-info\">\n<h3><\/h3>\n<\/div>\n<\/div>\n<\/div>\n<\/div>\n<\/div>\n<div class=\"owl-nav\">\n<div class=\"owl-prev\"><\/div>\n<div class=\"owl-next disabled\"><\/div>\n<\/div>\n<\/div>\n<\/div>\n<\/section>\n<footer class=\"footer-area \">\n<div class=\"container\">\n<div class=\"row justify-content-between\">\n<div class=\"col-sm-6 col-md-3 col-xl-4\"><\/div>\n<\/div>\n<\/div>\n<\/footer>\n","protected":false},"featured_media":10867,"template":"","meta":{"_joinchat":[]},"product_brand":[],"product_cat":[15,688],"product_tag":[442,443,440,441,439,438],"class_list":{"0":"post-8365","1":"product","2":"type-product","3":"status-publish","4":"has-post-thumbnail","6":"product_cat-genel","7":"product_cat-konveyor","8":"product_tag-galvaniz-telli-konveyor","9":"product_tag-paslanmaz-telli-konveyor","10":"product_tag-sicak-demir-tasima","11":"product_tag-sicak-metal-tasima-konveyoru","12":"product_tag-sicak-urun-tasima-konveyoru","13":"product_tag-tel-bantli-konveyor","15":"first","16":"instock","17":"shipping-taxable","18":"product-type-simple"},"aioseo_notices":[],"_links":{"self":[{"href":"https:\/\/elevatorsan.com\/ru\/wp-json\/wp\/v2\/product\/8365","targetHints":{"allow":["GET"]}}],"collection":[{"href":"https:\/\/elevatorsan.com\/ru\/wp-json\/wp\/v2\/product"}],"about":[{"href":"https:\/\/elevatorsan.com\/ru\/wp-json\/wp\/v2\/types\/product"}],"version-history":[{"count":4,"href":"https:\/\/elevatorsan.com\/ru\/wp-json\/wp\/v2\/product\/8365\/revisions"}],"predecessor-version":[{"id":10888,"href":"https:\/\/elevatorsan.com\/ru\/wp-json\/wp\/v2\/product\/8365\/revisions\/10888"}],"wp:featuredmedia":[{"embeddable":true,"href":"https:\/\/elevatorsan.com\/ru\/wp-json\/wp\/v2\/media\/10867"}],"wp:attachment":[{"href":"https:\/\/elevatorsan.com\/ru\/wp-json\/wp\/v2\/media?parent=8365"}],"wp:term":[{"taxonomy":"product_brand","embeddable":true,"href":"https:\/\/elevatorsan.com\/ru\/wp-json\/wp\/v2\/product_brand?post=8365"},{"taxonomy":"product_cat","embeddable":true,"href":"https:\/\/elevatorsan.com\/ru\/wp-json\/wp\/v2\/product_cat?post=8365"},{"taxonomy":"product_tag","embeddable":true,"href":"https:\/\/elevatorsan.com\/ru\/wp-json\/wp\/v2\/product_tag?post=8365"}],"curies":[{"name":"wp","href":"https:\/\/api.w.org\/{rel}","templated":true}]}}