{"id":8379,"date":"2024-02-27T20:54:58","date_gmt":"2024-02-27T17:54:58","guid":{"rendered":"https:\/\/elevatorsan.com\/?post_type=product&#038;p=8379"},"modified":"2026-04-22T11:34:22","modified_gmt":"2026-04-22T08:34:22","slug":"karistiricili-helezon","status":"publish","type":"product","link":"https:\/\/elevatorsan.com\/ru\/urun\/karistiricili-helezon\/","title":{"rendered":"Kar\u0131\u015ft\u0131r\u0131c\u0131l\u0131 Mikserli Helezon"},"content":{"rendered":"<p>\u2022 Tamamen AISI 304 paslanmaz krom g\u00f6vde, hazne, mikser ve helezon<\/p>\n<p>\u2022 Y\u00fcksek verimlilik i\u00e7in helezon ve g\u00f6vde boyutlar\u0131n\u0131n m\u00fckemmel kombinasyonu<\/p>\n<p>\u2022 S\u00f6k\u00fcl\u00fcp tak\u0131labilir yiv-set sayesinde makinan\u0131n temizli\u011fi gayet kolayd\u0131r.<\/p>\n<p>\u2022 Kar\u0131\u015ft\u0131r\u0131c\u0131l\u0131 sistem<\/p>\n<p>\u2022 Y\u0131lmaz Redikt\u00f6rl\u00fc sistem<\/p>\n","protected":false},"excerpt":{"rendered":"<h2>Besleme Helezonu<\/h2>\n<div class=\"clearfix\"><\/div>\n<p class=\"text-justify\">Besleme helezonlar\u0131 taneli ve toz \u00fcr\u00fcnlerin yatay ta\u015f\u0131nmas\u0131nda kullan\u0131l\u0131r.<\/p>\n<p>\u0130ste\u011fe ve \u00fcr\u00fcn\u00fcn \u00f6zelli\u011fine g\u00f6re kar\u0131\u015ft\u0131r\u0131c\u0131l\u0131 olarak tasarlanmaktad\u0131r.<\/p>\n<p>De\u011fi\u015fik tip ve kapasitelerde imal edilmektedir.<\/p>\n<p>Kolay kurulum ve rahat ta\u015f\u0131nabilir.<\/p>\n","protected":false},"featured_media":8380,"template":"","meta":{"_joinchat":[]},"product_brand":[],"product_cat":[15,689],"product_tag":[484,481,478,479,483,482,480],"class_list":{"0":"post-8379","1":"product","2":"type-product","3":"status-publish","4":"has-post-thumbnail","6":"product_cat-genel","7":"product_cat-helezon","8":"product_tag-3-in-1-mikser-karistirma","9":"product_tag-gida-karistirici-helezonlu","10":"product_tag-karistiricili-helezon","11":"product_tag-mikserli-helezon","12":"product_tag-nescafe-karistirici","13":"product_tag-paslanmaz-karistirmali-helezon","14":"product_tag-toz-karistirici-helezon","16":"first","17":"instock","18":"shipping-taxable","19":"product-type-simple"},"aioseo_notices":[],"_links":{"self":[{"href":"https:\/\/elevatorsan.com\/ru\/wp-json\/wp\/v2\/product\/8379","targetHints":{"allow":["GET"]}}],"collection":[{"href":"https:\/\/elevatorsan.com\/ru\/wp-json\/wp\/v2\/product"}],"about":[{"href":"https:\/\/elevatorsan.com\/ru\/wp-json\/wp\/v2\/types\/product"}],"version-history":[{"count":5,"href":"https:\/\/elevatorsan.com\/ru\/wp-json\/wp\/v2\/product\/8379\/revisions"}],"predecessor-version":[{"id":11063,"href":"https:\/\/elevatorsan.com\/ru\/wp-json\/wp\/v2\/product\/8379\/revisions\/11063"}],"wp:featuredmedia":[{"embeddable":true,"href":"https:\/\/elevatorsan.com\/ru\/wp-json\/wp\/v2\/media\/8380"}],"wp:attachment":[{"href":"https:\/\/elevatorsan.com\/ru\/wp-json\/wp\/v2\/media?parent=8379"}],"wp:term":[{"taxonomy":"product_brand","embeddable":true,"href":"https:\/\/elevatorsan.com\/ru\/wp-json\/wp\/v2\/product_brand?post=8379"},{"taxonomy":"product_cat","embeddable":true,"href":"https:\/\/elevatorsan.com\/ru\/wp-json\/wp\/v2\/product_cat?post=8379"},{"taxonomy":"product_tag","embeddable":true,"href":"https:\/\/elevatorsan.com\/ru\/wp-json\/wp\/v2\/product_tag?post=8379"}],"curies":[{"name":"wp","href":"https:\/\/api.w.org\/{rel}","templated":true}]}}