{"id":8398,"date":"2024-02-27T21:03:12","date_gmt":"2024-02-27T18:03:12","guid":{"rendered":"https:\/\/elevatorsan.com\/?post_type=product&#038;p=8398"},"modified":"2026-04-22T11:33:08","modified_gmt":"2026-04-22T08:33:08","slug":"devirmeli-z-elevator-kovasi","status":"publish","type":"product","link":"https:\/\/elevatorsan.com\/ru\/urun\/devirmeli-z-elevator-kovasi\/","title":{"rendered":"Devirmeli Z Elevat\u00f6r Kovas\u0131"},"content":{"rendered":"<h4 class=\"content-title title--fluid is-3 ng-binding\">DDK-300-500-700mm D\u0130\u015eL\u0130 DEV\u0130RMEL\u0130 ELEVAT\u00d6R KOVASI<\/h4>\n<div class=\"content-author\"><\/div>\n<div class=\"description\">\n<div class=\"ng-isolate-scope\" style=\"box-sizing: border-box; margin: 0px; padding: 0px; border: 0px; font: inherit; vertical-align: baseline;\">\n<div class=\"readMoreContentContainer text-overflow\">\n<p>Plastik elevat\u00f6r kovas\u0131 genellikle tar\u0131m, g\u0131da i\u015fleme, madencilik ve in\u015faat gibi sekt\u00f6rlerde malzeme ta\u015f\u0131ma sistemlerinde kullan\u0131lan bir \u00fcr\u00fcnd\u00fcr. Elevat\u00f6r kovalar\u0131, dikey veya e\u011fimli malzemelerin ta\u015f\u0131nmas\u0131na y\u00f6nelik belirlenmi\u015f bir sistemde \u00f6nemli bir rol oynar. Plastik yap\u0131 versiyonlar\u0131 hafif olmas\u0131, da\u011f\u0131lma ve \u00e7arp\u0131lmaya kar\u015f\u0131 dayan\u0131kl\u0131 olmas\u0131 nedeniyle tercih edilmektedir.<\/p>\n<\/div>\n<\/div>\n<\/div>\n<table class=\"paleBlueRows\" width=\"1215\">\n<thead>\n<tr>\n<th>\u00dcR\u00dcN KODU<\/th>\n<th colspan=\"6\">BOYUTLAR<\/th>\n<th>Z\u0130NC\u0130R<\/th>\n<\/tr>\n<\/thead>\n<tbody>\n<tr>\n<td><\/td>\n<td>A<\/td>\n<td>B<\/td>\n<td>C<\/td>\n<td>E<\/td>\n<td>F<\/td>\n<td>G<\/td>\n<td><\/td>\n<\/tr>\n<tr>\n<td>DDK-300<\/td>\n<td>310<\/td>\n<td>304<\/td>\n<td>378<\/td>\n<td>150<\/td>\n<td>107<\/td>\n<td>190,5<\/td>\n<td>3\/4\u2033 P\u0130ML\u0130<\/td>\n<\/tr>\n<tr>\n<td>DDK-500<\/td>\n<td>510<\/td>\n<td>506<\/td>\n<td>580<\/td>\n<td>150<\/td>\n<td>107<\/td>\n<td>190,5<\/td>\n<td>3\/4\u2033 P\u0130ML\u0130<\/td>\n<\/tr>\n<tr>\n<td>DDK-700<\/td>\n<td>710<\/td>\n<td>705<\/td>\n<td>785<\/td>\n<td>150<\/td>\n<td>107<\/td>\n<td>190,5<\/td>\n<td>3\/4\u2033 P\u0130ML\u0130<\/td>\n<\/tr>\n<\/tbody>\n<\/table>\n","protected":false},"excerpt":{"rendered":"<h4 class=\"content-title title--fluid is-3 ng-binding\">DDK-300-500-700mm D\u0130\u015eL\u0130 DEV\u0130RMEL\u0130 ELEVAT\u00d6R KOVASI<\/h4>\n<div class=\"content-author\"><\/div>\n<div class=\"description\">\n<div class=\"ng-isolate-scope\" style=\"box-sizing: border-box; margin: 0px; padding: 0px; border: 0px; font: inherit; vertical-align: baseline;\">\n<div class=\"readMoreContentContainer text-overflow\">\n<p>Plastik elevat\u00f6r kovas\u0131 genellikle tar\u0131m, g\u0131da i\u015fleme, madencilik ve in\u015faat gibi sekt\u00f6rlerde malzeme ta\u015f\u0131ma sistemlerinde kullan\u0131lan bir \u00fcr\u00fcnd\u00fcr. Elevat\u00f6r kovalar\u0131, dikey veya e\u011fimli malzemelerin ta\u015f\u0131nmas\u0131na y\u00f6nelik belirlenmi\u015f bir sistemde \u00f6nemli bir rol oynar. Plastik yap\u0131 versiyonlar\u0131 hafif olmas\u0131, da\u011f\u0131lma ve \u00e7arp\u0131lmaya kar\u015f\u0131 dayan\u0131kl\u0131 olmas\u0131 nedeniyle tercih edilmektedir.<\/p>\n<\/div>\n<\/div>\n<\/div>\n<table class=\"paleBlueRows\" width=\"1215\">\n<thead>\n<tr>\n<th>\u00dcR\u00dcN KODU<\/th>\n<th colspan=\"6\">BOYUTLAR<\/th>\n<th>Z\u0130NC\u0130R<\/th>\n<\/tr>\n<\/thead>\n<tbody>\n<tr>\n<td><\/td>\n<td>A<\/td>\n<td>B<\/td>\n<td>C<\/td>\n<td>E<\/td>\n<td>F<\/td>\n<td>G<\/td>\n<td><\/td>\n<\/tr>\n<tr>\n<td>DDK-300<\/td>\n<td>310<\/td>\n<td>304<\/td>\n<td>378<\/td>\n<td>150<\/td>\n<td>107<\/td>\n<td>190,5<\/td>\n<td>3\/4\u2033 P\u0130ML\u0130<\/td>\n<\/tr>\n<tr>\n<td>DDK-500<\/td>\n<td>510<\/td>\n<td>506<\/td>\n<td>580<\/td>\n<td>150<\/td>\n<td>107<\/td>\n<td>190,5<\/td>\n<td>3\/4\u2033 P\u0130ML\u0130<\/td>\n<\/tr>\n<tr>\n<td>DDK-700<\/td>\n<td>710<\/td>\n<td>705<\/td>\n<td>785<\/td>\n<td>150<\/td>\n<td>107<\/td>\n<td>190,5<\/td>\n<td>3\/4\u2033 P\u0130ML\u0130<\/td>\n<\/tr>\n<\/tbody>\n<\/table>\n","protected":false},"featured_media":11369,"template":"","meta":{"_joinchat":[]},"product_brand":[],"product_cat":[15,694],"product_tag":[578,579,580,573,577,572,555,574,576,575],"class_list":{"0":"post-8398","1":"product","2":"type-product","3":"status-publish","4":"has-post-thumbnail","6":"product_cat-genel","7":"product_cat-yedek-parca","8":"product_tag-300luk-kova","9":"product_tag-500luk-kova","10":"product_tag-700-luk-kova","11":"product_tag-devirmeli-dislili-kefe","12":"product_tag-devirmeli-elevator-beyaz-kova","13":"product_tag-devirmeli-elevator-kovasi","14":"product_tag-elevator-plastik-kova","15":"product_tag-gida-tasima-kova","16":"product_tag-hububat-tasima-kovasi","17":"product_tag-makine-kefe-plastik","19":"first","20":"instock","21":"shipping-taxable","22":"product-type-simple"},"aioseo_notices":[],"_links":{"self":[{"href":"https:\/\/elevatorsan.com\/ru\/wp-json\/wp\/v2\/product\/8398","targetHints":{"allow":["GET"]}}],"collection":[{"href":"https:\/\/elevatorsan.com\/ru\/wp-json\/wp\/v2\/product"}],"about":[{"href":"https:\/\/elevatorsan.com\/ru\/wp-json\/wp\/v2\/types\/product"}],"version-history":[{"count":4,"href":"https:\/\/elevatorsan.com\/ru\/wp-json\/wp\/v2\/product\/8398\/revisions"}],"predecessor-version":[{"id":11378,"href":"https:\/\/elevatorsan.com\/ru\/wp-json\/wp\/v2\/product\/8398\/revisions\/11378"}],"wp:featuredmedia":[{"embeddable":true,"href":"https:\/\/elevatorsan.com\/ru\/wp-json\/wp\/v2\/media\/11369"}],"wp:attachment":[{"href":"https:\/\/elevatorsan.com\/ru\/wp-json\/wp\/v2\/media?parent=8398"}],"wp:term":[{"taxonomy":"product_brand","embeddable":true,"href":"https:\/\/elevatorsan.com\/ru\/wp-json\/wp\/v2\/product_brand?post=8398"},{"taxonomy":"product_cat","embeddable":true,"href":"https:\/\/elevatorsan.com\/ru\/wp-json\/wp\/v2\/product_cat?post=8398"},{"taxonomy":"product_tag","embeddable":true,"href":"https:\/\/elevatorsan.com\/ru\/wp-json\/wp\/v2\/product_tag?post=8398"}],"curies":[{"name":"wp","href":"https:\/\/api.w.org\/{rel}","templated":true}]}}